{"id":2379,"date":"2023-07-09T11:14:56","date_gmt":"2023-07-09T04:14:56","guid":{"rendered":"https:\/\/toangiamayvanphong.vn\/?post_type=product&#038;p=2379"},"modified":"2026-04-26T18:05:41","modified_gmt":"2026-04-26T11:05:41","slug":"giay-dan-gia","status":"publish","type":"product","link":"https:\/\/toangiamayvanphong.vn\/?product=giay-dan-gia","title":{"rendered":"Gi\u1ea5y d\u00e1n gi\u00e1"},"content":{"rendered":"<div>\n<p><img decoding=\"async\" class=\"emoji\" role=\"img\" draggable=\"false\" src=\"https:\/\/s.w.org\/images\/core\/emoji\/14.0.0\/svg\/1f308.svg\" alt=\"?\" \/><img decoding=\"async\" class=\"emoji\" role=\"img\" draggable=\"false\" src=\"https:\/\/s.w.org\/images\/core\/emoji\/14.0.0\/svg\/1f308.svg\" alt=\"?\" \/><img decoding=\"async\" class=\"emoji\" role=\"img\" draggable=\"false\" src=\"https:\/\/s.w.org\/images\/core\/emoji\/14.0.0\/svg\/1f308.svg\" alt=\"?\" \/>Gi\u1ea5y d\u00e1n gi\u00e1<\/p>\n<p>-Gi\u1ea5y d\u00e1n gi\u00e1 ti\u1ec1n l\u00e0 gi\u1ea5y c\u00f3 keo d\u00e1n, ghi gi\u00e1 ti\u1ec1n ho\u1eb7c b\u1ea5m gi\u00e1 ti\u1ec1n d\u00e1n l\u00ean s\u1ea3n ph\u1ea9m.<\/p>\n<p>-S\u1ea3n ph\u1ea9m c\u00f3 d\u1ea1ng cu\u1ed9n m\u00e0u tr\u1eafng, cu\u1ed9n gi\u1ea5y c\u00f3 \u0111\u01b0\u1eddng c\u1eaft s\u1eb5n cho t\u1eebng mi\u1ebfng d\u00e1n v\u00e0 m\u1ed9t m\u1eb7t nh\u00e1m \u0111\u1ec3 vi\u1ebft ho\u1eb7c in gi\u00e1 ti\u1ec1n, m\u1eb7t b\u00ean d\u01b0\u1edbi c\u00f3 keo d\u00e1n thu\u1eadn ti\u1ec7n cho vi\u1ec7c ghi ch\u00fa gi\u00e1 l\u00ean c\u00e1c s\u1ea3n ph\u1ea9m.<\/p>\n<p>-S\u1ea3n ph\u1ea9m c\u00f3 th\u1ec3 d\u00f9ng l\u1eafp v\u00e0o c\u00e1c m\u00e1y b\u1eafn gi\u00e1 ho\u1eb7c vi\u1ebft tay.<\/p>\n<p>-S\u1ea3n ph\u1ea9m ph\u00f9 h\u1ee3p cho c\u00e1c si\u00eau th\u1ecb v\u00e0 shop qu\u1ea7n \u00e1o, t\u1ea1p h\u00f3a b\u00e1n bu\u00f4n b\u00e1n l\u1ebb&#8230;..<\/p>\n<p>-M\u00e0u s\u1eafc : Tr\u1eafng<\/p>\n<p>-\u0110\u00f3ng g\u00f3i : 10 cu\u1ed9n \/ 1 c\u00e2y<\/p>\n<\/div>\n<p>C\u00d4NG TY TNHH TM-DV \u0110\u1ea6U T\u01af &amp; PH\u00c1T TRI\u1ec2N C\u00d4NG NGH\u1ec6 TO\u00c0N GIA<\/p>\n<p>VPGD: ng\u00f5 88 ph\u1ed1 Gi\u00e1p Nh\u1ecb, Th\u1ecbnh Li\u1ec7t, Ho\u00e0ng Mai, H\u00e0 N\u1ed9i<\/p>\n<p>X\u01b0\u1edfng s\u1ea3n xu\u1ea5t: L\u1ea1c \u0110\u1ea1o, V\u0103n L\u00e2m, H\u01b0ng Y\u00ean<\/p>\n<p>M\u1ecdi nhu c\u1ea7u Li\u00ean h\u1ec7:<\/p>\n<p>???Hotline: 094 3030 117???<\/p>\n<p>Ph\u00f2ng Kinh doanh: 0918 92 55 22<\/p>\n<p>Ph\u00f2ng K\u1ef9 thu\u1eadt: 0918 26 55 22<\/p>\n<p>Ph\u00f2ng K\u1ebf to\u00e1n: 0916 49 88 22<\/p>\n<p>Tell: 024 3995 0208 \/ 0916 35 88 22<\/p>\n<p>Gmail: <a href=\"mailto:toangiamayvanphong@gmail.com\">toangiamayvanphong@gmail.com<\/a><\/p>\n<p>Web: <u>https:\/\/toangiamayvanphong.vn\/<\/u><\/p>\n","protected":false},"excerpt":{"rendered":"<p><img decoding=\"async\" class=\"emoji\" role=\"img\" draggable=\"false\" src=\"https:\/\/s.w.org\/images\/core\/emoji\/14.0.0\/svg\/1f308.svg\" alt=\"?\" \/><img decoding=\"async\" class=\"emoji\" role=\"img\" draggable=\"false\" src=\"https:\/\/s.w.org\/images\/core\/emoji\/14.0.0\/svg\/1f308.svg\" alt=\"?\" \/><img decoding=\"async\" class=\"emoji\" role=\"img\" draggable=\"false\" src=\"https:\/\/s.w.org\/images\/core\/emoji\/14.0.0\/svg\/1f308.svg\" alt=\"?\" \/>Gi\u1ea5y d\u00e1n gi\u00e1<\/p>\n<p>-Gi\u1ea5y d\u00e1n gi\u00e1 ti\u1ec1n l\u00e0 gi\u1ea5y c\u00f3 keo d\u00e1n, ghi gi\u00e1 ti\u1ec1n ho\u1eb7c b\u1ea5m gi\u00e1 ti\u1ec1n d\u00e1n l\u00ean s\u1ea3n ph\u1ea9m.<\/p>\n<p>-S\u1ea3n ph\u1ea9m c\u00f3 d\u1ea1ng cu\u1ed9n m\u00e0u tr\u1eafng, cu\u1ed9n gi\u1ea5y c\u00f3 \u0111\u01b0\u1eddng c\u1eaft s\u1eb5n cho t\u1eebng mi\u1ebfng d\u00e1n v\u00e0 m\u1ed9t m\u1eb7t nh\u00e1m \u0111\u1ec3 vi\u1ebft ho\u1eb7c in gi\u00e1 ti\u1ec1n, m\u1eb7t b\u00ean d\u01b0\u1edbi c\u00f3 keo d\u00e1n thu\u1eadn ti\u1ec7n cho vi\u1ec7c ghi ch\u00fa gi\u00e1 l\u00ean c\u00e1c s\u1ea3n ph\u1ea9m.<\/p>\n<p>-S\u1ea3n ph\u1ea9m c\u00f3 th\u1ec3 d\u00f9ng l\u1eafp v\u00e0o c\u00e1c m\u00e1y b\u1eafn gi\u00e1 ho\u1eb7c vi\u1ebft tay.<\/p>\n<p>-S\u1ea3n ph\u1ea9m ph\u00f9 h\u1ee3p cho c\u00e1c si\u00eau th\u1ecb v\u00e0 shop qu\u1ea7n \u00e1o, t\u1ea1p h\u00f3a b\u00e1n bu\u00f4n b\u00e1n l\u1ebb&#8230;..<\/p>\n<p>-M\u00e0u s\u1eafc : Tr\u1eafng<\/p>\n<p>-\u0110\u00f3ng g\u00f3i : 10 cu\u1ed9n \/ 1 c\u00e2y<\/p>\n<p>Th\u01b0\u01a1ng hi\u1ec7u:\u00a0 M\u1edaI 100%\u00a0 \u00a0 \u00a0 \u00a0 \u00a0 \u00a0 | T\u00ecnh tr\u1ea1ng : C\u00f2n h\u00e0ng<\/p>\n<p>Vui l\u00f2ng li\u00ean h\u1ec7 \u0111\u1ec3 l\u1ea5y gi\u00e1 g\u1ed1c v\u00e0 khuy\u1ebfn m\u1ea1i<\/p>\n<hr \/>\n<p>Sa\u0309n ph\u00e2\u0309m \u0111\u01b0\u01a1\u0323c ba\u0301n ta\u0323i :<\/p>\n<p>C\u00d4NG TY TNHH TM-DV \u0110\u1ea6U T\u01af &amp; PH\u00c1T TRI\u1ec2N C\u00d4NG NGH\u1ec6 TO\u00c0N GIA<\/p>\n<p>VPGD: ng\u00f5 88 ph\u1ed1 Gi\u00e1p Nh\u1ecb, Th\u1ecbnh Li\u1ec7t, Ho\u00e0ng Mai, H\u00e0 N\u1ed9i<\/p>\n<p>X\u01b0\u1edfng s\u1ea3n xu\u1ea5t: L\u1ea1c \u0110\u1ea1o, V\u0103n L\u00e2m, H\u01b0ng Y\u00ean<\/p>\n<p>M\u1ecdi nhu c\u1ea7u Li\u00ean h\u1ec7:<\/p>\n<p><span style=\"color: #ff0000;\">???Hotline: 094 3030 117???<\/span><\/p>\n<p>Ph\u00f2ng Kinh doanh: 0918 92 55 22<\/p>\n<p>Ph\u00f2ng K\u1ef9 thu\u1eadt: 0918 26 55 22<\/p>\n<p>Ph\u00f2ng K\u1ebf to\u00e1n: 0916 49 88 22<\/p>\n<p>Tell: 024 3995 0208 \/ 0916 35 88 22<\/p>\n<p>Gmail: <a href=\"mailto:toangiamayvanphong@gmail.com\">toangiamayvanphong@gmail.com<\/a><\/p>\n<p>Web: <u>https:\/\/toangiamayvanphong.vn\/<\/u><\/p>\n<p>&nbsp;<\/p>\n","protected":false},"featured_media":1949,"comment_status":"open","ping_status":"closed","template":"","meta":[],"product_brand":[],"product_cat":[158],"product_tag":[304,305],"class_list":{"0":"post-2379","1":"product","2":"type-product","3":"status-publish","4":"has-post-thumbnail","6":"product_cat-van-phong-pham","7":"product_tag-giay-dan-gia","8":"product_tag-tem-gia","10":"first","11":"instock","12":"taxable","13":"shipping-taxable","14":"product-type-simple"},"_links":{"self":[{"href":"https:\/\/toangiamayvanphong.vn\/index.php?rest_route=\/wp\/v2\/product\/2379","targetHints":{"allow":["GET"]}}],"collection":[{"href":"https:\/\/toangiamayvanphong.vn\/index.php?rest_route=\/wp\/v2\/product"}],"about":[{"href":"https:\/\/toangiamayvanphong.vn\/index.php?rest_route=\/wp\/v2\/types\/product"}],"replies":[{"embeddable":true,"href":"https:\/\/toangiamayvanphong.vn\/index.php?rest_route=%2Fwp%2Fv2%2Fcomments&post=2379"}],"wp:featuredmedia":[{"embeddable":true,"href":"https:\/\/toangiamayvanphong.vn\/index.php?rest_route=\/wp\/v2\/media\/1949"}],"wp:attachment":[{"href":"https:\/\/toangiamayvanphong.vn\/index.php?rest_route=%2Fwp%2Fv2%2Fmedia&parent=2379"}],"wp:term":[{"taxonomy":"product_brand","embeddable":true,"href":"https:\/\/toangiamayvanphong.vn\/index.php?rest_route=%2Fwp%2Fv2%2Fproduct_brand&post=2379"},{"taxonomy":"product_cat","embeddable":true,"href":"https:\/\/toangiamayvanphong.vn\/index.php?rest_route=%2Fwp%2Fv2%2Fproduct_cat&post=2379"},{"taxonomy":"product_tag","embeddable":true,"href":"https:\/\/toangiamayvanphong.vn\/index.php?rest_route=%2Fwp%2Fv2%2Fproduct_tag&post=2379"}],"curies":[{"name":"wp","href":"https:\/\/api.w.org\/{rel}","templated":true}]}}