{"id":2382,"date":"2023-07-09T11:14:57","date_gmt":"2023-07-09T04:14:57","guid":{"rendered":"https:\/\/toangiamayvanphong.vn\/?post_type=product&#038;p=2382"},"modified":"2026-04-26T18:05:47","modified_gmt":"2026-04-26T11:05:47","slug":"tui-ho-so-xi-mang","status":"publish","type":"product","link":"https:\/\/toangiamayvanphong.vn\/?product=tui-ho-so-xi-mang","title":{"rendered":"T\u00fai H\u1ed3 S\u01a1 Xi M\u0103ng"},"content":{"rendered":"<div>\n<p><img decoding=\"async\" class=\"emoji\" role=\"img\" draggable=\"false\" src=\"https:\/\/s.w.org\/images\/core\/emoji\/14.0.0\/svg\/1f308.svg\" alt=\"?\" \/><img decoding=\"async\" class=\"emoji\" role=\"img\" draggable=\"false\" src=\"https:\/\/s.w.org\/images\/core\/emoji\/14.0.0\/svg\/1f308.svg\" alt=\"?\" \/><img decoding=\"async\" class=\"emoji\" role=\"img\" draggable=\"false\" src=\"https:\/\/s.w.org\/images\/core\/emoji\/14.0.0\/svg\/1f308.svg\" alt=\"?\" \/>T\u00fai H\u1ed3 S\u01a1 Xi M\u0103ng Lo\u1ea1i D\u00e0y<\/p>\n<p>T\u00fai \u0111\u1ef1ng h\u1ed3 s\u01a1 gi\u1ea5y xi m\u0103ng l\u00e0 lo\u1ea1i t\u00fai \u0111\u1ef1ng h\u1ed3 s\u01a1 gi\u00e1 r\u1ebb \u0111\u01b0\u1ee3c s\u1eed d\u1ee5ng nhi\u1ec1u nh\u1ea5t, c\u00f3 nhi\u1ec1u m\u1eabu m\u00e3 v\u00e0 k\u00edch th\u01b0\u1edbc.<\/p>\n<p>\u0110\u1eb7c \u0111i\u1ec3m :<\/p>\n<p>+ Ch\u1ea5t li\u1ec7u gi\u1ea5y b\u00eca d\u00e0y, ch\u1eafc ch\u1eafn., c\u00f3 d\u00e2y bu\u1ed9c<\/p>\n<p>+ S\u1eed d\u1ee5ng ph\u00f9 h\u1ee3p v\u1edbi kh\u1ed5 gi\u1ea5y A4, c\u00f3 th\u1ec3 l\u01b0u tr\u1eef \u0111\u01b0\u1ee3c 50 t\u1edd A4.<\/p>\n<p>+ Ph\u00f9 h\u1ee3p \u0111\u1ef1ng h\u1ed3 s\u01a1, gi\u1ea5y t\u1edd t\u00e0i li\u1ec7u<\/p>\n<p>\u0110\u00f3ng g\u00f3i : 100 chi\u1ebfc\/ l\u1ed1<\/p>\n<p>Xu\u1ea5t x\u1ee9 : Vi\u1ec7t Nam B\u1ea3o qu\u1ea3n: tr\u00e1nh n\u01a1i \u1ea9m th\u1ea5m, kh\u00f4ng \u0111\u1ef1ng nhi\u1ec1u gi\u1ea5y t\u1edd trong 1 t\u00fai kh\u00f3 b\u1ea3o qu\u1ea3n.<\/p>\n<\/div>\n<p>C\u00d4NG TY TNHH TM-DV \u0110\u1ea6U T\u01af &amp; PH\u00c1T TRI\u1ec2N C\u00d4NG NGH\u1ec6 TO\u00c0N GIA<\/p>\n<p>VPGD: ng\u00f5 88 ph\u1ed1 Gi\u00e1p Nh\u1ecb, Th\u1ecbnh Li\u1ec7t, Ho\u00e0ng Mai, H\u00e0 N\u1ed9i<\/p>\n<p>X\u01b0\u1edfng s\u1ea3n xu\u1ea5t: L\u1ea1c \u0110\u1ea1o, V\u0103n L\u00e2m, H\u01b0ng Y\u00ean<\/p>\n<p>M\u1ecdi nhu c\u1ea7u Li\u00ean h\u1ec7:<\/p>\n<p>???Hotline: 094 3030 117???<\/p>\n<p>Ph\u00f2ng Kinh doanh: 0918 92 55 22<\/p>\n<p>Ph\u00f2ng K\u1ef9 thu\u1eadt: 0918 26 55 22<\/p>\n<p>Ph\u00f2ng K\u1ebf to\u00e1n: 0916 49 88 22<\/p>\n<p>Tell: 024 3995 0208 \/ 0916 35 88 22<\/p>\n<p>Gmail: <a href=\"mailto:toangiamayvanphong@gmail.com\">toangiamayvanphong@gmail.com<\/a><\/p>\n<p>Web: <u>https:\/\/toangiamayvanphong.vn\/<\/u><\/p>\n","protected":false},"excerpt":{"rendered":"<p><img decoding=\"async\" class=\"emoji\" role=\"img\" draggable=\"false\" src=\"https:\/\/s.w.org\/images\/core\/emoji\/14.0.0\/svg\/1f308.svg\" alt=\"?\" \/><img decoding=\"async\" class=\"emoji\" role=\"img\" draggable=\"false\" src=\"https:\/\/s.w.org\/images\/core\/emoji\/14.0.0\/svg\/1f308.svg\" alt=\"?\" \/><img decoding=\"async\" class=\"emoji\" role=\"img\" draggable=\"false\" src=\"https:\/\/s.w.org\/images\/core\/emoji\/14.0.0\/svg\/1f308.svg\" alt=\"?\" \/>T\u00fai H\u1ed3 S\u01a1 Xi M\u0103ng Lo\u1ea1i D\u00e0y<\/p>\n<p>T\u00fai \u0111\u1ef1ng h\u1ed3 s\u01a1 gi\u1ea5y xi m\u0103ng l\u00e0 lo\u1ea1i t\u00fai \u0111\u1ef1ng h\u1ed3 s\u01a1 gi\u00e1 r\u1ebb \u0111\u01b0\u1ee3c s\u1eed d\u1ee5ng nhi\u1ec1u nh\u1ea5t, c\u00f3 nhi\u1ec1u m\u1eabu m\u00e3 v\u00e0 k\u00edch th\u01b0\u1edbc.<\/p>\n<p>\u0110\u1eb7c \u0111i\u1ec3m :<\/p>\n<p>+ Ch\u1ea5t li\u1ec7u gi\u1ea5y b\u00eca d\u00e0y, ch\u1eafc ch\u1eafn., c\u00f3 d\u00e2y bu\u1ed9c<\/p>\n<p>+ S\u1eed d\u1ee5ng ph\u00f9 h\u1ee3p v\u1edbi kh\u1ed5 gi\u1ea5y A4, c\u00f3 th\u1ec3 l\u01b0u tr\u1eef \u0111\u01b0\u1ee3c 50 t\u1edd A4.<\/p>\n<p>+ Ph\u00f9 h\u1ee3p \u0111\u1ef1ng h\u1ed3 s\u01a1, gi\u1ea5y t\u1edd t\u00e0i li\u1ec7u<\/p>\n<p>\u0110\u00f3ng g\u00f3i : 100 chi\u1ebfc\/ l\u1ed1<\/p>\n<p>Xu\u1ea5t x\u1ee9 : Vi\u1ec7t Nam B\u1ea3o qu\u1ea3n: tr\u00e1nh n\u01a1i \u1ea9m th\u1ea5m, kh\u00f4ng \u0111\u1ef1ng nhi\u1ec1u gi\u1ea5y t\u1edd trong 1 t\u00fai kh\u00f3 b\u1ea3o qu\u1ea3n.<\/p>\n<p>Th\u01b0\u01a1ng hi\u1ec7u:\u00a0 M\u1edaI 100%\u00a0 \u00a0 \u00a0 \u00a0 \u00a0 \u00a0 | T\u00ecnh tr\u1ea1ng : C\u00f2n h\u00e0ng<\/p>\n<p>Vui l\u00f2ng li\u00ean h\u1ec7 \u0111\u1ec3 l\u1ea5y gi\u00e1 g\u1ed1c v\u00e0 khuy\u1ebfn m\u1ea1i<\/p>\n<hr \/>\n<p>Sa\u0309n ph\u00e2\u0309m \u0111\u01b0\u01a1\u0323c ba\u0301n ta\u0323i :<\/p>\n<p>C\u00d4NG TY TNHH TM-DV \u0110\u1ea6U T\u01af &amp; PH\u00c1T TRI\u1ec2N C\u00d4NG NGH\u1ec6 TO\u00c0N GIA<\/p>\n<p>VPGD: ng\u00f5 88 ph\u1ed1 Gi\u00e1p Nh\u1ecb, Th\u1ecbnh Li\u1ec7t, Ho\u00e0ng Mai, H\u00e0 N\u1ed9i<\/p>\n<p>X\u01b0\u1edfng s\u1ea3n xu\u1ea5t: L\u1ea1c \u0110\u1ea1o, V\u0103n L\u00e2m, H\u01b0ng Y\u00ean<\/p>\n<p>M\u1ecdi nhu c\u1ea7u Li\u00ean h\u1ec7:<\/p>\n<p><span style=\"color: #ff0000;\">???Hotline: 094 3030 117???<\/span><\/p>\n<p>Ph\u00f2ng Kinh doanh: 0918 92 55 22<\/p>\n<p>Ph\u00f2ng K\u1ef9 thu\u1eadt: 0918 26 55 22<\/p>\n<p>Ph\u00f2ng K\u1ebf to\u00e1n: 0916 49 88 22<\/p>\n<p>Tell: 024 3995 0208 \/ 0916 35 88 22<\/p>\n<p>Gmail: <a href=\"mailto:toangiamayvanphong@gmail.com\">toangiamayvanphong@gmail.com<\/a><\/p>\n<p>Web: <u>https:\/\/toangiamayvanphong.vn\/<\/u><\/p>\n<p>&nbsp;<\/p>\n","protected":false},"featured_media":1952,"comment_status":"open","ping_status":"closed","template":"","meta":[],"product_brand":[],"product_cat":[158],"product_tag":[308],"class_list":{"0":"post-2382","1":"product","2":"type-product","3":"status-publish","4":"has-post-thumbnail","6":"product_cat-van-phong-pham","7":"product_tag-tui-dung-ho-so","9":"first","10":"instock","11":"taxable","12":"shipping-taxable","13":"product-type-simple"},"_links":{"self":[{"href":"https:\/\/toangiamayvanphong.vn\/index.php?rest_route=\/wp\/v2\/product\/2382","targetHints":{"allow":["GET"]}}],"collection":[{"href":"https:\/\/toangiamayvanphong.vn\/index.php?rest_route=\/wp\/v2\/product"}],"about":[{"href":"https:\/\/toangiamayvanphong.vn\/index.php?rest_route=\/wp\/v2\/types\/product"}],"replies":[{"embeddable":true,"href":"https:\/\/toangiamayvanphong.vn\/index.php?rest_route=%2Fwp%2Fv2%2Fcomments&post=2382"}],"wp:featuredmedia":[{"embeddable":true,"href":"https:\/\/toangiamayvanphong.vn\/index.php?rest_route=\/wp\/v2\/media\/1952"}],"wp:attachment":[{"href":"https:\/\/toangiamayvanphong.vn\/index.php?rest_route=%2Fwp%2Fv2%2Fmedia&parent=2382"}],"wp:term":[{"taxonomy":"product_brand","embeddable":true,"href":"https:\/\/toangiamayvanphong.vn\/index.php?rest_route=%2Fwp%2Fv2%2Fproduct_brand&post=2382"},{"taxonomy":"product_cat","embeddable":true,"href":"https:\/\/toangiamayvanphong.vn\/index.php?rest_route=%2Fwp%2Fv2%2Fproduct_cat&post=2382"},{"taxonomy":"product_tag","embeddable":true,"href":"https:\/\/toangiamayvanphong.vn\/index.php?rest_route=%2Fwp%2Fv2%2Fproduct_tag&post=2382"}],"curies":[{"name":"wp","href":"https:\/\/api.w.org\/{rel}","templated":true}]}}