{"id":2384,"date":"2023-07-09T11:15:00","date_gmt":"2023-07-09T04:15:00","guid":{"rendered":"https:\/\/toangiamayvanphong.vn\/?post_type=product&#038;p=2384"},"modified":"2026-04-26T18:05:34","modified_gmt":"2026-04-26T11:05:34","slug":"so-ke-toan-tong-hop","status":"publish","type":"product","link":"https:\/\/toangiamayvanphong.vn\/?product=so-ke-toan-tong-hop","title":{"rendered":"S\u1ed5 k\u1ebf to\u00e1n t\u1ed5ng h\u1ee3p"},"content":{"rendered":"<div>\n<p><img decoding=\"async\" class=\"emoji\" role=\"img\" draggable=\"false\" src=\"https:\/\/s.w.org\/images\/core\/emoji\/14.0.0\/svg\/1f308.svg\" alt=\"?\" \/><img decoding=\"async\" class=\"emoji\" role=\"img\" draggable=\"false\" src=\"https:\/\/s.w.org\/images\/core\/emoji\/14.0.0\/svg\/1f308.svg\" alt=\"?\" \/><img decoding=\"async\" class=\"emoji\" role=\"img\" draggable=\"false\" src=\"https:\/\/s.w.org\/images\/core\/emoji\/14.0.0\/svg\/1f308.svg\" alt=\"?\" \/>S\u1ed5 k\u1ebf to\u00e1n t\u1ed5ng h\u1ee3p<\/p>\n<p><span lang=\"EN-US\">-M\u1eb7t gi\u1ea5y l\u00e1ng m\u1ecbn, vi\u1ebft \u00eam<\/span><\/p>\n<p><span lang=\"EN-US\">-S\u1ed5 k\u1ebf to\u00e1n t\u1ed5ng h\u1ee3p H\u1ea3i Ti\u1ebfn 260 trang c\u00f3 m\u1eb7t gi\u1ea5y l\u00e1ng m\u1ecbn, vi\u1ebft \u00eam tay, t\u1ea1o n\u00e9t ch\u1eef \u0111\u1eb9p. Gi\u1ea5y vi\u1ebft kh\u00f4ng nh\u00f2e, kh\u00f4ng th\u1ea5m m\u1ef1c ra trang sau. Ch\u1ea5t li\u1ec7u gi\u1ea5y kh\u00f4ng b\u1ee5i, \u0111\u1ea3m b\u1ea3o s\u1ee9c kh\u1ecfe cho ng\u01b0\u1eddi s\u1eed d\u1ee5ng. Ru\u1ed9t s\u1ed5 thi\u1ebft k\u1ebf khoa h\u1ecdc, h\u1ee3p l\u00fd, s\u1eed d\u1ee5ng t\u1ed1i \u0111a di\u1ec7n t\u00edch.<\/span><\/p>\n<p><span lang=\"EN-US\">-Thi\u1ebft k\u1ebf g\u00e1y d\u1ec5 l\u1eadt m\u1edf<\/span><\/p>\n<p><span lang=\"EN-US\">-S\u1ed5 k\u1ebb ngang gi\u00fap b\u1ea1n vi\u1ebft ch\u1eef ngay ng\u1eafn, g\u1ecdn g\u00e0ng v\u00e0 \u0111\u1eb9p m\u1eaft. S\u1ea3n ph\u1ea9m \u0103n m\u1ef1c t\u1ed1t v\u1edbi h\u1ea7u h\u1ebft c\u00e1c lo\u1ea1i b\u00fat. S\u1ed5 \u0111\u00f3ng, \u0111\u00e1p \u1ee9ng nhu c\u1ea7u h\u1ecdc t\u1eadp, l\u00e0m vi\u1ec7c c\u1ee7a ng\u01b0\u1eddi s\u1eed d\u1ee5ng. Thi\u1ebft k\u1ebf g\u00e1y s\u1ed5 th\u00f4ng minh, d\u1ec5 d\u00e0ng l\u1eadt m\u1edf c\u00e1c trang khi vi\u1ebft m\u00e0 kh\u00f4ng l\u00e0m bung, h\u1ecfng gi\u1ea5y.\u00a0<\/span><\/p>\n<\/div>\n<p>C\u00d4NG TY TNHH TM-DV \u0110\u1ea6U T\u01af &amp; PH\u00c1T TRI\u1ec2N C\u00d4NG NGH\u1ec6 TO\u00c0N GIA<\/p>\n<p>VPGD: ng\u00f5 88 ph\u1ed1 Gi\u00e1p Nh\u1ecb, Th\u1ecbnh Li\u1ec7t, Ho\u00e0ng Mai, H\u00e0 N\u1ed9i<\/p>\n<p>X\u01b0\u1edfng s\u1ea3n xu\u1ea5t: L\u1ea1c \u0110\u1ea1o, V\u0103n L\u00e2m, H\u01b0ng Y\u00ean<\/p>\n<p>M\u1ecdi nhu c\u1ea7u Li\u00ean h\u1ec7:<\/p>\n<p>???Hotline: 094 3030 117???<\/p>\n<p>Ph\u00f2ng Kinh doanh: 0918 92 55 22<\/p>\n<p>Ph\u00f2ng K\u1ef9 thu\u1eadt: 0918 26 55 22<\/p>\n<p>Ph\u00f2ng K\u1ebf to\u00e1n: 0916 49 88 22<\/p>\n<p>Tell: 024 3995 0208 \/ 0916 35 88 22<\/p>\n<p>Gmail: <a href=\"mailto:toangiamayvanphong@gmail.com\">toangiamayvanphong@gmail.com<\/a><\/p>\n<p>Web: <u>https:\/\/toangiamayvanphong.vn\/<\/u><\/p>\n","protected":false},"excerpt":{"rendered":"<p>&nbsp;<\/p>\n<p>&nbsp;<\/p>\n<p>&nbsp;<\/p>\n<p>S\u1ed5 k\u1ebf to\u00e1n t\u1ed5ng h\u1ee3p<\/p>\n<p>-M\u1eb7t gi\u1ea5y l\u00e1ng m\u1ecbn, vi\u1ebft \u00eam<\/p>\n<p>-S\u1ed5 k\u1ebf to\u00e1n t\u1ed5ng h\u1ee3p H\u1ea3i Ti\u1ebfn 260 trang c\u00f3 m\u1eb7t gi\u1ea5y l\u00e1ng m\u1ecbn, vi\u1ebft \u00eam tay, t\u1ea1o n\u00e9t ch\u1eef \u0111\u1eb9p. Gi\u1ea5y vi\u1ebft kh\u00f4ng nh\u00f2e, kh\u00f4ng th\u1ea5m m\u1ef1c ra trang sau. Ch\u1ea5t li\u1ec7u gi\u1ea5y kh\u00f4ng b\u1ee5i, \u0111\u1ea3m b\u1ea3o s\u1ee9c kh\u1ecfe cho ng\u01b0\u1eddi s\u1eed d\u1ee5ng. Ru\u1ed9t s\u1ed5 thi\u1ebft k\u1ebf khoa h\u1ecdc, h\u1ee3p l\u00fd, s\u1eed d\u1ee5ng t\u1ed1i \u0111a di\u1ec7n t\u00edch.<\/p>\n<p>-Thi\u1ebft k\u1ebf g\u00e1y d\u1ec5 l\u1eadt m\u1edf<\/p>\n<p>-S\u1ed5 k\u1ebb ngang gi\u00fap b\u1ea1n vi\u1ebft ch\u1eef ngay ng\u1eafn, g\u1ecdn g\u00e0ng v\u00e0 \u0111\u1eb9p m\u1eaft. S\u1ea3n ph\u1ea9m \u0103n m\u1ef1c t\u1ed1t v\u1edbi h\u1ea7u h\u1ebft c\u00e1c lo\u1ea1i b\u00fat. S\u1ed5 \u0111\u00f3ng, \u0111\u00e1p \u1ee9ng nhu c\u1ea7u h\u1ecdc t\u1eadp, l\u00e0m vi\u1ec7c c\u1ee7a ng\u01b0\u1eddi s\u1eed d\u1ee5ng. Thi\u1ebft k\u1ebf g\u00e1y s\u1ed5 th\u00f4ng minh, d\u1ec5 d\u00e0ng l\u1eadt m\u1edf c\u00e1c trang khi vi\u1ebft m\u00e0 kh\u00f4ng l\u00e0m bung, h\u1ecfng gi\u1ea5y.<\/p>\n<p>Th\u01b0\u01a1ng hi\u1ec7u:\u00a0 M\u1edaI 100%\u00a0 \u00a0 \u00a0 \u00a0 \u00a0 \u00a0 | T\u00ecnh tr\u1ea1ng : C\u00f2n h\u00e0ng<\/p>\n<p>Vui l\u00f2ng li\u00ean h\u1ec7 \u0111\u1ec3 l\u1ea5y gi\u00e1 g\u1ed1c v\u00e0 khuy\u1ebfn m\u1ea1i<\/p>\n<hr \/>\n<p>Sa\u0309n ph\u00e2\u0309m \u0111\u01b0\u01a1\u0323c ba\u0301n ta\u0323i :<\/p>\n<p>C\u00d4NG TY TNHH TM-DV \u0110\u1ea6U T\u01af &amp; PH\u00c1T TRI\u1ec2N C\u00d4NG NGH\u1ec6 TO\u00c0N GIA<\/p>\n<p>VPGD: ng\u00f5 88 ph\u1ed1 Gi\u00e1p Nh\u1ecb, Th\u1ecbnh Li\u1ec7t, Ho\u00e0ng Mai, H\u00e0 N\u1ed9i<\/p>\n<p>X\u01b0\u1edfng s\u1ea3n xu\u1ea5t: L\u1ea1c \u0110\u1ea1o, V\u0103n L\u00e2m, H\u01b0ng Y\u00ean<\/p>\n<p>M\u1ecdi nhu c\u1ea7u Li\u00ean h\u1ec7:<\/p>\n<p><span style=\"color: #ff0000;\">???Hotline: 094 3030 117???<\/span><\/p>\n<p>Ph\u00f2ng Kinh doanh: 0918 92 55 22<\/p>\n<p>Ph\u00f2ng K\u1ef9 thu\u1eadt: 0918 26 55 22<\/p>\n<p>Ph\u00f2ng K\u1ebf to\u00e1n: 0916 49 88 22<\/p>\n<p>Tell: 024 3995 0208 \/ 0916 35 88 22<\/p>\n<p>Gmail: <a href=\"mailto:toangiamayvanphong@gmail.com\">toangiamayvanphong@gmail.com<\/a><\/p>\n<p>Web: <u>https:\/\/toangiamayvanphong.vn\/<\/u><\/p>\n<p>&nbsp;<\/p>\n","protected":false},"featured_media":1954,"comment_status":"open","ping_status":"closed","template":"","meta":[],"product_brand":[],"product_cat":[158],"product_tag":[310],"class_list":{"0":"post-2384","1":"product","2":"type-product","3":"status-publish","4":"has-post-thumbnail","6":"product_cat-van-phong-pham","7":"product_tag-so-ke-toan","9":"first","10":"instock","11":"taxable","12":"shipping-taxable","13":"product-type-simple"},"_links":{"self":[{"href":"https:\/\/toangiamayvanphong.vn\/index.php?rest_route=\/wp\/v2\/product\/2384","targetHints":{"allow":["GET"]}}],"collection":[{"href":"https:\/\/toangiamayvanphong.vn\/index.php?rest_route=\/wp\/v2\/product"}],"about":[{"href":"https:\/\/toangiamayvanphong.vn\/index.php?rest_route=\/wp\/v2\/types\/product"}],"replies":[{"embeddable":true,"href":"https:\/\/toangiamayvanphong.vn\/index.php?rest_route=%2Fwp%2Fv2%2Fcomments&post=2384"}],"wp:featuredmedia":[{"embeddable":true,"href":"https:\/\/toangiamayvanphong.vn\/index.php?rest_route=\/wp\/v2\/media\/1954"}],"wp:attachment":[{"href":"https:\/\/toangiamayvanphong.vn\/index.php?rest_route=%2Fwp%2Fv2%2Fmedia&parent=2384"}],"wp:term":[{"taxonomy":"product_brand","embeddable":true,"href":"https:\/\/toangiamayvanphong.vn\/index.php?rest_route=%2Fwp%2Fv2%2Fproduct_brand&post=2384"},{"taxonomy":"product_cat","embeddable":true,"href":"https:\/\/toangiamayvanphong.vn\/index.php?rest_route=%2Fwp%2Fv2%2Fproduct_cat&post=2384"},{"taxonomy":"product_tag","embeddable":true,"href":"https:\/\/toangiamayvanphong.vn\/index.php?rest_route=%2Fwp%2Fv2%2Fproduct_tag&post=2384"}],"curies":[{"name":"wp","href":"https:\/\/api.w.org\/{rel}","templated":true}]}}