{"id":2399,"date":"2023-07-09T11:15:01","date_gmt":"2023-07-09T04:15:01","guid":{"rendered":"https:\/\/toangiamayvanphong.vn\/?post_type=product&#038;p=2399"},"modified":"2023-07-09T11:15:05","modified_gmt":"2023-07-09T04:15:05","slug":"muc-in-de-can-bia-day-chuyen-dung","status":"publish","type":"product","link":"https:\/\/toangiamayvanphong.vn\/?product=muc-in-de-can-bia-day-chuyen-dung","title":{"rendered":"M\u1ef1c in \u0111\u1ec1 can\/ b\u00eca d\u00e0y chuy\u00ean d\u1ee5ng"},"content":{"rendered":"<p><span class=\"emoji-sizer emoji-outer \">?<\/span> <span class=\"emoji-sizer emoji-outer \">?<\/span><span class=\"text\"><span style=\"font-size: 18pt; color: #0000ff;\"><strong> M\u1ef1c in \u0111\u1ec1 can\/ b\u00eca d\u00e0y chuy\u00ean d\u1ee5ng<\/strong><\/span><\/span><\/p>\n<p>Cty ch\u00fang t\u00f4i chuy\u00ean cung c\u1ea5p m\u1ef1c \u0111\u1ed5 + d\u1ef1ng\/ s\u1ea3n xu\u1ea5t\u00a0 m\u00e1y in + h\u1ed9p m\u1ef1c\/ cartridge m\u00e1y in \u0111\u1eb7c ch\u1ee7ng, \u0111\u00e1p \u1ee9ng c\u00e1c \u0111\u00f2i h\u1ecfi ch\u1ea5t l\u01b0\u1ee3ng cao nh\u01b0 in s\u1ed5 \u0111\u1ecf, in gi\u1ea5y \u0111\u1ec1 can d\u00e1n b\u1ec1 m\u1eb7t nh\u1eb5n b\u00f3ng, in b\u00eca d\u00e0y, in b\u1eb1ng, ch\u1ee9ng ch\u1ec9,&#8230;..<\/p>\n<p>LH hotline <span style=\"color: #ff0000;\">094 3030 117<\/span> \u0111\u1ec3 \u0111\u01b0\u1ee3c t\u01b0 v\u1ea5n mua h\u00e0ng t\u1ed1t nh\u1ea5t\/ ph\u00f9 h\u1ee3p nh\u1ea5t<\/p>\n<p><span class=\"text\">T\u200br\u00e2n tr\u1ecdng!<\/span><\/p>\n<p><span class=\"text\"> &#8212;&#8211;***&#8212;&#8211; <\/span><\/p>\n<p><span class=\"text\">C\u00d4NG TY TNHH TM-DV \u0110\u1ea6U T\u01af &amp; PH\u00c1T TRI\u1ec2N C\u00d4NG NGH\u1ec6 TO\u00c0N GIA <\/span><\/p>\n<p><span class=\"text\">VPGD: ng\u00f5 88 ph\u1ed1 Gi\u00e1p Nh\u1ecb, Th\u1ecbnh Li\u1ec7t, Ho\u00e0ng Mai, H\u00e0 N\u1ed9i<\/span><\/p>\n<p><span class=\"text\"> X\u01b0\u1edfng s\u1ea3n xu\u1ea5t: L\u1ea1c \u0110\u1ea1o, V\u0103n L\u00e2m, H\u01b0ng Y\u00ean M\u1ecdi nhu c\u1ea7u<\/span><\/p>\n<p><span class=\"text\"> Li\u00ean h\u1ec7: Ph\u00f2ng Kinh doanh: <\/span><a class=\"text-is-phone-number\">0918 92 55 22<\/a><\/p>\n<p><span class=\"text\">Ph\u00f2ng K\u1ef9 thu\u1eadt: <\/span><a class=\"text-is-phone-number\">0918 26 55 22<\/a><\/p>\n<p><span class=\"text\">Ph\u00f2ng K\u1ebf to\u00e1n: <\/span><a class=\"text-is-phone-number\">0916 49 88 22<\/a><\/p>\n<p><span class=\"text\"> T<\/span><span class=\"text\">ell: 024 3995 0208 \/ <\/span><a class=\"text-is-phone-number\">0916 35 88 22<\/a><span class=\"text\">\u00a0<\/span><\/p>\n<p><span class=\"emoji-sizer emoji-outer \">?<\/span><span class=\"emoji-sizer emoji-outer \">?<\/span><span class=\"text\">?Hotline: <\/span><a class=\"text-is-phone-number\">094 3030 117<\/a><span class=\"emoji-sizer emoji-outer \">?<\/span><span class=\"emoji-sizer emoji-outer \">?<\/span><span class=\"emoji-sizer emoji-outer \">?<\/span><\/p>\n<p><span class=\"text\"> Gmail: <\/span><a class=\"text-is-email\" href=\"mailto:toangiamayvanphong@gmail.com\" target=\"_blank\" rel=\"noopener\">toangiamayvanphong@gmail.com<\/a><\/p>\n<p>Web: <span style=\"text-decoration: underline; color: #0000ff;\">toangiamayvanphong.vn<\/span><\/p>\n","protected":false},"excerpt":{"rendered":"<p><span class=\"emoji-sizer emoji-outer \">?<\/span> <span class=\"emoji-sizer emoji-outer \">?<\/span><span class=\"text\"><span style=\"font-size: 18pt; color: #0000ff;\"><strong> M\u1ef1c in \u0111\u1ec1 can\/ b\u00eca d\u00e0y chuy\u00ean d\u1ee5ng<\/strong><\/span><\/span><\/p>\n<p>Cty ch\u00fang t\u00f4i chuy\u00ean cung c\u1ea5p m\u1ef1c \u0111\u1ed5 + d\u1ef1ng\/ s\u1ea3n xu\u1ea5t\u00a0 m\u00e1y in + h\u1ed9p m\u1ef1c\/ cartridge m\u00e1y in \u0111\u1eb7c ch\u1ee7ng, \u0111\u00e1p \u1ee9ng c\u00e1c \u0111\u00f2i h\u1ecfi ch\u1ea5t l\u01b0\u1ee3ng cao nh\u01b0 in s\u1ed5 \u0111\u1ecf, in gi\u1ea5y \u0111\u1ec1 can d\u00e1n b\u1ec1 m\u1eb7t nh\u1eb5n b\u00f3ng, in b\u00eca d\u00e0y, in b\u1eb1ng, ch\u1ee9ng ch\u1ec9,&#8230;..<\/p>\n<p>LH hotline <span style=\"color: #ff0000;\">094 3030 117<\/span> \u0111\u1ec3 \u0111\u01b0\u1ee3c t\u01b0 v\u1ea5n mua h\u00e0ng t\u1ed1t nh\u1ea5t\/ ph\u00f9 h\u1ee3p nh\u1ea5t<\/p>\n<p><span class=\"text\">T\u200br\u00e2n tr\u1ecdng!<\/span><\/p>\n<p><span class=\"text\"> &#8212;&#8211;***&#8212;&#8211; <\/span><\/p>\n<p><span class=\"text\">C\u00d4NG TY TNHH TM-DV \u0110\u1ea6U T\u01af &amp; PH\u00c1T TRI\u1ec2N C\u00d4NG NGH\u1ec6 TO\u00c0N GIA <\/span><\/p>\n<p><span class=\"text\">VPGD: ng\u00f5 88 ph\u1ed1 Gi\u00e1p Nh\u1ecb, Th\u1ecbnh Li\u1ec7t, Ho\u00e0ng Mai, H\u00e0 N\u1ed9i<\/span><\/p>\n<p><span class=\"text\"> X\u01b0\u1edfng s\u1ea3n xu\u1ea5t: L\u1ea1c \u0110\u1ea1o, V\u0103n L\u00e2m, H\u01b0ng Y\u00ean M\u1ecdi nhu c\u1ea7u<\/span><\/p>\n<p><span class=\"text\"> Li\u00ean h\u1ec7: Ph\u00f2ng Kinh doanh: <\/span><a class=\"text-is-phone-number\">0918 92 55 22<\/a><\/p>\n<p><span class=\"text\">Ph\u00f2ng K\u1ef9 thu\u1eadt: <\/span><a class=\"text-is-phone-number\">0918 26 55 22<\/a><\/p>\n<p><span class=\"text\">Ph\u00f2ng K\u1ebf to\u00e1n: <\/span><a class=\"text-is-phone-number\">0916 49 88 22<\/a><\/p>\n<p><span class=\"text\"> T<\/span><span class=\"text\">ell: 024 3995 0208 \/ <\/span><a class=\"text-is-phone-number\">0916 35 88 22<\/a><span class=\"text\">\u00a0<\/span><\/p>\n<p><span class=\"emoji-sizer emoji-outer \">?<\/span><span class=\"emoji-sizer emoji-outer \">?<\/span><span class=\"text\">?Hotline: <\/span><a class=\"text-is-phone-number\">094 3030 117<\/a><span class=\"emoji-sizer emoji-outer \">?<\/span><span class=\"emoji-sizer emoji-outer \">?<\/span><span class=\"emoji-sizer emoji-outer \">?<\/span><\/p>\n<p><span class=\"text\"> Gmail: <\/span><a class=\"text-is-email\" href=\"mailto:toangiamayvanphong@gmail.com\" target=\"_blank\" rel=\"noopener\">toangiamayvanphong@gmail.com<\/a><\/p>\n<p>Web: <span style=\"text-decoration: underline;\">t<span style=\"color: #0000ff; text-decoration: underline;\">oangiamayvanphong.vn<\/span><\/span><\/p>\n","protected":false},"featured_media":1979,"comment_status":"open","ping_status":"closed","template":"","meta":[],"product_brand":[],"product_cat":[313,145],"product_tag":[317,318,314,316,319,320,321],"class_list":{"0":"post-2399","1":"product","2":"type-product","3":"status-publish","4":"has-post-thumbnail","6":"product_cat-may-in-can-in-giay-day-chuyen-dung","7":"product_cat-muc-in-laze-den-trang","8":"product_tag-hop-muc-in-can","9":"product_tag-may-in-bang-tot-nghiep","10":"product_tag-may-in-bia-day","11":"product_tag-may-in-so-do","12":"product_tag-muc-do-in-can","13":"product_tag-muc-in-bia-day","14":"product_tag-muc-in-so-do","16":"first","17":"instock","18":"taxable","19":"shipping-taxable","20":"product-type-simple"},"_links":{"self":[{"href":"https:\/\/toangiamayvanphong.vn\/index.php?rest_route=\/wp\/v2\/product\/2399","targetHints":{"allow":["GET"]}}],"collection":[{"href":"https:\/\/toangiamayvanphong.vn\/index.php?rest_route=\/wp\/v2\/product"}],"about":[{"href":"https:\/\/toangiamayvanphong.vn\/index.php?rest_route=\/wp\/v2\/types\/product"}],"replies":[{"embeddable":true,"href":"https:\/\/toangiamayvanphong.vn\/index.php?rest_route=%2Fwp%2Fv2%2Fcomments&post=2399"}],"wp:featuredmedia":[{"embeddable":true,"href":"https:\/\/toangiamayvanphong.vn\/index.php?rest_route=\/wp\/v2\/media\/1979"}],"wp:attachment":[{"href":"https:\/\/toangiamayvanphong.vn\/index.php?rest_route=%2Fwp%2Fv2%2Fmedia&parent=2399"}],"wp:term":[{"taxonomy":"product_brand","embeddable":true,"href":"https:\/\/toangiamayvanphong.vn\/index.php?rest_route=%2Fwp%2Fv2%2Fproduct_brand&post=2399"},{"taxonomy":"product_cat","embeddable":true,"href":"https:\/\/toangiamayvanphong.vn\/index.php?rest_route=%2Fwp%2Fv2%2Fproduct_cat&post=2399"},{"taxonomy":"product_tag","embeddable":true,"href":"https:\/\/toangiamayvanphong.vn\/index.php?rest_route=%2Fwp%2Fv2%2Fproduct_tag&post=2399"}],"curies":[{"name":"wp","href":"https:\/\/api.w.org\/{rel}","templated":true}]}}