{"id":2400,"date":"2023-07-09T11:15:01","date_gmt":"2023-07-09T04:15:01","guid":{"rendered":"https:\/\/toangiamayvanphong.vn\/?post_type=product&#038;p=2400"},"modified":"2026-04-26T18:05:54","modified_gmt":"2026-04-26T11:05:54","slug":"dich-vu-khac-dau-theo-yeu-cau","status":"publish","type":"product","link":"https:\/\/toangiamayvanphong.vn\/?product=dich-vu-khac-dau-theo-yeu-cau","title":{"rendered":"D\u1ecaCH V\u1ee4 KH\u1eaeC D\u1ea4U THEO Y\u00caU C\u1ea6U"},"content":{"rendered":"<p><span class=\"emoji-sizer emoji-outer \">?<\/span> <span class=\"emoji-sizer emoji-outer \">?<\/span><span class=\"text\"><span style=\"font-size: 18pt; color: #0000ff;\"><strong> D\u1ecbch V\u1ee5 Kh\u1eafc D\u1ea5u Theo Y\u00eau C\u1ea7u<\/strong><\/span><\/span><\/p>\n<p>Cty ch\u00fang t\u00f4i nh\u1eadn kh\u1eafc d\u1ea5u theo y\u00eau c\u1ea7u v\u1edbi ch\u1ea5t l\u01b0\u1ee3ng \u0111\u1ea3m b\u1ea3o v\u00e0 gi\u00e1 th\u00e0nh h\u1ee3p l\u00fd.<\/p>\n<p>Ch\u00fang t\u00f4i nh\u1eadn kh\u1eafc t\u1ea5t c\u1ea3 c\u00e1c lo\u1ea1i con d\u1ea5u nh\u01b0: d\u1ea5u tr\u00f2n, d\u1ea5u vu\u00f4ng, d\u1ea5u ch\u1eef nh\u1eadt, d\u1ea5u \u0111\u1ed3ng, d\u1ea5u g\u1ed7, d\u1ea5u ch\u00ecm, d\u1ea5u n\u1ed5i,&#8230;<\/p>\n<p>Ch\u00fang t\u00f4i s\u1eed d\u1ee5ng m\u00e1y kh\u1eafc c\u1ee7a M\u1ef9 (lo\u1ea1i m\u00e1y t\u1ed1t nh\u1ea5t hi\u1ec7n nay)==&gt; Con d\u1ea5u c\u00f3 \u0111\u1ed9 S\u1eaeC N\u00c9T g\u1ea7n nh\u01b0 tuy\u1ec7t \u0111\u1ed1i, M\u1eb7t ch\u1eef kh\u1eafc S\u00c2U-KH\u00d4NG B\u1eca LEM M\u1ef0C, ch\u1eef \u0111\u00f3ng ra kh\u00f4ng kh\u00e1c ch\u1eef in, M\u00c0U M\u1ef0C KH\u00d4NG B\u1eca PHAI khi \u0111\u1ec3 l\u00e2u. K\u1ec3 c\u1ea3 d\u1ea5u ch\u1eef k\u00fd (lo\u1ea1i kh\u00f3 l\u00e0m nh\u1ea5t)&#8212;&gt; kh\u1eafc ra \u0111\u00f3ng y nh\u01b0 ch\u1eef k\u00fd th\u1eadt , g\u1ea7n gi\u1ed1ng ynh\u01b0 ch\u1eef k\u00fd t\u01b0\u01a1i<\/p>\n<p>LH hotline <strong><span style=\"color: #ff0000;\">094 3030 117\/ 0822392668<\/span>\u00a0<\/strong><\/p>\n<p><span class=\"text\">T\u200br\u00e2n tr\u1ecdng!<\/span><\/p>\n<p><span class=\"text\"> &#8212;&#8211;***&#8212;&#8211; <\/span><\/p>\n<p><span class=\"text\">C\u00d4NG TY TNHH TM-DV \u0110\u1ea6U T\u01af &amp; PH\u00c1T TRI\u1ec2N C\u00d4NG NGH\u1ec6 TO\u00c0N GIA <\/span><\/p>\n<p><span class=\"text\">VPGD: ng\u00f5 88 ph\u1ed1 Gi\u00e1p Nh\u1ecb, Th\u1ecbnh Li\u1ec7t, Ho\u00e0ng Mai, H\u00e0 N\u1ed9i<\/span><\/p>\n<p><span class=\"text\"> X\u01b0\u1edfng s\u1ea3n xu\u1ea5t: L\u1ea1c \u0110\u1ea1o, V\u0103n L\u00e2m, H\u01b0ng Y\u00ean M\u1ecdi nhu c\u1ea7u<\/span><\/p>\n<p><span class=\"text\"> Li\u00ean h\u1ec7: Ph\u00f2ng Kinh doanh: <\/span><a class=\"text-is-phone-number\">0918 92 55 22<\/a><\/p>\n<p><span class=\"text\">Ph\u00f2ng K\u1ef9 thu\u1eadt: <\/span><a class=\"text-is-phone-number\">0918 26 55 22<\/a><\/p>\n<p><span class=\"text\">Ph\u00f2ng K\u1ebf to\u00e1n: <\/span><a class=\"text-is-phone-number\">0916 49 88 22<\/a><\/p>\n<p><span class=\"text\"> T<\/span><span class=\"text\">ell: 024 3995 0208 \/ <\/span><a class=\"text-is-phone-number\">0916 35 88 22<\/a><span class=\"text\">\u00a0<\/span><\/p>\n<p><span class=\"emoji-sizer emoji-outer \">?<\/span><span class=\"emoji-sizer emoji-outer \">?<\/span><span class=\"text\">?Hotline: <\/span><a class=\"text-is-phone-number\">094 3030 117<\/a><span class=\"emoji-sizer emoji-outer \">?<\/span><span class=\"emoji-sizer emoji-outer \">?<\/span><span class=\"emoji-sizer emoji-outer \">?<\/span><\/p>\n<p><span class=\"text\"> Gmail: <\/span><a class=\"text-is-email\" href=\"mailto:toangiamayvanphong@gmail.com\" target=\"_blank\" rel=\"noopener\">toangiamayvanphong@gmail.com<\/a><\/p>\n<p>Web: <span style=\"text-decoration: underline; color: #0000ff;\">toangiamayvanphong.vn<\/span><\/p>\n","protected":false},"excerpt":{"rendered":"<p><span class=\"emoji-sizer emoji-outer \">?<\/span> <span class=\"emoji-sizer emoji-outer \">?<\/span><span class=\"text\"><span style=\"font-size: 18pt; color: #0000ff;\"><strong> D\u1ecbch V\u1ee5 Kh\u1eafc D\u1ea5u Theo Y\u00eau C\u1ea7u<\/strong><\/span><\/span><\/p>\n<p>Cty ch\u00fang t\u00f4i nh\u1eadn kh\u1eafc d\u1ea5u theo y\u00eau c\u1ea7u v\u1edbi ch\u1ea5t l\u01b0\u1ee3ng \u0111\u1ea3m b\u1ea3o v\u00e0 gi\u00e1 th\u00e0nh h\u1ee3p l\u00fd.<\/p>\n<p>Ch\u00fang t\u00f4i nh\u1eadn kh\u1eafc t\u1ea5t c\u1ea3 c\u00e1c lo\u1ea1i con d\u1ea5u nh\u01b0: d\u1ea5u tr\u00f2n, d\u1ea5u vu\u00f4ng, d\u1ea5u ch\u1eef nh\u1eadt, d\u1ea5u \u0111\u1ed3ng, d\u1ea5u g\u1ed7, d\u1ea5u ch\u00ecm, d\u1ea5u n\u1ed5i,&#8230;<\/p>\n<p>Ch\u00fang t\u00f4i s\u1eed d\u1ee5ng m\u00e1y kh\u1eafc c\u1ee7a M\u1ef9 (lo\u1ea1i m\u00e1y t\u1ed1t nh\u1ea5t hi\u1ec7n nay)==&gt; Con d\u1ea5u c\u00f3 \u0111\u1ed9 S\u1eaeC N\u00c9T g\u1ea7n nh\u01b0 tuy\u1ec7t \u0111\u1ed1i, M\u1eb7t ch\u1eef kh\u1eafc S\u00c2U-KH\u00d4NG B\u1eca LEM M\u1ef0C, ch\u1eef \u0111\u00f3ng ra kh\u00f4ng kh\u00e1c ch\u1eef in, M\u00c0U M\u1ef0C KH\u00d4NG B\u1eca PHAI khi \u0111\u1ec3 l\u00e2u. K\u1ec3 c\u1ea3 d\u1ea5u ch\u1eef k\u00fd (lo\u1ea1i kh\u00f3 l\u00e0m nh\u1ea5t)&#8212;&gt; kh\u1eafc ra \u0111\u00f3ng y nh\u01b0 ch\u1eef k\u00fd th\u1eadt , g\u1ea7n gi\u1ed1ng ynh\u01b0 ch\u1eef k\u00fd t\u01b0\u01a1i<\/p>\n<p>LH hotline <strong><span style=\"color: #ff0000;\">094 3030 117\/ 0822392668<\/span>\u00a0<\/strong><\/p>\n<p><span class=\"text\">T\u200br\u00e2n tr\u1ecdng!<\/span><\/p>\n<p><span class=\"text\"> &#8212;&#8211;***&#8212;&#8211; <\/span><\/p>\n<p><span class=\"text\">C\u00d4NG TY TNHH TM-DV \u0110\u1ea6U T\u01af &amp; PH\u00c1T TRI\u1ec2N C\u00d4NG NGH\u1ec6 TO\u00c0N GIA <\/span><\/p>\n<p><span class=\"text\">VPGD: ng\u00f5 88 ph\u1ed1 Gi\u00e1p Nh\u1ecb, Th\u1ecbnh Li\u1ec7t, Ho\u00e0ng Mai, H\u00e0 N\u1ed9i<\/span><\/p>\n<p><span class=\"text\"> X\u01b0\u1edfng s\u1ea3n xu\u1ea5t: L\u1ea1c \u0110\u1ea1o, V\u0103n L\u00e2m, H\u01b0ng Y\u00ean M\u1ecdi nhu c\u1ea7u<\/span><\/p>\n<p><span class=\"text\"> Li\u00ean h\u1ec7: Ph\u00f2ng Kinh doanh: <\/span><a class=\"text-is-phone-number\">0918 92 55 22<\/a><\/p>\n<p><span class=\"text\">Ph\u00f2ng K\u1ef9 thu\u1eadt: <\/span><a class=\"text-is-phone-number\">0918 26 55 22<\/a><\/p>\n<p><span class=\"text\">Ph\u00f2ng K\u1ebf to\u00e1n: <\/span><a class=\"text-is-phone-number\">0916 49 88 22<\/a><\/p>\n<p><span class=\"text\"> T<\/span><span class=\"text\">ell: 024 3995 0208 \/ <\/span><a class=\"text-is-phone-number\">0916 35 88 22<\/a><span class=\"text\">\u00a0<\/span><\/p>\n<p><span class=\"emoji-sizer emoji-outer \">?<\/span><span class=\"emoji-sizer emoji-outer \">?<\/span><span class=\"text\">?Hotline: <\/span><a class=\"text-is-phone-number\">094 3030 117<\/a><span class=\"emoji-sizer emoji-outer \">?<\/span><span class=\"emoji-sizer emoji-outer \">?<\/span><span class=\"emoji-sizer emoji-outer \">?<\/span><\/p>\n<p><span class=\"text\"> Gmail: <\/span><a class=\"text-is-email\" href=\"mailto:toangiamayvanphong@gmail.com\" target=\"_blank\" rel=\"noopener\">toangiamayvanphong@gmail.com<\/a><\/p>\n<p>Web: <span style=\"text-decoration: underline;\">t<span style=\"color: #0000ff; text-decoration: underline;\">oangiamayvanphong.vn<\/span><\/span><\/p>\n","protected":false},"featured_media":1995,"comment_status":"open","ping_status":"closed","template":"","meta":[],"product_brand":[],"product_cat":[158],"product_tag":[322,323,324],"class_list":{"0":"post-2400","1":"product","2":"type-product","3":"status-publish","4":"has-post-thumbnail","6":"product_cat-van-phong-pham","7":"product_tag-dau-do","8":"product_tag-dau-tron","9":"product_tag-khac-dau","11":"first","12":"instock","13":"taxable","14":"shipping-taxable","15":"product-type-simple"},"_links":{"self":[{"href":"https:\/\/toangiamayvanphong.vn\/index.php?rest_route=\/wp\/v2\/product\/2400","targetHints":{"allow":["GET"]}}],"collection":[{"href":"https:\/\/toangiamayvanphong.vn\/index.php?rest_route=\/wp\/v2\/product"}],"about":[{"href":"https:\/\/toangiamayvanphong.vn\/index.php?rest_route=\/wp\/v2\/types\/product"}],"replies":[{"embeddable":true,"href":"https:\/\/toangiamayvanphong.vn\/index.php?rest_route=%2Fwp%2Fv2%2Fcomments&post=2400"}],"wp:featuredmedia":[{"embeddable":true,"href":"https:\/\/toangiamayvanphong.vn\/index.php?rest_route=\/wp\/v2\/media\/1995"}],"wp:attachment":[{"href":"https:\/\/toangiamayvanphong.vn\/index.php?rest_route=%2Fwp%2Fv2%2Fmedia&parent=2400"}],"wp:term":[{"taxonomy":"product_brand","embeddable":true,"href":"https:\/\/toangiamayvanphong.vn\/index.php?rest_route=%2Fwp%2Fv2%2Fproduct_brand&post=2400"},{"taxonomy":"product_cat","embeddable":true,"href":"https:\/\/toangiamayvanphong.vn\/index.php?rest_route=%2Fwp%2Fv2%2Fproduct_cat&post=2400"},{"taxonomy":"product_tag","embeddable":true,"href":"https:\/\/toangiamayvanphong.vn\/index.php?rest_route=%2Fwp%2Fv2%2Fproduct_tag&post=2400"}],"curies":[{"name":"wp","href":"https:\/\/api.w.org\/{rel}","templated":true}]}}