{"id":2402,"date":"2023-07-09T11:15:01","date_gmt":"2023-07-09T04:15:01","guid":{"rendered":"https:\/\/toangiamayvanphong.vn\/?post_type=product&#038;p=2402"},"modified":"2023-07-09T11:15:05","modified_gmt":"2023-07-09T04:15:05","slug":"nuoc-giat-kirohana-can-3-5kg","status":"publish","type":"product","link":"https:\/\/toangiamayvanphong.vn\/?product=nuoc-giat-kirohana-can-3-5kg","title":{"rendered":"N\u01b0\u1edbc gi\u1eb7t kirohana can 3.5kg"},"content":{"rendered":"<div>\n<p><img decoding=\"async\" class=\"emoji\" role=\"img\" draggable=\"false\" src=\"https:\/\/s.w.org\/images\/core\/emoji\/14.0.0\/svg\/1f308.svg\" alt=\"?\" \/><img decoding=\"async\" class=\"emoji\" role=\"img\" draggable=\"false\" src=\"https:\/\/s.w.org\/images\/core\/emoji\/14.0.0\/svg\/1f308.svg\" alt=\"?\" \/><img decoding=\"async\" class=\"emoji\" role=\"img\" draggable=\"false\" src=\"https:\/\/s.w.org\/images\/core\/emoji\/14.0.0\/svg\/1f308.svg\" alt=\"?\" \/>N\u01b0\u1edbc gi\u1eb7t kirohana can 3.5kg (SP c\u1ee7a c\u00f4ng ty CP X\u00e0 Ph\u00f2ng H\u00c0 N\u1ed8I (HASO) )<\/p>\n<div class=\"col-md-12 col-sm-12 col-xs-12 bottom-detail-product\">\n<div class=\"tab-content\">\n<div id=\"content\" class=\"tab-pane fade in active\">\n<div class=\"x11i5rnm xat24cr x1mh8g0r x1vvkbs xdj266r x126k92a\">\n<div dir=\"auto\"><span class=\"x3nfvp2 x1j61x8r x1fcty0u xdj266r xhhsvwb xat24cr xgzva0m xxymvpz xlup9mm x1kky2od\"><img loading=\"lazy\" decoding=\"async\" src=\"https:\/\/static.xx.fbcdn.net\/images\/emoji.php\/v9\/t33\/1\/16\/2705.png\" alt=\"\u2705\" width=\"16\" height=\"16\" \/><\/span> N\u01b0\u1edbc gi\u1eb7t Hasoco Power l\u00e0 m\u1ed9t s\u1ea3n ph\u1ea9m n\u1ed5i b\u1eadt c\u1ee7a C\u00f4ng ty X\u00e0 ph\u00f2ng H\u00e0 N\u1ed9i (Hasoco). S\u1ea3n ph\u1ea9m \u0111\u01b0\u1ee3c s\u1ea3n xu\u1ea5t tr\u00ean d\u00e2y chuy\u1ec1n s\u1ea3n xu\u1ea5t c\u1ee7a Nh\u1eadt B\u1ea3n, nguy\u00ean li\u1ec7u \u0111\u01b0\u1ee3c nh\u1eadp kh\u1ea9u tr\u1ef1c ti\u1ebfp t\u1eeb ch\u00e2u \u00c2u v\u00e0 ho\u00e0n to\u00e0n \u0111\u1ea1t ti\u00eau chu\u1ea9n Nh\u1eadt B\u1ea3n.<\/div>\n<\/div>\n<div class=\"x11i5rnm xat24cr x1mh8g0r x1vvkbs xtlvy1s x126k92a\">\n<div dir=\"auto\">\u01afU \u0110I\u1ec2M N\u1ed4I B\u1eacT :<\/div>\n<div dir=\"auto\"><span class=\"x3nfvp2 x1j61x8r x1fcty0u xdj266r xhhsvwb xat24cr xgzva0m xxymvpz xlup9mm x1kky2od\"><img loading=\"lazy\" decoding=\"async\" src=\"https:\/\/static.xx.fbcdn.net\/images\/emoji.php\/v9\/tf0\/1\/16\/1f338.png\" alt=\"?\" width=\"16\" height=\"16\" \/><\/span>\u2013 Gi\u1eb7t s\u1ea1ch m\u1ecdi v\u1ebft b\u1ea9n c\u1ee9ng \u0111\u1ea7u<\/div>\n<div dir=\"auto\"><span class=\"x3nfvp2 x1j61x8r x1fcty0u xdj266r xhhsvwb xat24cr xgzva0m xxymvpz xlup9mm x1kky2od\"><img loading=\"lazy\" decoding=\"async\" src=\"https:\/\/static.xx.fbcdn.net\/images\/emoji.php\/v9\/tf0\/1\/16\/1f338.png\" alt=\"?\" width=\"16\" height=\"16\" \/><\/span>\u2013 Gi\u1eef m\u00e0u qu\u1ea7n \u00e1o lu\u00f4n t\u01b0\u01a1i m\u1edbi.<\/div>\n<div dir=\"auto\"><span class=\"x3nfvp2 x1j61x8r x1fcty0u xdj266r xhhsvwb xat24cr xgzva0m xxymvpz xlup9mm x1kky2od\"><img loading=\"lazy\" decoding=\"async\" src=\"https:\/\/static.xx.fbcdn.net\/images\/emoji.php\/v9\/tf0\/1\/16\/1f338.png\" alt=\"?\" width=\"16\" height=\"16\" \/><\/span>\u2013 N\u01b0\u1edbc gi\u1eb7t \u0111\u1eadm \u0111\u1eb7c, an to\u00e0n cho qu\u1ea7n \u00e1o tr\u1ebb nh\u1ecf v\u00e0 cho m\u1ecdi ch\u1ea5t li\u1ec7u<\/div>\n<div dir=\"auto\"><span class=\"x3nfvp2 x1j61x8r x1fcty0u xdj266r xhhsvwb xat24cr xgzva0m xxymvpz xlup9mm x1kky2od\"><img loading=\"lazy\" decoding=\"async\" src=\"https:\/\/static.xx.fbcdn.net\/images\/emoji.php\/v9\/tf0\/1\/16\/1f338.png\" alt=\"?\" width=\"16\" height=\"16\" \/><\/span>\u2013 H\u01b0\u01a1ng th\u01a1m nh\u1eb9 nh\u00e0ng quy\u1ebfn r\u0169<\/div>\n<div dir=\"auto\"><span class=\"x3nfvp2 x1j61x8r x1fcty0u xdj266r xhhsvwb xat24cr xgzva0m xxymvpz xlup9mm x1kky2od\"><img loading=\"lazy\" decoding=\"async\" src=\"https:\/\/static.xx.fbcdn.net\/images\/emoji.php\/v9\/tf0\/1\/16\/1f338.png\" alt=\"?\" width=\"16\" height=\"16\" \/><\/span>\u2013 PH trung t\u00ednh, b\u1ea3o v\u1ec7 da tay<\/div>\n<div dir=\"auto\"><span class=\"x3nfvp2 x1j61x8r x1fcty0u xdj266r xhhsvwb xat24cr xgzva0m xxymvpz xlup9mm x1kky2od\"><img loading=\"lazy\" decoding=\"async\" src=\"https:\/\/static.xx.fbcdn.net\/images\/emoji.php\/v9\/tf0\/1\/16\/1f338.png\" alt=\"?\" width=\"16\" height=\"16\" \/><\/span>\u2013 2in1, v\u1eeba gi\u1eb7t v\u1eeba x\u1ea3<\/div>\n<\/div>\n<div class=\"x11i5rnm xat24cr x1mh8g0r x1vvkbs xtlvy1s x126k92a\">\n<div dir=\"auto\">C\u00d3 2 LO\u1ea0I S\u1ea2N PH\u1ea8M:<\/div>\n<div dir=\"auto\">&#8211; M\u00e0u xanh : c\u1eeda tr\u00ean<\/div>\n<div dir=\"auto\">&#8211; M\u00e0u h\u1ed3ng : c\u1eeda ngang<\/div>\n<div dir=\"auto\">QUY C\u00c1CH \u0110\u00d3NG G\u00d3I :<\/div>\n<div dir=\"auto\">&#8211; Can : 3.5kg<\/div>\n<div dir=\"auto\">H\u01af\u01a0NG TH\u01a0M :<\/div>\n<div dir=\"auto\">&#8211; Sakura<\/div>\n<\/div>\n<\/div>\n<\/div>\n<\/div>\n<div class=\"product-related-box row\"><\/div>\n<\/div>\n<p>C\u00d4NG TY TNHH TM-DV \u0110\u1ea6U T\u01af &amp; PH\u00c1T TRI\u1ec2N C\u00d4NG NGH\u1ec6 TO\u00c0N GIA<\/p>\n<p>VPGD: ng\u00f5 88 ph\u1ed1 Gi\u00e1p Nh\u1ecb, Th\u1ecbnh Li\u1ec7t, Ho\u00e0ng Mai, H\u00e0 N\u1ed9i<\/p>\n<p>X\u01b0\u1edfng s\u1ea3n xu\u1ea5t: L\u1ea1c \u0110\u1ea1o, V\u0103n L\u00e2m, H\u01b0ng Y\u00ean<\/p>\n<p>M\u1ecdi nhu c\u1ea7u Li\u00ean h\u1ec7:<\/p>\n<p>???Hotline: 094 3030 117???<\/p>\n<p>Ph\u00f2ng Kinh doanh: 0918 92 55 22<\/p>\n<p>Ph\u00f2ng K\u1ef9 thu\u1eadt: 0918 26 55 22<\/p>\n<p>Ph\u00f2ng K\u1ebf to\u00e1n: 0916 49 88 22<\/p>\n<p>Tell: 024 3995 0208 \/ 0916 35 88 22<\/p>\n<p>Gmail: <a href=\"mailto:toangiamayvanphong@gmail.com\">toangiamayvanphong@gmail.com<\/a><\/p>\n<p>Web: <u>https:\/\/toangiamayvanphong.vn\/<\/u><\/p>\n","protected":false},"excerpt":{"rendered":"<p><img decoding=\"async\" class=\"emoji\" role=\"img\" draggable=\"false\" src=\"https:\/\/s.w.org\/images\/core\/emoji\/14.0.0\/svg\/1f308.svg\" alt=\"?\" \/><img decoding=\"async\" class=\"emoji\" role=\"img\" draggable=\"false\" src=\"https:\/\/s.w.org\/images\/core\/emoji\/14.0.0\/svg\/1f308.svg\" alt=\"?\" \/><img decoding=\"async\" class=\"emoji\" role=\"img\" draggable=\"false\" src=\"https:\/\/s.w.org\/images\/core\/emoji\/14.0.0\/svg\/1f308.svg\" alt=\"?\" \/>N\u01b0\u1edbc gi\u1eb7t kirohana can 3.5kg (SP c\u1ee7a c\u00f4ng ty CP X\u00e0 Ph\u00f2ng H\u00c0 N\u1ed8I (HASO) )<\/p>\n<div class=\"col-md-12 col-sm-12 col-xs-12 bottom-detail-product\">\n<div class=\"tab-content\">\n<div id=\"content\" class=\"tab-pane fade in active\">\n<ul>\n<li>\n<div class=\"x11i5rnm xat24cr x1mh8g0r x1vvkbs xdj266r x126k92a\">\n<div dir=\"auto\"><span class=\"x3nfvp2 x1j61x8r x1fcty0u xdj266r xhhsvwb xat24cr xgzva0m xxymvpz xlup9mm x1kky2od\"><img loading=\"lazy\" decoding=\"async\" src=\"https:\/\/static.xx.fbcdn.net\/images\/emoji.php\/v9\/t33\/1\/16\/2705.png\" alt=\"\u2705\" width=\"16\" height=\"16\" \/><\/span> N\u01b0\u1edbc gi\u1eb7t Hasoco Power l\u00e0 m\u1ed9t s\u1ea3n ph\u1ea9m n\u1ed5i b\u1eadt c\u1ee7a C\u00f4ng ty X\u00e0 ph\u00f2ng H\u00e0 N\u1ed9i (Hasoco). S\u1ea3n ph\u1ea9m \u0111\u01b0\u1ee3c s\u1ea3n xu\u1ea5t tr\u00ean d\u00e2y chuy\u1ec1n s\u1ea3n xu\u1ea5t c\u1ee7a Nh\u1eadt B\u1ea3n, nguy\u00ean li\u1ec7u \u0111\u01b0\u1ee3c nh\u1eadp kh\u1ea9u tr\u1ef1c ti\u1ebfp t\u1eeb ch\u00e2u \u00c2u v\u00e0 ho\u00e0n to\u00e0n \u0111\u1ea1t ti\u00eau chu\u1ea9n Nh\u1eadt B\u1ea3n.<\/div>\n<\/div>\n<div class=\"x11i5rnm xat24cr x1mh8g0r x1vvkbs xtlvy1s x126k92a\">\n<div dir=\"auto\">\u01afU \u0110I\u1ec2M N\u1ed4I B\u1eacT :<\/div>\n<div dir=\"auto\"><span class=\"x3nfvp2 x1j61x8r x1fcty0u xdj266r xhhsvwb xat24cr xgzva0m xxymvpz xlup9mm x1kky2od\"><img loading=\"lazy\" decoding=\"async\" src=\"https:\/\/static.xx.fbcdn.net\/images\/emoji.php\/v9\/tf0\/1\/16\/1f338.png\" alt=\"?\" width=\"16\" height=\"16\" \/><\/span>\u2013 Gi\u1eb7t s\u1ea1ch m\u1ecdi v\u1ebft b\u1ea9n c\u1ee9ng \u0111\u1ea7u<\/div>\n<div dir=\"auto\"><span class=\"x3nfvp2 x1j61x8r x1fcty0u xdj266r xhhsvwb xat24cr xgzva0m xxymvpz xlup9mm x1kky2od\"><img loading=\"lazy\" decoding=\"async\" src=\"https:\/\/static.xx.fbcdn.net\/images\/emoji.php\/v9\/tf0\/1\/16\/1f338.png\" alt=\"?\" width=\"16\" height=\"16\" \/><\/span>\u2013 Gi\u1eef m\u00e0u qu\u1ea7n \u00e1o lu\u00f4n t\u01b0\u01a1i m\u1edbi.<\/div>\n<div dir=\"auto\"><span class=\"x3nfvp2 x1j61x8r x1fcty0u xdj266r xhhsvwb xat24cr xgzva0m xxymvpz xlup9mm x1kky2od\"><img loading=\"lazy\" decoding=\"async\" src=\"https:\/\/static.xx.fbcdn.net\/images\/emoji.php\/v9\/tf0\/1\/16\/1f338.png\" alt=\"?\" width=\"16\" height=\"16\" \/><\/span>\u2013 N\u01b0\u1edbc gi\u1eb7t \u0111\u1eadm \u0111\u1eb7c, an to\u00e0n cho qu\u1ea7n \u00e1o tr\u1ebb nh\u1ecf v\u00e0 cho m\u1ecdi ch\u1ea5t li\u1ec7u<\/div>\n<div dir=\"auto\"><span class=\"x3nfvp2 x1j61x8r x1fcty0u xdj266r xhhsvwb xat24cr xgzva0m xxymvpz xlup9mm x1kky2od\"><img loading=\"lazy\" decoding=\"async\" src=\"https:\/\/static.xx.fbcdn.net\/images\/emoji.php\/v9\/tf0\/1\/16\/1f338.png\" alt=\"?\" width=\"16\" height=\"16\" \/><\/span>\u2013 H\u01b0\u01a1ng th\u01a1m nh\u1eb9 nh\u00e0ng quy\u1ebfn r\u0169<\/div>\n<div dir=\"auto\"><span class=\"x3nfvp2 x1j61x8r x1fcty0u xdj266r xhhsvwb xat24cr xgzva0m xxymvpz xlup9mm x1kky2od\"><img loading=\"lazy\" decoding=\"async\" src=\"https:\/\/static.xx.fbcdn.net\/images\/emoji.php\/v9\/tf0\/1\/16\/1f338.png\" alt=\"?\" width=\"16\" height=\"16\" \/><\/span>\u2013 PH trung t\u00ednh, b\u1ea3o v\u1ec7 da tay<\/div>\n<div dir=\"auto\"><span class=\"x3nfvp2 x1j61x8r x1fcty0u xdj266r xhhsvwb xat24cr xgzva0m xxymvpz xlup9mm x1kky2od\"><img loading=\"lazy\" decoding=\"async\" src=\"https:\/\/static.xx.fbcdn.net\/images\/emoji.php\/v9\/tf0\/1\/16\/1f338.png\" alt=\"?\" width=\"16\" height=\"16\" \/><\/span>\u2013 2in1, v\u1eeba gi\u1eb7t v\u1eeba x\u1ea3<\/div>\n<\/div>\n<div class=\"x11i5rnm xat24cr x1mh8g0r x1vvkbs xtlvy1s x126k92a\">\n<div dir=\"auto\">C\u00d3 2 LO\u1ea0I S\u1ea2N PH\u1ea8M:<\/div>\n<div dir=\"auto\">&#8211; M\u00e0u xanh : c\u1eeda tr\u00ean<\/div>\n<div dir=\"auto\">&#8211; M\u00e0u h\u1ed3ng : c\u1eeda ngang<\/div>\n<div dir=\"auto\">QUY C\u00c1CH \u0110\u00d3NG G\u00d3I :<\/div>\n<div dir=\"auto\">&#8211; Can : 3.5kg<\/div>\n<div dir=\"auto\">H\u01af\u01a0NG TH\u01a0M :<\/div>\n<div dir=\"auto\">&#8211; Sakura<\/div>\n<\/div>\n<\/li>\n<\/ul>\n<\/div>\n<\/div>\n<\/div>\n<p>Th\u01b0\u01a1ng hi\u1ec7u:\u00a0 M\u1edaI 100%\u00a0 \u00a0 \u00a0 \u00a0 \u00a0 \u00a0 | T\u00ecnh tr\u1ea1ng : C\u00f2n h\u00e0ng<\/p>\n<p>Vui l\u00f2ng li\u00ean h\u1ec7 \u0111\u1ec3 l\u1ea5y gi\u00e1 g\u1ed1c v\u00e0 khuy\u1ebfn m\u1ea1i<\/p>\n<hr \/>\n<p>Sa\u0309n ph\u00e2\u0309m \u0111\u01b0\u01a1\u0323c ba\u0301n ta\u0323i :<\/p>\n<p>C\u00d4NG TY TNHH TM-DV \u0110\u1ea6U T\u01af &amp; PH\u00c1T TRI\u1ec2N C\u00d4NG NGH\u1ec6 TO\u00c0N GIA<\/p>\n<p>VPGD: ng\u00f5 88 ph\u1ed1 Gi\u00e1p Nh\u1ecb, Th\u1ecbnh Li\u1ec7t, Ho\u00e0ng Mai, H\u00e0 N\u1ed9i<\/p>\n<p>X\u01b0\u1edfng s\u1ea3n xu\u1ea5t: L\u1ea1c \u0110\u1ea1o, V\u0103n L\u00e2m, H\u01b0ng Y\u00ean<\/p>\n<p>M\u1ecdi nhu c\u1ea7u Li\u00ean h\u1ec7:<\/p>\n<p><span style=\"color: #ff0000;\">???Hotline: 094 3030 117???<\/span><\/p>\n<p>Ph\u00f2ng Kinh doanh: 0918 92 55 22<\/p>\n<p>Ph\u00f2ng K\u1ef9 thu\u1eadt: 0918 26 55 22<\/p>\n<p>Ph\u00f2ng K\u1ebf to\u00e1n: 0916 49 88 22<\/p>\n<p>Tell: 024 3995 0208 \/ 0916 35 88 22<\/p>\n<p>Gmail: <a href=\"mailto:toangiamayvanphong@gmail.com\">toangiamayvanphong@gmail.com<\/a><\/p>\n<p>Web: <u>https:\/\/toangiamayvanphong.vn\/<\/u><\/p>\n<p>&nbsp;<\/p>\n","protected":false},"featured_media":1998,"comment_status":"open","ping_status":"closed","template":"","meta":[],"product_brand":[],"product_cat":[216],"product_tag":[325,326,327],"class_list":{"0":"post-2402","1":"product","2":"type-product","3":"status-publish","4":"has-post-thumbnail","6":"product_cat-chua-phan-loai","7":"product_tag-nuoc-giat-cua-ngang","8":"product_tag-nuoc-giat-kirohana","9":"product_tag-nuoc-giat-power","11":"first","12":"instock","13":"taxable","14":"shipping-taxable","15":"product-type-simple"},"_links":{"self":[{"href":"https:\/\/toangiamayvanphong.vn\/index.php?rest_route=\/wp\/v2\/product\/2402","targetHints":{"allow":["GET"]}}],"collection":[{"href":"https:\/\/toangiamayvanphong.vn\/index.php?rest_route=\/wp\/v2\/product"}],"about":[{"href":"https:\/\/toangiamayvanphong.vn\/index.php?rest_route=\/wp\/v2\/types\/product"}],"replies":[{"embeddable":true,"href":"https:\/\/toangiamayvanphong.vn\/index.php?rest_route=%2Fwp%2Fv2%2Fcomments&post=2402"}],"wp:featuredmedia":[{"embeddable":true,"href":"https:\/\/toangiamayvanphong.vn\/index.php?rest_route=\/wp\/v2\/media\/1998"}],"wp:attachment":[{"href":"https:\/\/toangiamayvanphong.vn\/index.php?rest_route=%2Fwp%2Fv2%2Fmedia&parent=2402"}],"wp:term":[{"taxonomy":"product_brand","embeddable":true,"href":"https:\/\/toangiamayvanphong.vn\/index.php?rest_route=%2Fwp%2Fv2%2Fproduct_brand&post=2402"},{"taxonomy":"product_cat","embeddable":true,"href":"https:\/\/toangiamayvanphong.vn\/index.php?rest_route=%2Fwp%2Fv2%2Fproduct_cat&post=2402"},{"taxonomy":"product_tag","embeddable":true,"href":"https:\/\/toangiamayvanphong.vn\/index.php?rest_route=%2Fwp%2Fv2%2Fproduct_tag&post=2402"}],"curies":[{"name":"wp","href":"https:\/\/api.w.org\/{rel}","templated":true}]}}