{"id":2403,"date":"2023-07-09T11:15:02","date_gmt":"2023-07-09T04:15:02","guid":{"rendered":"https:\/\/toangiamayvanphong.vn\/?post_type=product&#038;p=2403"},"modified":"2023-07-09T11:15:05","modified_gmt":"2023-07-09T04:15:05","slug":"nuoc-lau-san-kazoku-huong-thanh-truc-1-8kg","status":"publish","type":"product","link":"https:\/\/toangiamayvanphong.vn\/?product=nuoc-lau-san-kazoku-huong-thanh-truc-1-8kg","title":{"rendered":"N\u01af\u1edaC LAU S\u00c0N KAZOKU H\u01af\u01a0NG THANH TR\u00daC 1.8KG"},"content":{"rendered":"<div>\n<p><img decoding=\"async\" class=\"emoji\" role=\"img\" draggable=\"false\" src=\"https:\/\/s.w.org\/images\/core\/emoji\/14.0.0\/svg\/1f308.svg\" alt=\"?\" \/><img decoding=\"async\" class=\"emoji\" role=\"img\" draggable=\"false\" src=\"https:\/\/s.w.org\/images\/core\/emoji\/14.0.0\/svg\/1f308.svg\" alt=\"?\" \/><img decoding=\"async\" class=\"emoji\" role=\"img\" draggable=\"false\" src=\"https:\/\/s.w.org\/images\/core\/emoji\/14.0.0\/svg\/1f308.svg\" alt=\"?\" \/>N\u01af\u1edaC LAU S\u00c0N KAZOKU H\u01af\u01a0NG THANH TR\u00daC 1.8KG (SP c\u1ee7a c\u00f4ng ty CP X\u00e0 Ph\u00f2ng H\u00c0 N\u1ed8I (HASO) )<\/p>\n<p><span style=\"font-family: 'times new roman', times, serif;\"><strong>C\u00d4NG D\u1ee4NG:\u00a0<\/strong><\/span><\/p>\n<ul>\n<li><span style=\"font-family: 'times new roman', times, serif;\">S\u00e0n nh\u00e0 s\u00e1ng b\u00f3ng ch\u1ec9 sau 1 l\u1ea7n lau.<\/span><\/li>\n<li><span style=\"font-family: 'times new roman', times, serif;\">Ho\u1ea1t \u0111\u1ed9ng hi\u1ec7u qu\u1ea3 v\u1edbi m\u1ecdi lo\u1ea1i s\u00e0n, k\u1ec3 c\u1ea3 s\u00e0n g\u1ed7.<\/span><\/li>\n<li><span style=\"font-family: 'times new roman', times, serif;\">Xua \u0111u\u1ed5i c\u00f4n tr\u00f9ng hi\u1ec7u qu\u1ea3.<\/span><\/li>\n<li><span style=\"font-family: 'times new roman', times, serif;\">L\u01b0u h\u01b0\u01a1ng th\u01a1m d\u00e0i l\u00e2u.<\/span><\/li>\n<\/ul>\n<p><span style=\"font-family: 'times new roman', times, serif;\"><strong>H\u01af\u1edaNG D\u1eaaN S\u1eec D\u1ee4NG:<\/strong><\/span><\/p>\n<ul>\n<li><span style=\"font-family: 'times new roman', times, serif;\">Pha lo\u00e3ng s\u1ea3n ph\u1ea9m v\u1edbi n\u01b0\u1edbc theo t\u1ef7 l\u1ec7: 10ml \u2013 20ml s\u1ea3n ph\u1ea9m trong 1 l\u00edt n\u01b0\u1edbc.<\/span><\/li>\n<li><span style=\"font-family: 'times new roman', times, serif;\">Kh\u00f4ng c\u1ea7n lau l\u1ea1i b\u1eb1ng n\u01b0\u1edbc.<\/span><\/li>\n<\/ul>\n<p><span style=\"font-family: 'times new roman', times, serif;\">* L\u01b0u \u00fd:<\/span><\/p>\n<ul>\n<li><span style=\"font-family: 'times new roman', times, serif;\">Tr\u00e1nh xa t\u1ea7m tay tr\u1ebb em.<\/span><\/li>\n<li><span style=\"font-family: 'times new roman', times, serif;\">Tuy\u1ec7t \u0111\u1ed1i kh\u00f4ng \u0111\u1ec3 ti\u1ebfp x\u00fac v\u1edbi m\u1eaft.<\/span><\/li>\n<li><span style=\"font-family: 'times new roman', times, serif;\">B\u1ea3o qu\u1ea3n s\u1ea3n ph\u1ea9m \u1edf n\u01a1i kh\u00f4 r\u00e1o, tho\u00e1ng m\u00e1t.<\/span><\/li>\n<li>Tr\u00e1nh nhi\u1ec7t \u0111\u1ed9 cao v\u00e0 \u00e1nh n\u1eafng tr\u1ef1c ti\u1ebfp t\u1eeb m\u1eb7t tr\u1eddi.<\/li>\n<\/ul>\n<\/div>\n<p>C\u00d4NG TY TNHH TM-DV \u0110\u1ea6U T\u01af &amp; PH\u00c1T TRI\u1ec2N C\u00d4NG NGH\u1ec6 TO\u00c0N GIA<\/p>\n<p>VPGD: ng\u00f5 88 ph\u1ed1 Gi\u00e1p Nh\u1ecb, Th\u1ecbnh Li\u1ec7t, Ho\u00e0ng Mai, H\u00e0 N\u1ed9i<\/p>\n<p>X\u01b0\u1edfng s\u1ea3n xu\u1ea5t: L\u1ea1c \u0110\u1ea1o, V\u0103n L\u00e2m, H\u01b0ng Y\u00ean<\/p>\n<p>M\u1ecdi nhu c\u1ea7u Li\u00ean h\u1ec7:<\/p>\n<p>???Hotline: 094 3030 117???<\/p>\n<p>Ph\u00f2ng Kinh doanh: 0918 92 55 22<\/p>\n<p>Ph\u00f2ng K\u1ef9 thu\u1eadt: 0918 26 55 22<\/p>\n<p>Ph\u00f2ng K\u1ebf to\u00e1n: 0916 49 88 22<\/p>\n<p>Tell: 024 3995 0208 \/ 0916 35 88 22<\/p>\n<p>Gmail: <a href=\"mailto:toangiamayvanphong@gmail.com\">toangiamayvanphong@gmail.com<\/a><\/p>\n<p>Web: <u>https:\/\/toangiamayvanphong.vn\/<\/u><\/p>\n","protected":false},"excerpt":{"rendered":"<p><img decoding=\"async\" class=\"emoji\" role=\"img\" draggable=\"false\" src=\"https:\/\/s.w.org\/images\/core\/emoji\/14.0.0\/svg\/1f308.svg\" alt=\"?\" \/><img decoding=\"async\" class=\"emoji\" role=\"img\" draggable=\"false\" src=\"https:\/\/s.w.org\/images\/core\/emoji\/14.0.0\/svg\/1f308.svg\" alt=\"?\" \/><img decoding=\"async\" class=\"emoji\" role=\"img\" draggable=\"false\" src=\"https:\/\/s.w.org\/images\/core\/emoji\/14.0.0\/svg\/1f308.svg\" alt=\"?\" \/>N\u01af\u1edaC LAU S\u00c0N KAZOKU H\u01af\u01a0NG THANH TR\u00daC 1.8KG<\/p>\n<p><span style=\"font-family: 'times new roman', times, serif;\"><strong>C\u00d4NG D\u1ee4NG:<\/strong><\/span><\/p>\n<ul>\n<li><span style=\"font-family: 'times new roman', times, serif;\">S\u00e0n nh\u00e0 s\u00e1ng b\u00f3ng ch\u1ec9 sau 1 l\u1ea7n lau.<\/span><\/li>\n<li><span style=\"font-family: 'times new roman', times, serif;\">Ho\u1ea1t \u0111\u1ed9ng hi\u1ec7u qu\u1ea3 v\u1edbi m\u1ecdi lo\u1ea1i s\u00e0n, k\u1ec3 c\u1ea3 s\u00e0n g\u1ed7.<\/span><\/li>\n<li><span style=\"font-family: 'times new roman', times, serif;\">Xua \u0111u\u1ed5i c\u00f4n tr\u00f9ng hi\u1ec7u qu\u1ea3.<\/span><\/li>\n<li><span style=\"font-family: 'times new roman', times, serif;\">L\u01b0u h\u01b0\u01a1ng th\u01a1m d\u00e0i l\u00e2u.<\/span><\/li>\n<\/ul>\n<p><span style=\"font-family: 'times new roman', times, serif;\"><strong>H\u01af\u1edaNG D\u1eaaN S\u1eec D\u1ee4NG:<\/strong><\/span><\/p>\n<ul>\n<li><span style=\"font-family: 'times new roman', times, serif;\">Pha lo\u00e3ng s\u1ea3n ph\u1ea9m v\u1edbi n\u01b0\u1edbc theo t\u1ef7 l\u1ec7: 10ml \u2013 20ml s\u1ea3n ph\u1ea9m trong 1 l\u00edt n\u01b0\u1edbc.<\/span><\/li>\n<li><span style=\"font-family: 'times new roman', times, serif;\">Kh\u00f4ng c\u1ea7n lau l\u1ea1i b\u1eb1ng n\u01b0\u1edbc.<\/span><\/li>\n<\/ul>\n<p><span style=\"font-family: 'times new roman', times, serif;\">* L\u01b0u \u00fd:<\/span><\/p>\n<ul>\n<li><span style=\"font-family: 'times new roman', times, serif;\">Tr\u00e1nh xa t\u1ea7m tay tr\u1ebb em.<\/span><\/li>\n<li><span style=\"font-family: 'times new roman', times, serif;\">Tuy\u1ec7t \u0111\u1ed1i kh\u00f4ng \u0111\u1ec3 ti\u1ebfp x\u00fac v\u1edbi m\u1eaft.<\/span><\/li>\n<li><span style=\"font-family: 'times new roman', times, serif;\">B\u1ea3o qu\u1ea3n s\u1ea3n ph\u1ea9m \u1edf n\u01a1i kh\u00f4 r\u00e1o, tho\u00e1ng m\u00e1t.<\/span><\/li>\n<li>Tr\u00e1nh nhi\u1ec7t \u0111\u1ed9 cao v\u00e0 \u00e1nh n\u1eafng tr\u1ef1c ti\u1ebfp t\u1eeb m\u1eb7t tr\u1eddi.<\/li>\n<\/ul>\n<p>Th\u01b0\u01a1ng hi\u1ec7u:\u00a0 M\u1edaI 100%\u00a0 \u00a0 \u00a0 \u00a0 \u00a0 \u00a0 | T\u00ecnh tr\u1ea1ng : C\u00f2n h\u00e0ng<\/p>\n<p>Vui l\u00f2ng li\u00ean h\u1ec7 \u0111\u1ec3 l\u1ea5y gi\u00e1 g\u1ed1c v\u00e0 khuy\u1ebfn m\u1ea1i<\/p>\n<hr \/>\n<p>Sa\u0309n ph\u00e2\u0309m \u0111\u01b0\u01a1\u0323c ba\u0301n ta\u0323i :<\/p>\n<p>C\u00d4NG TY TNHH TM-DV \u0110\u1ea6U T\u01af &amp; PH\u00c1T TRI\u1ec2N C\u00d4NG NGH\u1ec6 TO\u00c0N GIA<\/p>\n<p>VPGD: ng\u00f5 88 ph\u1ed1 Gi\u00e1p Nh\u1ecb, Th\u1ecbnh Li\u1ec7t, Ho\u00e0ng Mai, H\u00e0 N\u1ed9i<\/p>\n<p>X\u01b0\u1edfng s\u1ea3n xu\u1ea5t: L\u1ea1c \u0110\u1ea1o, V\u0103n L\u00e2m, H\u01b0ng Y\u00ean<\/p>\n<p>M\u1ecdi nhu c\u1ea7u Li\u00ean h\u1ec7:<\/p>\n<p><span style=\"color: #ff0000;\">???Hotline: 094 3030 117???<\/span><\/p>\n<p>Ph\u00f2ng Kinh doanh: 0918 92 55 22<\/p>\n<p>Ph\u00f2ng K\u1ef9 thu\u1eadt: 0918 26 55 22<\/p>\n<p>Ph\u00f2ng K\u1ebf to\u00e1n: 0916 49 88 22<\/p>\n<p>Tell: 024 3995 0208 \/ 0916 35 88 22<\/p>\n<p>Gmail: <a href=\"mailto:toangiamayvanphong@gmail.com\">toangiamayvanphong@gmail.com<\/a><\/p>\n<p>Web: <u>https:\/\/toangiamayvanphong.vn\/<\/u><\/p>\n<p>&nbsp;<\/p>\n","protected":false},"featured_media":1999,"comment_status":"open","ping_status":"closed","template":"","meta":[],"product_brand":[],"product_cat":[216],"product_tag":[328,329],"class_list":{"0":"post-2403","1":"product","2":"type-product","3":"status-publish","4":"has-post-thumbnail","6":"product_cat-chua-phan-loai","7":"product_tag-nuoc-lau-san-thanh-truc","8":"product_tag-nuoc-sau-san-kazoku","10":"first","11":"instock","12":"taxable","13":"shipping-taxable","14":"product-type-simple"},"_links":{"self":[{"href":"https:\/\/toangiamayvanphong.vn\/index.php?rest_route=\/wp\/v2\/product\/2403","targetHints":{"allow":["GET"]}}],"collection":[{"href":"https:\/\/toangiamayvanphong.vn\/index.php?rest_route=\/wp\/v2\/product"}],"about":[{"href":"https:\/\/toangiamayvanphong.vn\/index.php?rest_route=\/wp\/v2\/types\/product"}],"replies":[{"embeddable":true,"href":"https:\/\/toangiamayvanphong.vn\/index.php?rest_route=%2Fwp%2Fv2%2Fcomments&post=2403"}],"wp:featuredmedia":[{"embeddable":true,"href":"https:\/\/toangiamayvanphong.vn\/index.php?rest_route=\/wp\/v2\/media\/1999"}],"wp:attachment":[{"href":"https:\/\/toangiamayvanphong.vn\/index.php?rest_route=%2Fwp%2Fv2%2Fmedia&parent=2403"}],"wp:term":[{"taxonomy":"product_brand","embeddable":true,"href":"https:\/\/toangiamayvanphong.vn\/index.php?rest_route=%2Fwp%2Fv2%2Fproduct_brand&post=2403"},{"taxonomy":"product_cat","embeddable":true,"href":"https:\/\/toangiamayvanphong.vn\/index.php?rest_route=%2Fwp%2Fv2%2Fproduct_cat&post=2403"},{"taxonomy":"product_tag","embeddable":true,"href":"https:\/\/toangiamayvanphong.vn\/index.php?rest_route=%2Fwp%2Fv2%2Fproduct_tag&post=2403"}],"curies":[{"name":"wp","href":"https:\/\/api.w.org\/{rel}","templated":true}]}}