{"id":2422,"date":"2023-07-09T11:15:08","date_gmt":"2023-07-09T04:15:08","guid":{"rendered":"https:\/\/toangiamayvanphong.vn\/?post_type=product&#038;p=2422"},"modified":"2023-07-09T11:15:11","modified_gmt":"2023-07-09T04:15:11","slug":"gia-cong-cartridge-hop-muc-may-in","status":"publish","type":"product","link":"https:\/\/toangiamayvanphong.vn\/?product=gia-cong-cartridge-hop-muc-may-in","title":{"rendered":"Gia c\u00f4ng cartridge \/ h\u1ed9p m\u1ef1c m\u00e1y in"},"content":{"rendered":"<div dir=\"auto\"><\/div>\n<div dir=\"auto\"><span style=\"font-size: 18pt;\"><strong><span style=\"color: #0000ff; font-family: 'times new roman', times, serif;\">Gia c\u00f4ng cartridge \/ h\u1ed9p m\u1ef1c m\u00e1y in<\/span><\/strong><\/span><\/div>\n<div dir=\"auto\">Nh\u1eadn gia c\u00f4ng sx t\u1ea5t c\u1ea3 c\u00e1c lo\u1ea1i cartrigde (ph\u00f4i h\u1ecbn 1 n\u01b0\u1edbc, m\u1ef1c x\u1ecbn, m\u1eabu m\u00e3 ch\u1ea5t theo \u0111\u00fang y\u00eau c\u1ea7u c\u1ee7a &#8221; Th\u01b0\u1ee3ng \u0111\u1ebf&#8221;), gi\u00e1 c\u1ea3 &#8221; B\u1ea5t ng\u1edd&#8221;<\/div>\n<div dir=\"auto\">Nh\u1eadn gia c\u00f4ng sx c\u00e1c m\u00e3 cartridge v\u0103n ph\u00f2ng \u0111\u1ebfn c\u00f4ng nghi\u1ec7p, in can, in s\u1ed5 \u0111\u1ecf, b\u00eca d\u00e0y chuy\u00ean d\u1ee5ng<\/div>\n<div dir=\"auto\">P\/S: Ng\u1ea1i g\u00ec kh\u00f4ng th\u1eed, m\u1ea5t g\u00ec \u0111\u00e2u m\u00e0 k li\u00ean h\u1ec7 (th\u00eam anh em, th\u00eam b\u1eb1ng h\u1eefu)<\/div>\n<p><span class=\"text\">T\u200br\u00e2n tr\u1ecdng!<\/span><\/p>\n<p><span class=\"text\">\u2014\u2013***\u2014\u2013<\/span><\/p>\n<p><span class=\"text\">C\u00d4NG TY TNHH TM-DV \u0110\u1ea6U T\u01af &amp; PH\u00c1T TRI\u1ec2N C\u00d4NG NGH\u1ec6 TO\u00c0N GIA<\/span><\/p>\n<p><span class=\"text\">VPGD: ng\u00f5 88 ph\u1ed1 Gi\u00e1p Nh\u1ecb, Th\u1ecbnh Li\u1ec7t, Ho\u00e0ng Mai, H\u00e0 N\u1ed9i<\/span><\/p>\n<p><span class=\"text\">X\u01b0\u1edfng s\u1ea3n xu\u1ea5t: L\u1ea1c \u0110\u1ea1o, V\u0103n L\u00e2m, H\u01b0ng Y\u00ean<\/span><\/p>\n<p><span class=\"text\">M\u1ecdi nhu c\u1ea7u Li\u00ean h\u1ec7:<\/span><\/p>\n<p><span class=\"text\">Ph\u00f2ng Kinh doanh:\u00a0<\/span><a class=\"text-is-phone-number\">0918 92 55 22<\/a><\/p>\n<p><span class=\"text\">Ph\u00f2ng K\u1ef9 thu\u1eadt:\u00a0<\/span><a class=\"text-is-phone-number\">0918 26 55 22<\/a><\/p>\n<p><span class=\"text\">Ph\u00f2ng K\u1ebf to\u00e1n:\u00a0<\/span><a class=\"text-is-phone-number\">0916 49 88 22<\/a><\/p>\n<p><span class=\"text\">Tell: 024 3995 0208 \/\u00a0<\/span><a class=\"text-is-phone-number\">0916 35 88 22<\/a><span class=\"text\">\u00a0<\/span><\/p>\n<p><span class=\"emoji-sizer emoji-outer \"><img decoding=\"async\" class=\"emoji\" role=\"img\" draggable=\"false\" src=\"https:\/\/s.w.org\/images\/core\/emoji\/14.0.0\/svg\/1f525.svg\" alt=\"?\" \/><\/span><span class=\"emoji-sizer emoji-outer \"><img decoding=\"async\" class=\"emoji\" role=\"img\" draggable=\"false\" src=\"https:\/\/s.w.org\/images\/core\/emoji\/14.0.0\/svg\/1f525.svg\" alt=\"?\" \/><\/span><span class=\"text\"><img decoding=\"async\" class=\"emoji\" role=\"img\" draggable=\"false\" src=\"https:\/\/s.w.org\/images\/core\/emoji\/14.0.0\/svg\/1f525.svg\" alt=\"?\" \/>Hotline:\u00a0<\/span><a class=\"text-is-phone-number\">094 3030 117<\/a><span class=\"emoji-sizer emoji-outer \"><img decoding=\"async\" class=\"emoji\" role=\"img\" draggable=\"false\" src=\"https:\/\/s.w.org\/images\/core\/emoji\/14.0.0\/svg\/1f525.svg\" alt=\"?\" \/><\/span><span class=\"emoji-sizer emoji-outer \"><img decoding=\"async\" class=\"emoji\" role=\"img\" draggable=\"false\" src=\"https:\/\/s.w.org\/images\/core\/emoji\/14.0.0\/svg\/1f525.svg\" alt=\"?\" \/><\/span><span class=\"emoji-sizer emoji-outer \"><img decoding=\"async\" class=\"emoji\" role=\"img\" draggable=\"false\" src=\"https:\/\/s.w.org\/images\/core\/emoji\/14.0.0\/svg\/1f525.svg\" alt=\"?\" \/><\/span><\/p>\n<p><span class=\"text\">Gmail:\u00a0<\/span><a class=\"text-is-email\" href=\"mailto:toangiamayvanphong@gmail.com\" target=\"_blank\" rel=\"noopener\">toangiamayvanphong@gmail.com<\/a><\/p>\n<p>Web: toangiamayvanphong.vn<\/p>\n","protected":false},"excerpt":{"rendered":"<p><span style=\"font-size: 18pt;\"><strong><span style=\"color: #0000ff; font-family: 'times new roman', times, serif;\">Gia c\u00f4ng cartridge \/ h\u1ed9p m\u1ef1c m\u00e1y in<\/span><\/strong><\/span><\/p>\n","protected":false},"featured_media":2075,"comment_status":"open","ping_status":"closed","template":"","meta":[],"product_brand":[],"product_cat":[352],"product_tag":[131,353,354],"class_list":{"0":"post-2422","1":"product","2":"type-product","3":"status-publish","4":"has-post-thumbnail","6":"product_cat-dich-vu-do-muc-may-in-sua-chua-mvp","7":"product_tag-cartridge","8":"product_tag-gia-cong","9":"product_tag-hop-muc-may-in","11":"first","12":"instock","13":"taxable","14":"shipping-taxable","15":"purchasable","16":"product-type-simple"},"_links":{"self":[{"href":"https:\/\/toangiamayvanphong.vn\/index.php?rest_route=\/wp\/v2\/product\/2422","targetHints":{"allow":["GET"]}}],"collection":[{"href":"https:\/\/toangiamayvanphong.vn\/index.php?rest_route=\/wp\/v2\/product"}],"about":[{"href":"https:\/\/toangiamayvanphong.vn\/index.php?rest_route=\/wp\/v2\/types\/product"}],"replies":[{"embeddable":true,"href":"https:\/\/toangiamayvanphong.vn\/index.php?rest_route=%2Fwp%2Fv2%2Fcomments&post=2422"}],"wp:featuredmedia":[{"embeddable":true,"href":"https:\/\/toangiamayvanphong.vn\/index.php?rest_route=\/wp\/v2\/media\/2075"}],"wp:attachment":[{"href":"https:\/\/toangiamayvanphong.vn\/index.php?rest_route=%2Fwp%2Fv2%2Fmedia&parent=2422"}],"wp:term":[{"taxonomy":"product_brand","embeddable":true,"href":"https:\/\/toangiamayvanphong.vn\/index.php?rest_route=%2Fwp%2Fv2%2Fproduct_brand&post=2422"},{"taxonomy":"product_cat","embeddable":true,"href":"https:\/\/toangiamayvanphong.vn\/index.php?rest_route=%2Fwp%2Fv2%2Fproduct_cat&post=2422"},{"taxonomy":"product_tag","embeddable":true,"href":"https:\/\/toangiamayvanphong.vn\/index.php?rest_route=%2Fwp%2Fv2%2Fproduct_tag&post=2422"}],"curies":[{"name":"wp","href":"https:\/\/api.w.org\/{rel}","templated":true}]}}