{"id":2429,"date":"2023-07-09T11:15:08","date_gmt":"2023-07-09T04:15:08","guid":{"rendered":"https:\/\/toangiamayvanphong.vn\/?post_type=product&#038;p=2429"},"modified":"2023-07-09T11:15:12","modified_gmt":"2023-07-09T04:15:12","slug":"toner-17a-30a-30x","status":"publish","type":"product","link":"https:\/\/toangiamayvanphong.vn\/?product=toner-17a-30a-30x","title":{"rendered":"Toner 17A\/30A\/30X"},"content":{"rendered":"<p><span style=\"font-size: 8pt;\"><strong><span class=\"emoji-sizer emoji-outer \"><img decoding=\"async\" class=\"emoji\" role=\"img\" draggable=\"false\" src=\"https:\/\/s.w.org\/images\/core\/emoji\/14.0.0\/svg\/1f308.svg\" alt=\"?\" \/><\/span><span style=\"font-size: 12pt;\">\u00a0<span class=\"emoji-sizer emoji-outer \"><img decoding=\"async\" class=\"emoji\" role=\"img\" draggable=\"false\" src=\"https:\/\/s.w.org\/images\/core\/emoji\/14.0.0\/svg\/1f308.svg\" alt=\"?\" \/><span style=\"color: #0000ff;\">Toner 17A\/30A\/30X<\/span><\/span><\/span><\/strong><\/span><\/p>\n<div dir=\"auto\"><a class=\"x1i10hfl xjbqb8w x6umtig x1b1mbwd xaqea5y xav7gou x9f619 x1ypdohk xt0psk2 xe8uvvx xdj266r x11i5rnm xat24cr x1mh8g0r xexx8yu x4uap5 x18d9i69 xkhd6sd x16tdsg8 x1hl2dhg xggy1nq x1a2a7pz xt0b8zv x1qq9wsj xo1l8bm\" tabindex=\"0\" role=\"link\" href=\"https:\/\/www.facebook.com\/hashtag\/toner?__eep__=6&amp;__cft__[0]=AZXEwotdhR4cCklSj1uOn8utLCwZFyMhoUJNm-uZnuRfRjO_VNP5GpmPoMwHbHXhZQhv9UyuPbY1lVZFAeBgSSBobH77UFNTmx0fqM3_rD_jpQ283uWDKL0ZBy1s66ydU6nArbO9o0sCzXMPY2dkx111cLr36WxSQqadc9TOt0GlWw&amp;__tn__=*NK-R\">#Toner<\/a> 30A-30X, c\u00f3 ch\u00edp, kh\u00f4ng ch\u00edp<\/div>\n<div dir=\"auto\"><a class=\"x1i10hfl xjbqb8w x6umtig x1b1mbwd xaqea5y xav7gou x9f619 x1ypdohk xt0psk2 xe8uvvx xdj266r x11i5rnm xat24cr x1mh8g0r xexx8yu x4uap5 x18d9i69 xkhd6sd x16tdsg8 x1hl2dhg xggy1nq x1a2a7pz xt0b8zv x1qq9wsj xo1l8bm\" tabindex=\"0\" role=\"link\" href=\"https:\/\/www.facebook.com\/hashtag\/toner?__eep__=6&amp;__cft__[0]=AZXEwotdhR4cCklSj1uOn8utLCwZFyMhoUJNm-uZnuRfRjO_VNP5GpmPoMwHbHXhZQhv9UyuPbY1lVZFAeBgSSBobH77UFNTmx0fqM3_rD_jpQ283uWDKL0ZBy1s66ydU6nArbO9o0sCzXMPY2dkx111cLr36WxSQqadc9TOt0GlWw&amp;__tn__=*NK-R\">#Toner<\/a> 17A, c\u00f3 ch\u00edp, kh\u00f4ng ch\u00edp<\/div>\n<div dir=\"auto\">\n<div dir=\"auto\"><a class=\"x1i10hfl xjbqb8w x6umtig x1b1mbwd xaqea5y xav7gou x9f619 x1ypdohk xt0psk2 xe8uvvx xdj266r x11i5rnm xat24cr x1mh8g0r xexx8yu x4uap5 x18d9i69 xkhd6sd x16tdsg8 x1hl2dhg xggy1nq x1a2a7pz xt0b8zv x1qq9wsj xo1l8bm\" tabindex=\"0\" role=\"link\" href=\"https:\/\/www.facebook.com\/hashtag\/toner?__eep__=6&amp;__cft__[0]=AZVCqGN-tni_mwp37fkYP2QEh0lFkIq4XLXD6x0LxyD7az7IE9-cRnGLwI9aBQn6Nkp9emBqBwXmIj1qn7efhfAvinaw-WSq_c4I_xJHukblWAL83Ouvz5zti98yFWPBvDFRVriQkoisrGu93QlW9Auk305WDW8FqtyDfKwSVR6lOw&amp;__tn__=*NK-R\">#Toner<\/a> <a class=\"x1i10hfl xjbqb8w x6umtig x1b1mbwd xaqea5y xav7gou x9f619 x1ypdohk xt0psk2 xe8uvvx xdj266r x11i5rnm xat24cr x1mh8g0r xexx8yu x4uap5 x18d9i69 xkhd6sd x16tdsg8 x1hl2dhg xggy1nq x1a2a7pz xt0b8zv x1qq9wsj xo1l8bm\" tabindex=\"0\" role=\"link\" href=\"https:\/\/www.facebook.com\/hashtag\/17a?__eep__=6&amp;__cft__[0]=AZVCqGN-tni_mwp37fkYP2QEh0lFkIq4XLXD6x0LxyD7az7IE9-cRnGLwI9aBQn6Nkp9emBqBwXmIj1qn7efhfAvinaw-WSq_c4I_xJHukblWAL83Ouvz5zti98yFWPBvDFRVriQkoisrGu93QlW9Auk305WDW8FqtyDfKwSVR6lOw&amp;__tn__=*NK-R\">#17A<\/a>+ <a class=\"x1i10hfl xjbqb8w x6umtig x1b1mbwd xaqea5y xav7gou x9f619 x1ypdohk xt0psk2 xe8uvvx xdj266r x11i5rnm xat24cr x1mh8g0r xexx8yu x4uap5 x18d9i69 xkhd6sd x16tdsg8 x1hl2dhg xggy1nq x1a2a7pz xt0b8zv x1qq9wsj xo1l8bm\" tabindex=\"0\" role=\"link\" href=\"https:\/\/www.facebook.com\/hashtag\/toner?__eep__=6&amp;__cft__[0]=AZVCqGN-tni_mwp37fkYP2QEh0lFkIq4XLXD6x0LxyD7az7IE9-cRnGLwI9aBQn6Nkp9emBqBwXmIj1qn7efhfAvinaw-WSq_c4I_xJHukblWAL83Ouvz5zti98yFWPBvDFRVriQkoisrGu93QlW9Auk305WDW8FqtyDfKwSVR6lOw&amp;__tn__=*NK-R\">#Toner<\/a> <a class=\"x1i10hfl xjbqb8w x6umtig x1b1mbwd xaqea5y xav7gou x9f619 x1ypdohk xt0psk2 xe8uvvx xdj266r x11i5rnm xat24cr x1mh8g0r xexx8yu x4uap5 x18d9i69 xkhd6sd x16tdsg8 x1hl2dhg xggy1nq x1a2a7pz xt0b8zv x1qq9wsj xo1l8bm\" tabindex=\"0\" role=\"link\" href=\"https:\/\/www.facebook.com\/hashtag\/30a?__eep__=6&amp;__cft__[0]=AZVCqGN-tni_mwp37fkYP2QEh0lFkIq4XLXD6x0LxyD7az7IE9-cRnGLwI9aBQn6Nkp9emBqBwXmIj1qn7efhfAvinaw-WSq_c4I_xJHukblWAL83Ouvz5zti98yFWPBvDFRVriQkoisrGu93QlW9Auk305WDW8FqtyDfKwSVR6lOw&amp;__tn__=*NK-R\">#30A<\/a> + <a class=\"x1i10hfl xjbqb8w x6umtig x1b1mbwd xaqea5y xav7gou x9f619 x1ypdohk xt0psk2 xe8uvvx xdj266r x11i5rnm xat24cr x1mh8g0r xexx8yu x4uap5 x18d9i69 xkhd6sd x16tdsg8 x1hl2dhg xggy1nq x1a2a7pz xt0b8zv x1qq9wsj xo1l8bm\" tabindex=\"0\" role=\"link\" href=\"https:\/\/www.facebook.com\/hashtag\/drum?__eep__=6&amp;__cft__[0]=AZVCqGN-tni_mwp37fkYP2QEh0lFkIq4XLXD6x0LxyD7az7IE9-cRnGLwI9aBQn6Nkp9emBqBwXmIj1qn7efhfAvinaw-WSq_c4I_xJHukblWAL83Ouvz5zti98yFWPBvDFRVriQkoisrGu93QlW9Auk305WDW8FqtyDfKwSVR6lOw&amp;__tn__=*NK-R\">#Drum<\/a> <a class=\"x1i10hfl xjbqb8w x6umtig x1b1mbwd xaqea5y xav7gou x9f619 x1ypdohk xt0psk2 xe8uvvx xdj266r x11i5rnm xat24cr x1mh8g0r xexx8yu x4uap5 x18d9i69 xkhd6sd x16tdsg8 x1hl2dhg xggy1nq x1a2a7pz xt0b8zv x1qq9wsj xo1l8bm\" tabindex=\"0\" role=\"link\" href=\"https:\/\/www.facebook.com\/hashtag\/32a?__eep__=6&amp;__cft__[0]=AZVCqGN-tni_mwp37fkYP2QEh0lFkIq4XLXD6x0LxyD7az7IE9-cRnGLwI9aBQn6Nkp9emBqBwXmIj1qn7efhfAvinaw-WSq_c4I_xJHukblWAL83Ouvz5zti98yFWPBvDFRVriQkoisrGu93QlW9Auk305WDW8FqtyDfKwSVR6lOw&amp;__tn__=*NK-R\">#32A<\/a><\/div>\n<div dir=\"auto\">&gt;&gt; Ch\u00fang t\u00f4i cung c\u1ea5p gi\u1ea3i ph\u00e1p \u0111\u1ed3ng b\u1ed9 hi\u1ec7u qu\u1ea3 nh\u1ea5t cho d\u00f2ng m\u00e1y ch\u1ea1y TN 17A v\u00e0 (Drum 32-TN 30A). V\u1edbi ngu\u1ed3n tr\u1ed1ng v\u00e0 m\u1ef1c b\u00f3c m\u00e1y h\u00e3ng.<\/div>\n<div dir=\"auto\">&gt;&gt; Song song v\u1edbi vi\u1ec7c h\u1ed7 tr\u1ee3 k\u1ef9 thu\u1eadt cho c\u00e1c ACE k\u1ef9 thu\u1eadt gi\u00fap m\u00e1y ch\u1ea1y c\u1ef1 k\u1ef3 \u1ed5n \u0111\u1ecbnh v\u00e0 m\u01b0\u1ee3t m\u00e0 v\u1edbi gi\u00e1 v\u00f4 c\u00f9ng h\u1ea1t d\u1ebb.<\/div>\n<div dir=\"auto\">\n<div dir=\"auto\"><a class=\"x1i10hfl xjbqb8w x6umtig x1b1mbwd xaqea5y xav7gou x9f619 x1ypdohk xt0psk2 xe8uvvx xdj266r x11i5rnm xat24cr x1mh8g0r xexx8yu x4uap5 x18d9i69 xkhd6sd x16tdsg8 x1hl2dhg xggy1nq x1a2a7pz xt0b8zv x1qq9wsj xo1l8bm\" tabindex=\"0\" role=\"link\" href=\"https:\/\/www.facebook.com\/hashtag\/c%E1%BB%A5m?__eep__=6&amp;__cft__[0]=AZV9sxF-Fn78lgMkHxzN_hMrhOjLpay8wVemcJD9I3LO9l_lNxXy97cvzIjj-EbDgTzGUOixEDW1EokibNyVWIoDnDM0zhkoe6RrajDm19Nq3BHrthXbQwdWqbukJYBxDpvH9vlEyL_EhAmSSPq3xdEAOS7-CHZVvNezUhxpPoiRIw&amp;__tn__=*NK-R\">#C\u1ee5m<\/a> <a class=\"x1i10hfl xjbqb8w x6umtig x1b1mbwd xaqea5y xav7gou x9f619 x1ypdohk xt0psk2 xe8uvvx xdj266r x11i5rnm xat24cr x1mh8g0r xexx8yu x4uap5 x18d9i69 xkhd6sd x16tdsg8 x1hl2dhg xggy1nq x1a2a7pz xt0b8zv x1qq9wsj xo1l8bm\" tabindex=\"0\" role=\"link\" href=\"https:\/\/www.facebook.com\/hashtag\/drum?__eep__=6&amp;__cft__[0]=AZV9sxF-Fn78lgMkHxzN_hMrhOjLpay8wVemcJD9I3LO9l_lNxXy97cvzIjj-EbDgTzGUOixEDW1EokibNyVWIoDnDM0zhkoe6RrajDm19Nq3BHrthXbQwdWqbukJYBxDpvH9vlEyL_EhAmSSPq3xdEAOS7-CHZVvNezUhxpPoiRIw&amp;__tn__=*NK-R\">#drum<\/a> <a class=\"x1i10hfl xjbqb8w x6umtig x1b1mbwd xaqea5y xav7gou x9f619 x1ypdohk xt0psk2 xe8uvvx xdj266r x11i5rnm xat24cr x1mh8g0r xexx8yu x4uap5 x18d9i69 xkhd6sd x16tdsg8 x1hl2dhg xggy1nq x1a2a7pz xt0b8zv x1qq9wsj xo1l8bm\" tabindex=\"0\" role=\"link\" href=\"https:\/\/www.facebook.com\/hashtag\/hp?__eep__=6&amp;__cft__[0]=AZV9sxF-Fn78lgMkHxzN_hMrhOjLpay8wVemcJD9I3LO9l_lNxXy97cvzIjj-EbDgTzGUOixEDW1EokibNyVWIoDnDM0zhkoe6RrajDm19Nq3BHrthXbQwdWqbukJYBxDpvH9vlEyL_EhAmSSPq3xdEAOS7-CHZVvNezUhxpPoiRIw&amp;__tn__=*NK-R\">#HP<\/a> <a class=\"x1i10hfl xjbqb8w x6umtig x1b1mbwd xaqea5y xav7gou x9f619 x1ypdohk xt0psk2 xe8uvvx xdj266r x11i5rnm xat24cr x1mh8g0r xexx8yu x4uap5 x18d9i69 xkhd6sd x16tdsg8 x1hl2dhg xggy1nq x1a2a7pz xt0b8zv x1qq9wsj xo1l8bm\" tabindex=\"0\" role=\"link\" href=\"https:\/\/www.facebook.com\/hashtag\/32a?__eep__=6&amp;__cft__[0]=AZV9sxF-Fn78lgMkHxzN_hMrhOjLpay8wVemcJD9I3LO9l_lNxXy97cvzIjj-EbDgTzGUOixEDW1EokibNyVWIoDnDM0zhkoe6RrajDm19Nq3BHrthXbQwdWqbukJYBxDpvH9vlEyL_EhAmSSPq3xdEAOS7-CHZVvNezUhxpPoiRIw&amp;__tn__=*NK-R\">#32A<\/a> (CF232A) d\u00f9ng cho m\u00e1y in M227 v\u00e0 M203. Ri\u00eang v\u1edbi d\u00f2ng m\u00e1y in n\u00e0y th\u00ec c\u1ee5m drum n\u1eb1m ri\u00eang h\u1ed9p m\u1ef1c n\u1eb1m ri\u00eang. N\u00ean sau khi mua m\u00e1y in, b\u1ea1n c\u1ea7n ph\u1ea3i mua th\u00eam h\u1ed9p m\u1ef1c in HP 30A (CF230A) v\u00e0 c\u1ee5m drum HP 32A (CF232A). H\u1ed9p m\u1ef1c l\u00e0 n\u01a1i ch\u1ee9a b\u1ed9t (m\u1ef1c) \u0111\u01b0\u1ee3c s\u1eed d\u1ee5ng \u0111\u1ec3 t\u1ea1o ch\u1eef v\u00e0 h\u00ecnh \u1ea3nh.<\/div>\n<div dir=\"auto\">&#8212;-&gt;&gt;C\u00f4ng ty To\u00e0n Gia cung c\u1ea5p ch\u1ecdn b\u1ed9 <a class=\"x1i10hfl xjbqb8w x6umtig x1b1mbwd xaqea5y xav7gou x9f619 x1ypdohk xt0psk2 xe8uvvx xdj266r x11i5rnm xat24cr x1mh8g0r xexx8yu x4uap5 x18d9i69 xkhd6sd x16tdsg8 x1hl2dhg xggy1nq x1a2a7pz xt0b8zv x1qq9wsj xo1l8bm\" tabindex=\"0\" role=\"link\" href=\"https:\/\/www.facebook.com\/hashtag\/m%E1%BB%B1c?__eep__=6&amp;__cft__[0]=AZV9sxF-Fn78lgMkHxzN_hMrhOjLpay8wVemcJD9I3LO9l_lNxXy97cvzIjj-EbDgTzGUOixEDW1EokibNyVWIoDnDM0zhkoe6RrajDm19Nq3BHrthXbQwdWqbukJYBxDpvH9vlEyL_EhAmSSPq3xdEAOS7-CHZVvNezUhxpPoiRIw&amp;__tn__=*NK-R\">#m\u1ef1c<\/a> <a class=\"x1i10hfl xjbqb8w x6umtig x1b1mbwd xaqea5y xav7gou x9f619 x1ypdohk xt0psk2 xe8uvvx xdj266r x11i5rnm xat24cr x1mh8g0r xexx8yu x4uap5 x18d9i69 xkhd6sd x16tdsg8 x1hl2dhg xggy1nq x1a2a7pz xt0b8zv x1qq9wsj xo1l8bm\" tabindex=\"0\" role=\"link\" href=\"https:\/\/www.facebook.com\/hashtag\/%C4%91%E1%BB%95?__eep__=6&amp;__cft__[0]=AZV9sxF-Fn78lgMkHxzN_hMrhOjLpay8wVemcJD9I3LO9l_lNxXy97cvzIjj-EbDgTzGUOixEDW1EokibNyVWIoDnDM0zhkoe6RrajDm19Nq3BHrthXbQwdWqbukJYBxDpvH9vlEyL_EhAmSSPq3xdEAOS7-CHZVvNezUhxpPoiRIw&amp;__tn__=*NK-R\">#\u0111\u1ed5<\/a> <a class=\"x1i10hfl xjbqb8w x6umtig x1b1mbwd xaqea5y xav7gou x9f619 x1ypdohk xt0psk2 xe8uvvx xdj266r x11i5rnm xat24cr x1mh8g0r xexx8yu x4uap5 x18d9i69 xkhd6sd x16tdsg8 x1hl2dhg xggy1nq x1a2a7pz xt0b8zv x1qq9wsj xo1l8bm\" tabindex=\"0\" role=\"link\" href=\"https:\/\/www.facebook.com\/hashtag\/17a?__eep__=6&amp;__cft__[0]=AZV9sxF-Fn78lgMkHxzN_hMrhOjLpay8wVemcJD9I3LO9l_lNxXy97cvzIjj-EbDgTzGUOixEDW1EokibNyVWIoDnDM0zhkoe6RrajDm19Nq3BHrthXbQwdWqbukJYBxDpvH9vlEyL_EhAmSSPq3xdEAOS7-CHZVvNezUhxpPoiRIw&amp;__tn__=*NK-R\">#17A<\/a>\/30A\/30X h\u00fat h\u00e3ng+ <a class=\"x1i10hfl xjbqb8w x6umtig x1b1mbwd xaqea5y xav7gou x9f619 x1ypdohk xt0psk2 xe8uvvx xdj266r x11i5rnm xat24cr x1mh8g0r xexx8yu x4uap5 x18d9i69 xkhd6sd x16tdsg8 x1hl2dhg xggy1nq x1a2a7pz xt0b8zv x1qq9wsj xo1l8bm\" tabindex=\"0\" role=\"link\" href=\"https:\/\/www.facebook.com\/hashtag\/c%E1%BB%A5m?__eep__=6&amp;__cft__[0]=AZV9sxF-Fn78lgMkHxzN_hMrhOjLpay8wVemcJD9I3LO9l_lNxXy97cvzIjj-EbDgTzGUOixEDW1EokibNyVWIoDnDM0zhkoe6RrajDm19Nq3BHrthXbQwdWqbukJYBxDpvH9vlEyL_EhAmSSPq3xdEAOS7-CHZVvNezUhxpPoiRIw&amp;__tn__=*NK-R\">#c\u1ee5m<\/a> <a class=\"x1i10hfl xjbqb8w x6umtig x1b1mbwd xaqea5y xav7gou x9f619 x1ypdohk xt0psk2 xe8uvvx xdj266r x11i5rnm xat24cr x1mh8g0r xexx8yu x4uap5 x18d9i69 xkhd6sd x16tdsg8 x1hl2dhg xggy1nq x1a2a7pz xt0b8zv x1qq9wsj xo1l8bm\" tabindex=\"0\" role=\"link\" href=\"https:\/\/www.facebook.com\/hashtag\/tr%E1%BB%91ng?__eep__=6&amp;__cft__[0]=AZV9sxF-Fn78lgMkHxzN_hMrhOjLpay8wVemcJD9I3LO9l_lNxXy97cvzIjj-EbDgTzGUOixEDW1EokibNyVWIoDnDM0zhkoe6RrajDm19Nq3BHrthXbQwdWqbukJYBxDpvH9vlEyL_EhAmSSPq3xdEAOS7-CHZVvNezUhxpPoiRIw&amp;__tn__=*NK-R\">#tr\u1ed1ng<\/a> <a class=\"x1i10hfl xjbqb8w x6umtig x1b1mbwd xaqea5y xav7gou x9f619 x1ypdohk xt0psk2 xe8uvvx xdj266r x11i5rnm xat24cr x1mh8g0r xexx8yu x4uap5 x18d9i69 xkhd6sd x16tdsg8 x1hl2dhg xggy1nq x1a2a7pz xt0b8zv x1qq9wsj xo1l8bm\" tabindex=\"0\" role=\"link\" href=\"https:\/\/www.facebook.com\/hashtag\/32a?__eep__=6&amp;__cft__[0]=AZV9sxF-Fn78lgMkHxzN_hMrhOjLpay8wVemcJD9I3LO9l_lNxXy97cvzIjj-EbDgTzGUOixEDW1EokibNyVWIoDnDM0zhkoe6RrajDm19Nq3BHrthXbQwdWqbukJYBxDpvH9vlEyL_EhAmSSPq3xdEAOS7-CHZVvNezUhxpPoiRIw&amp;__tn__=*NK-R\">#32A<\/a>+ <a class=\"x1i10hfl xjbqb8w x6umtig x1b1mbwd xaqea5y xav7gou x9f619 x1ypdohk xt0psk2 xe8uvvx xdj266r x11i5rnm xat24cr x1mh8g0r xexx8yu x4uap5 x18d9i69 xkhd6sd x16tdsg8 x1hl2dhg xggy1nq x1a2a7pz xt0b8zv x1qq9wsj xo1l8bm\" tabindex=\"0\" role=\"link\" href=\"https:\/\/www.facebook.com\/hashtag\/h%E1%BB%99p?__eep__=6&amp;__cft__[0]=AZV9sxF-Fn78lgMkHxzN_hMrhOjLpay8wVemcJD9I3LO9l_lNxXy97cvzIjj-EbDgTzGUOixEDW1EokibNyVWIoDnDM0zhkoe6RrajDm19Nq3BHrthXbQwdWqbukJYBxDpvH9vlEyL_EhAmSSPq3xdEAOS7-CHZVvNezUhxpPoiRIw&amp;__tn__=*NK-R\">#h\u1ed9p<\/a> <a class=\"x1i10hfl xjbqb8w x6umtig x1b1mbwd xaqea5y xav7gou x9f619 x1ypdohk xt0psk2 xe8uvvx xdj266r x11i5rnm xat24cr x1mh8g0r xexx8yu x4uap5 x18d9i69 xkhd6sd x16tdsg8 x1hl2dhg xggy1nq x1a2a7pz xt0b8zv x1qq9wsj xo1l8bm\" tabindex=\"0\" role=\"link\" href=\"https:\/\/www.facebook.com\/hashtag\/m%E1%BB%B1c?__eep__=6&amp;__cft__[0]=AZV9sxF-Fn78lgMkHxzN_hMrhOjLpay8wVemcJD9I3LO9l_lNxXy97cvzIjj-EbDgTzGUOixEDW1EokibNyVWIoDnDM0zhkoe6RrajDm19Nq3BHrthXbQwdWqbukJYBxDpvH9vlEyL_EhAmSSPq3xdEAOS7-CHZVvNezUhxpPoiRIw&amp;__tn__=*NK-R\">#m\u1ef1c<\/a> <a class=\"x1i10hfl xjbqb8w x6umtig x1b1mbwd xaqea5y xav7gou x9f619 x1ypdohk xt0psk2 xe8uvvx xdj266r x11i5rnm xat24cr x1mh8g0r xexx8yu x4uap5 x18d9i69 xkhd6sd x16tdsg8 x1hl2dhg xggy1nq x1a2a7pz xt0b8zv x1qq9wsj xo1l8bm\" tabindex=\"0\" role=\"link\" href=\"https:\/\/www.facebook.com\/hashtag\/30a?__eep__=6&amp;__cft__[0]=AZV9sxF-Fn78lgMkHxzN_hMrhOjLpay8wVemcJD9I3LO9l_lNxXy97cvzIjj-EbDgTzGUOixEDW1EokibNyVWIoDnDM0zhkoe6RrajDm19Nq3BHrthXbQwdWqbukJYBxDpvH9vlEyL_EhAmSSPq3xdEAOS7-CHZVvNezUhxpPoiRIw&amp;__tn__=*NK-R\">#30A<\/a>\/30X<\/div>\n<\/div>\n<\/div>\n<p><span class=\"text\">T\u200br\u00e2n tr\u1ecdng!<\/span><\/p>\n<p><span class=\"text\">\u2014\u2013***\u2014\u2013<\/span><\/p>\n<p><span class=\"text\">C\u00d4NG TY TNHH TM-DV \u0110\u1ea6U T\u01af &amp; PH\u00c1T TRI\u1ec2N C\u00d4NG NGH\u1ec6 TO\u00c0N GIA<\/span><\/p>\n<p><span class=\"text\">VPGD: ng\u00f5 88 ph\u1ed1 Gi\u00e1p Nh\u1ecb, Th\u1ecbnh Li\u1ec7t, Ho\u00e0ng Mai, H\u00e0 N\u1ed9i<\/span><\/p>\n<p><span class=\"text\">X\u01b0\u1edfng s\u1ea3n xu\u1ea5t: L\u1ea1c \u0110\u1ea1o, V\u0103n L\u00e2m, H\u01b0ng Y\u00ean<\/span><\/p>\n<p><span class=\"text\">M\u1ecdi nhu c\u1ea7u Li\u00ean h\u1ec7:<\/span><\/p>\n<p><span class=\"text\">Ph\u00f2ng Kinh doanh:\u00a0<\/span><a class=\"text-is-phone-number\">0918 92 55 22<\/a><\/p>\n<p><span class=\"text\">Ph\u00f2ng K\u1ef9 thu\u1eadt:\u00a0<\/span><a class=\"text-is-phone-number\">0918 26 55 22<\/a><\/p>\n<p><span class=\"text\">Ph\u00f2ng K\u1ebf to\u00e1n:\u00a0<\/span><a class=\"text-is-phone-number\">0916 49 88 22<\/a><\/p>\n<p><span class=\"text\">Tell: 024 3995 0208 \/\u00a0<\/span><a class=\"text-is-phone-number\">0916 35 88 22<\/a><span class=\"text\">\u00a0<\/span><\/p>\n<p><span class=\"emoji-sizer emoji-outer \"><img decoding=\"async\" class=\"emoji\" role=\"img\" draggable=\"false\" src=\"https:\/\/s.w.org\/images\/core\/emoji\/14.0.0\/svg\/1f525.svg\" alt=\"?\" \/><\/span><span class=\"emoji-sizer emoji-outer \"><img decoding=\"async\" class=\"emoji\" role=\"img\" draggable=\"false\" src=\"https:\/\/s.w.org\/images\/core\/emoji\/14.0.0\/svg\/1f525.svg\" alt=\"?\" \/><\/span><span class=\"text\"><img decoding=\"async\" class=\"emoji\" role=\"img\" draggable=\"false\" src=\"https:\/\/s.w.org\/images\/core\/emoji\/14.0.0\/svg\/1f525.svg\" alt=\"?\" \/>Hotline:\u00a0<\/span><a class=\"text-is-phone-number\">094 3030 117<\/a><span class=\"emoji-sizer emoji-outer \"><img decoding=\"async\" class=\"emoji\" role=\"img\" draggable=\"false\" src=\"https:\/\/s.w.org\/images\/core\/emoji\/14.0.0\/svg\/1f525.svg\" alt=\"?\" \/><\/span><span class=\"emoji-sizer emoji-outer \"><img decoding=\"async\" class=\"emoji\" role=\"img\" draggable=\"false\" src=\"https:\/\/s.w.org\/images\/core\/emoji\/14.0.0\/svg\/1f525.svg\" alt=\"?\" \/><\/span><span class=\"emoji-sizer emoji-outer \"><img decoding=\"async\" class=\"emoji\" role=\"img\" draggable=\"false\" src=\"https:\/\/s.w.org\/images\/core\/emoji\/14.0.0\/svg\/1f525.svg\" alt=\"?\" \/><\/span><\/p>\n<p><span class=\"text\">Gmail:\u00a0<\/span><a class=\"text-is-email\" href=\"mailto:toangiamayvanphong@gmail.com\" target=\"_blank\" rel=\"noopener\">toangiamayvanphong@gmail.com<\/a><\/p>\n<p>web: toangiamayvanphong.vn<\/p>\n","protected":false},"excerpt":{"rendered":"<p>\u00a0Toner 17A\/30A\/30X #Toner 30A-30X, c\u00f3 ch\u00edp, kh\u00f4ng ch\u00edp #Toner 17A, c\u00f3 ch\u00edp, kh\u00f4ng ch\u00edp #Toner #17A+ #Toner #30A + #Drum #32A &gt;&gt; Ch\u00fang t\u00f4i cung c\u1ea5p gi\u1ea3i ph\u00e1p \u0111\u1ed3ng b\u1ed9 hi\u1ec7u qu\u1ea3 nh\u1ea5t cho d\u00f2ng m\u00e1y ch\u1ea1y TN 17A v\u00e0 (Drum 32-TN 30A). V\u1edbi ngu\u1ed3n tr\u1ed1ng v\u00e0 m\u1ef1c b\u00f3c m\u00e1y h\u00e3ng. &gt;&gt; Song song v\u1edbi &#8230;<\/p>\n","protected":false},"featured_media":2096,"comment_status":"open","ping_status":"closed","template":"","meta":[],"product_brand":[],"product_cat":[216],"product_tag":[370,371,372,373,374],"class_list":{"0":"post-2429","1":"product","2":"type-product","3":"status-publish","4":"has-post-thumbnail","6":"product_cat-chua-phan-loai","7":"product_tag-tn-17a","8":"product_tag-tn-30a","9":"product_tag-toner-17a","10":"product_tag-toner-30a","11":"product_tag-toner-30x","13":"first","14":"instock","15":"taxable","16":"shipping-taxable","17":"product-type-simple"},"_links":{"self":[{"href":"https:\/\/toangiamayvanphong.vn\/index.php?rest_route=\/wp\/v2\/product\/2429","targetHints":{"allow":["GET"]}}],"collection":[{"href":"https:\/\/toangiamayvanphong.vn\/index.php?rest_route=\/wp\/v2\/product"}],"about":[{"href":"https:\/\/toangiamayvanphong.vn\/index.php?rest_route=\/wp\/v2\/types\/product"}],"replies":[{"embeddable":true,"href":"https:\/\/toangiamayvanphong.vn\/index.php?rest_route=%2Fwp%2Fv2%2Fcomments&post=2429"}],"wp:featuredmedia":[{"embeddable":true,"href":"https:\/\/toangiamayvanphong.vn\/index.php?rest_route=\/wp\/v2\/media\/2096"}],"wp:attachment":[{"href":"https:\/\/toangiamayvanphong.vn\/index.php?rest_route=%2Fwp%2Fv2%2Fmedia&parent=2429"}],"wp:term":[{"taxonomy":"product_brand","embeddable":true,"href":"https:\/\/toangiamayvanphong.vn\/index.php?rest_route=%2Fwp%2Fv2%2Fproduct_brand&post=2429"},{"taxonomy":"product_cat","embeddable":true,"href":"https:\/\/toangiamayvanphong.vn\/index.php?rest_route=%2Fwp%2Fv2%2Fproduct_cat&post=2429"},{"taxonomy":"product_tag","embeddable":true,"href":"https:\/\/toangiamayvanphong.vn\/index.php?rest_route=%2Fwp%2Fv2%2Fproduct_tag&post=2429"}],"curies":[{"name":"wp","href":"https:\/\/api.w.org\/{rel}","templated":true}]}}