{"id":2435,"date":"2023-07-09T11:15:09","date_gmt":"2023-07-09T04:15:09","guid":{"rendered":"https:\/\/toangiamayvanphong.vn\/?post_type=product&#038;p=2435"},"modified":"2023-07-09T11:15:12","modified_gmt":"2023-07-09T04:15:12","slug":"truc-tu-may-in-cac-loai-boc-may","status":"publish","type":"product","link":"https:\/\/toangiamayvanphong.vn\/?product=truc-tu-may-in-cac-loai-boc-may","title":{"rendered":"Tr\u1ee5c t\u1eeb m\u00e1y in c\u00e1c lo\u1ea1i (b\u00f3c m\u00e1y)"},"content":{"rendered":"<p><span style=\"font-size: 8pt;\"><strong><span class=\"emoji-sizer emoji-outer \"><img decoding=\"async\" class=\"emoji\" role=\"img\" draggable=\"false\" src=\"https:\/\/s.w.org\/images\/core\/emoji\/14.0.0\/svg\/1f308.svg\" alt=\"?\" \/><\/span><span style=\"font-size: 12pt;\">\u00a0<span class=\"emoji-sizer emoji-outer \"><img decoding=\"async\" class=\"emoji\" role=\"img\" draggable=\"false\" src=\"https:\/\/s.w.org\/images\/core\/emoji\/14.0.0\/svg\/1f308.svg\" alt=\"?\" \/>Tr\u1ee5c t\u1eeb m\u00e1y in c\u00e1c lo\u1ea1i (b\u00f3c m\u00e1y)<\/span><\/span><\/strong><\/span><\/p>\n<p><span style=\"font-size: 8pt;\"><strong><span style=\"font-size: 12pt;\"><span class=\"emoji-sizer emoji-outer \">b\u00f3c h\u00e3ng: 35A,49,80,05,&#8230;<\/span><\/span><\/strong><\/span><\/p>\n<p><span class=\"text\">T\u200br\u00e2n tr\u1ecdng!<\/span><\/p>\n<p><span class=\"text\">\u2014\u2013***\u2014\u2013<\/span><\/p>\n<p><span class=\"text\">C\u00d4NG TY TNHH TM-DV \u0110\u1ea6U T\u01af &amp; PH\u00c1T TRI\u1ec2N C\u00d4NG NGH\u1ec6 TO\u00c0N GIA<\/span><\/p>\n<p><span class=\"text\">VPGD: ng\u00f5 88 ph\u1ed1 Gi\u00e1p Nh\u1ecb, Th\u1ecbnh Li\u1ec7t, Ho\u00e0ng Mai, H\u00e0 N\u1ed9i<\/span><\/p>\n<p><span class=\"text\">X\u01b0\u1edfng s\u1ea3n xu\u1ea5t: L\u1ea1c \u0110\u1ea1o, V\u0103n L\u00e2m, H\u01b0ng Y\u00ean<\/span><\/p>\n<p><span class=\"text\">M\u1ecdi nhu c\u1ea7u Li\u00ean h\u1ec7:<\/span><\/p>\n<p><span class=\"text\">Ph\u00f2ng Kinh doanh:\u00a0<\/span><a class=\"text-is-phone-number\">0918 92 55 22<\/a><\/p>\n<p><span class=\"text\">Ph\u00f2ng K\u1ef9 thu\u1eadt:\u00a0<\/span><a class=\"text-is-phone-number\">0918 26 55 22<\/a><\/p>\n<p><span class=\"text\">Ph\u00f2ng K\u1ebf to\u00e1n:\u00a0<\/span><a class=\"text-is-phone-number\">0916 49 88 22<\/a><\/p>\n<p><span class=\"text\">Tell: 024 3995 0208 \/\u00a0<\/span><a class=\"text-is-phone-number\">0916 35 88 22<\/a><span class=\"text\">\u00a0<\/span><\/p>\n<p><span class=\"emoji-sizer emoji-outer \"><img decoding=\"async\" class=\"emoji\" role=\"img\" draggable=\"false\" src=\"https:\/\/s.w.org\/images\/core\/emoji\/14.0.0\/svg\/1f525.svg\" alt=\"?\" \/><\/span><span class=\"emoji-sizer emoji-outer \"><img decoding=\"async\" class=\"emoji\" role=\"img\" draggable=\"false\" src=\"https:\/\/s.w.org\/images\/core\/emoji\/14.0.0\/svg\/1f525.svg\" alt=\"?\" \/><\/span><span class=\"text\"><img decoding=\"async\" class=\"emoji\" role=\"img\" draggable=\"false\" src=\"https:\/\/s.w.org\/images\/core\/emoji\/14.0.0\/svg\/1f525.svg\" alt=\"?\" \/>Hotline:\u00a0<\/span><a class=\"text-is-phone-number\">094 3030 117<\/a><span class=\"emoji-sizer emoji-outer \"><img decoding=\"async\" class=\"emoji\" role=\"img\" draggable=\"false\" src=\"https:\/\/s.w.org\/images\/core\/emoji\/14.0.0\/svg\/1f525.svg\" alt=\"?\" \/><\/span><span class=\"emoji-sizer emoji-outer \"><img decoding=\"async\" class=\"emoji\" role=\"img\" draggable=\"false\" src=\"https:\/\/s.w.org\/images\/core\/emoji\/14.0.0\/svg\/1f525.svg\" alt=\"?\" \/><\/span><span class=\"emoji-sizer emoji-outer \"><img decoding=\"async\" class=\"emoji\" role=\"img\" draggable=\"false\" src=\"https:\/\/s.w.org\/images\/core\/emoji\/14.0.0\/svg\/1f525.svg\" alt=\"?\" \/><\/span><\/p>\n<p><span class=\"text\">Gmail:\u00a0<\/span><a class=\"text-is-email\" href=\"mailto:toangiamayvanphong@gmail.com\" target=\"_blank\" rel=\"noopener\">toangiamayvanphong@gmail.com<\/a><\/p>\n<p>web: toangiamayvanphong.vn<\/p>\n","protected":false},"excerpt":{"rendered":"<p>\u00a0Tr\u1ee5c t\u1eeb m\u00e1y in c\u00e1c lo\u1ea1i (b\u00f3c m\u00e1y) b\u00f3c h\u00e3ng: 35A,49,80,05,&#8230; T\u200br\u00e2n tr\u1ecdng! \u2014\u2013***\u2014\u2013 C\u00d4NG TY TNHH TM-DV \u0110\u1ea6U T\u01af &amp; PH\u00c1T TRI\u1ec2N C\u00d4NG NGH\u1ec6 TO\u00c0N GIA VPGD: ng\u00f5 88 ph\u1ed1 Gi\u00e1p Nh\u1ecb, Th\u1ecbnh Li\u1ec7t, Ho\u00e0ng Mai, H\u00e0 N\u1ed9i X\u01b0\u1edfng s\u1ea3n xu\u1ea5t: L\u1ea1c \u0110\u1ea1o, V\u0103n L\u00e2m, H\u01b0ng Y\u00ean M\u1ecdi nhu c\u1ea7u Li\u00ean h\u1ec7: Ph\u00f2ng Kinh &#8230;<\/p>\n","protected":false},"featured_media":2122,"comment_status":"open","ping_status":"closed","template":"","meta":[],"product_brand":[],"product_cat":[128],"product_tag":[383,384],"class_list":{"0":"post-2435","1":"product","2":"type-product","3":"status-publish","4":"has-post-thumbnail","6":"product_cat-linh-kien-boc-may","7":"product_tag-truc-tu","8":"product_tag-truc-tu-may-in","10":"first","11":"instock","12":"taxable","13":"shipping-taxable","14":"product-type-simple"},"_links":{"self":[{"href":"https:\/\/toangiamayvanphong.vn\/index.php?rest_route=\/wp\/v2\/product\/2435","targetHints":{"allow":["GET"]}}],"collection":[{"href":"https:\/\/toangiamayvanphong.vn\/index.php?rest_route=\/wp\/v2\/product"}],"about":[{"href":"https:\/\/toangiamayvanphong.vn\/index.php?rest_route=\/wp\/v2\/types\/product"}],"replies":[{"embeddable":true,"href":"https:\/\/toangiamayvanphong.vn\/index.php?rest_route=%2Fwp%2Fv2%2Fcomments&post=2435"}],"wp:featuredmedia":[{"embeddable":true,"href":"https:\/\/toangiamayvanphong.vn\/index.php?rest_route=\/wp\/v2\/media\/2122"}],"wp:attachment":[{"href":"https:\/\/toangiamayvanphong.vn\/index.php?rest_route=%2Fwp%2Fv2%2Fmedia&parent=2435"}],"wp:term":[{"taxonomy":"product_brand","embeddable":true,"href":"https:\/\/toangiamayvanphong.vn\/index.php?rest_route=%2Fwp%2Fv2%2Fproduct_brand&post=2435"},{"taxonomy":"product_cat","embeddable":true,"href":"https:\/\/toangiamayvanphong.vn\/index.php?rest_route=%2Fwp%2Fv2%2Fproduct_cat&post=2435"},{"taxonomy":"product_tag","embeddable":true,"href":"https:\/\/toangiamayvanphong.vn\/index.php?rest_route=%2Fwp%2Fv2%2Fproduct_tag&post=2435"}],"curies":[{"name":"wp","href":"https:\/\/api.w.org\/{rel}","templated":true}]}}