{"id":2446,"date":"2023-07-09T11:15:14","date_gmt":"2023-07-09T04:15:14","guid":{"rendered":"https:\/\/toangiamayvanphong.vn\/?post_type=product&#038;p=2446"},"modified":"2023-07-09T11:15:17","modified_gmt":"2023-07-09T04:15:17","slug":"xuong-say-may-in-canon-2900-hp-1020-boc-may","status":"publish","type":"product","link":"https:\/\/toangiamayvanphong.vn\/?product=xuong-say-may-in-canon-2900-hp-1020-boc-may","title":{"rendered":"X\u01b0\u01a1ng s\u1ea5y m\u00e1y in Canon 2900 \/ HP 1020 (b\u00f3c m\u00e1y)"},"content":{"rendered":"<p><span style=\"font-size: 8pt;\"><strong><span class=\"emoji-sizer emoji-outer \"><img decoding=\"async\" class=\"emoji\" role=\"img\" draggable=\"false\" src=\"https:\/\/s.w.org\/images\/core\/emoji\/14.0.0\/svg\/1f308.svg\" alt=\"?\" \/><\/span><span style=\"font-size: 12pt;\"><span class=\"emoji-sizer emoji-outer \"><img decoding=\"async\" class=\"emoji\" role=\"img\" draggable=\"false\" src=\"https:\/\/s.w.org\/images\/core\/emoji\/14.0.0\/svg\/1f308.svg\" alt=\"?\" \/>X\u01b0\u01a1ng s\u1ea5y m\u00e1y in Canon 2900 \/ HP 1020 (b\u00f3c m\u00e1y)<\/span><\/span><\/strong><\/span><\/p>\n<p>Th\u01b0\u01a1ng hi\u1ec7u: B\u00f3c m\u00e1y | T\u00ecnh tr\u1ea1ng : C\u00f2n h\u00e0ng<br \/>\nVui l\u00f2ng li\u00ean h\u1ec7 \u0111\u1ec3 l\u1ea5y gi\u00e1 g\u1ed1c v\u00e0 khuy\u1ebfn m\u1ea1i.<\/p>\n<p><span class=\"text\">T\u200br\u00e2n tr\u1ecdng!<\/span><\/p>\n<p><span class=\"text\">\u2014\u2013***\u2014\u2013<\/span><\/p>\n<p><span class=\"text\">C\u00d4NG TY TNHH TM-DV \u0110\u1ea6U T\u01af &amp; PH\u00c1T TRI\u1ec2N C\u00d4NG NGH\u1ec6 TO\u00c0N GIA<\/span><\/p>\n<p><span class=\"text\">VPGD: ng\u00f5 88 ph\u1ed1 Gi\u00e1p Nh\u1ecb, Th\u1ecbnh Li\u1ec7t, Ho\u00e0ng Mai, H\u00e0 N\u1ed9i<\/span><\/p>\n<p><span class=\"text\">X\u01b0\u1edfng s\u1ea3n xu\u1ea5t: L\u1ea1c \u0110\u1ea1o, V\u0103n L\u00e2m, H\u01b0ng Y\u00ean<\/span><\/p>\n<p><span class=\"text\">M\u1ecdi nhu c\u1ea7u Li\u00ean h\u1ec7:<\/span><\/p>\n<p><span class=\"text\">Ph\u00f2ng Kinh doanh:\u00a0<\/span><a class=\"text-is-phone-number\">0918 92 55 22<\/a><\/p>\n<p><span class=\"text\">Ph\u00f2ng K\u1ef9 thu\u1eadt:\u00a0<\/span><a class=\"text-is-phone-number\">0918 26 55 22<\/a><\/p>\n<p><span class=\"text\">Ph\u00f2ng K\u1ebf to\u00e1n:\u00a0<\/span><a class=\"text-is-phone-number\">0916 49 88 22<\/a><\/p>\n<p><span class=\"text\">Tell: 024 3995 0208 \/\u00a0<\/span><a class=\"text-is-phone-number\">0916 35 88 22<\/a><span class=\"text\">\u00a0<\/span><\/p>\n<p><span class=\"emoji-sizer emoji-outer \"><img decoding=\"async\" class=\"emoji\" role=\"img\" draggable=\"false\" src=\"https:\/\/s.w.org\/images\/core\/emoji\/14.0.0\/svg\/1f525.svg\" alt=\"?\" \/><\/span><span class=\"emoji-sizer emoji-outer \"><img decoding=\"async\" class=\"emoji\" role=\"img\" draggable=\"false\" src=\"https:\/\/s.w.org\/images\/core\/emoji\/14.0.0\/svg\/1f525.svg\" alt=\"?\" \/><\/span><span class=\"text\"><img decoding=\"async\" class=\"emoji\" role=\"img\" draggable=\"false\" src=\"https:\/\/s.w.org\/images\/core\/emoji\/14.0.0\/svg\/1f525.svg\" alt=\"?\" \/>Hotline:\u00a0<\/span><a class=\"text-is-phone-number\">094 3030 117<\/a><span class=\"emoji-sizer emoji-outer \"><img decoding=\"async\" class=\"emoji\" role=\"img\" draggable=\"false\" src=\"https:\/\/s.w.org\/images\/core\/emoji\/14.0.0\/svg\/1f525.svg\" alt=\"?\" \/><\/span><span class=\"emoji-sizer emoji-outer \"><img decoding=\"async\" class=\"emoji\" role=\"img\" draggable=\"false\" src=\"https:\/\/s.w.org\/images\/core\/emoji\/14.0.0\/svg\/1f525.svg\" alt=\"?\" \/><\/span><span class=\"emoji-sizer emoji-outer \"><img decoding=\"async\" class=\"emoji\" role=\"img\" draggable=\"false\" src=\"https:\/\/s.w.org\/images\/core\/emoji\/14.0.0\/svg\/1f525.svg\" alt=\"?\" \/><\/span><\/p>\n<p><span class=\"text\">Gmail:\u00a0<\/span><a class=\"text-is-email\" href=\"mailto:toangiamayvanphong@gmail.com\" target=\"_blank\" rel=\"noopener\">toangiamayvanphong@gmail.com<\/a><\/p>\n<p>web: toangiamayvanphong.vn<\/p>\n","protected":false},"excerpt":{"rendered":"<div class=\"AsideTitle\">TH\u00d4NG TIN K\u1ef8 THU\u1eacT<\/div>\n<article id=\"Context\" class=\"Context\">\n<ul>\n<li><strong>M\u00e3 h\u00e0ng<\/strong>: \u0110\u1ea7u kim Epson LQ310<\/li>\n<li><strong>H\u00e3ng s\u1ea3n xu\u1ea5t<\/strong>: Epson<\/li>\n<li><strong>Ch\u1ea5t l\u01b0\u1ee3ng<\/strong>: H\u00e0ng zin th\u00e1o m\u00e1y<\/li>\n<li><strong>S\u1eed d\u1ee5ng cho<\/strong>: M\u00e1y in Epson<\/li>\n<li><strong>B\u1ea3o h\u00e0nh<\/strong>: 1 th\u00e1ng<\/li>\n<\/ul>\n<\/article>\n","protected":false},"featured_media":2173,"comment_status":"open","ping_status":"closed","template":"","meta":[],"product_brand":[],"product_cat":[128],"product_tag":[130,151,402],"class_list":{"0":"post-2446","1":"product","2":"type-product","3":"status-publish","4":"has-post-thumbnail","6":"product_cat-linh-kien-boc-may","7":"product_tag-canon-2900","8":"product_tag-xuong-say","9":"product_tag-xuong-say-canon-2900","11":"first","12":"instock","13":"taxable","14":"shipping-taxable","15":"product-type-simple"},"_links":{"self":[{"href":"https:\/\/toangiamayvanphong.vn\/index.php?rest_route=\/wp\/v2\/product\/2446","targetHints":{"allow":["GET"]}}],"collection":[{"href":"https:\/\/toangiamayvanphong.vn\/index.php?rest_route=\/wp\/v2\/product"}],"about":[{"href":"https:\/\/toangiamayvanphong.vn\/index.php?rest_route=\/wp\/v2\/types\/product"}],"replies":[{"embeddable":true,"href":"https:\/\/toangiamayvanphong.vn\/index.php?rest_route=%2Fwp%2Fv2%2Fcomments&post=2446"}],"wp:featuredmedia":[{"embeddable":true,"href":"https:\/\/toangiamayvanphong.vn\/index.php?rest_route=\/wp\/v2\/media\/2173"}],"wp:attachment":[{"href":"https:\/\/toangiamayvanphong.vn\/index.php?rest_route=%2Fwp%2Fv2%2Fmedia&parent=2446"}],"wp:term":[{"taxonomy":"product_brand","embeddable":true,"href":"https:\/\/toangiamayvanphong.vn\/index.php?rest_route=%2Fwp%2Fv2%2Fproduct_brand&post=2446"},{"taxonomy":"product_cat","embeddable":true,"href":"https:\/\/toangiamayvanphong.vn\/index.php?rest_route=%2Fwp%2Fv2%2Fproduct_cat&post=2446"},{"taxonomy":"product_tag","embeddable":true,"href":"https:\/\/toangiamayvanphong.vn\/index.php?rest_route=%2Fwp%2Fv2%2Fproduct_tag&post=2446"}],"curies":[{"name":"wp","href":"https:\/\/api.w.org\/{rel}","templated":true}]}}