{"id":2451,"date":"2023-07-09T11:15:14","date_gmt":"2023-07-09T04:15:14","guid":{"rendered":"https:\/\/toangiamayvanphong.vn\/?post_type=product&#038;p=2451"},"modified":"2023-07-09T11:15:17","modified_gmt":"2023-07-09T04:15:17","slug":"main-nguon-canon-3300-boc-may","status":"publish","type":"product","link":"https:\/\/toangiamayvanphong.vn\/?product=main-nguon-canon-3300-boc-may","title":{"rendered":"MAIN NGU\u1ed2N CANON 3300 (b\u00f3c m\u00e1y)"},"content":{"rendered":"<p><strong><span style=\"font-family: 'times new roman', times, serif; font-size: 18pt; color: #0000ff;\">MAIN NGU\u1ed2N CANON 3300 (b\u00f3c m\u00e1y)<\/span><\/strong><br \/>\nTh\u01b0\u01a1ng hi\u1ec7u: B\u00f3c m\u00e1y | T\u00ecnh tr\u1ea1ng : C\u00f2n h\u00e0ng<br \/>\nVui l\u00f2ng li\u00ean h\u1ec7 \u0111\u1ec3 l\u1ea5y gi\u00e1 g\u1ed1c v\u00e0 khuy\u1ebfn m\u1ea1i.<br \/>\nSa\u0309n ph\u00e2\u0309m \u0111\u01b0\u01a1\u0323c ba\u0301n ta\u0323i :<br \/>\nC\u00d4NG TY TNHH TM-DV \u0110\u1ea6U T\u01af &amp; PH\u00c1T TRI\u1ec2N C\u00d4NG NGH\u1ec6 TO\u00c0N GIA<br \/>\nVPGD: ng\u00f5 88 ph\u1ed1 Gi\u00e1p Nh\u1ecb, Th\u1ecbnh Li\u1ec7t, Ho\u00e0ng Mai, H\u00e0 N\u1ed9i<br \/>\nX\u01b0\u1edfng s\u1ea3n xu\u1ea5t: L\u1ea1c \u0110\u1ea1o, V\u0103n L\u00e2m, H\u01b0ng Y\u00ean<br \/>\nM\u1ecdi nhu c\u1ea7u Li\u00ean h\u1ec7:<br \/>\nHotline: 094 3030 117<br \/>\nPh\u00f2ng Kinh doanh: 0918 92 55 22<br \/>\nPh\u00f2ng K\u1ef9 thu\u1eadt: 0918 26 55 22<br \/>\nPh\u00f2ng K\u1ebf to\u00e1n: 0916 49 88 22<br \/>\nTell: 024 3995 0208 \/ 0916 35 88 22<br \/>\nGmail: toangiamayvanphong@gmail.com<br \/>\nWeb: https:\/\/toangiamayvanphong.vn\/<\/p>\n","protected":false},"excerpt":{"rendered":"<p>MAIN NGU\u1ed2N CANON 3300 (b\u00f3c m\u00e1y) Th\u01b0\u01a1ng hi\u1ec7u: B\u00f3c m\u00e1y | T\u00ecnh tr\u1ea1ng : C\u00f2n h\u00e0ng Vui l\u00f2ng li\u00ean h\u1ec7 \u0111\u1ec3 l\u1ea5y gi\u00e1 g\u1ed1c v\u00e0 khuy\u1ebfn m\u1ea1i. Sa\u0309n ph\u00e2\u0309m \u0111\u01b0\u01a1\u0323c ba\u0301n ta\u0323i : C\u00d4NG TY TNHH TM-DV \u0110\u1ea6U T\u01af &amp; PH\u00c1T TRI\u1ec2N C\u00d4NG NGH\u1ec6 TO\u00c0N GIA VPGD: ng\u00f5 88 ph\u1ed1 Gi\u00e1p Nh\u1ecb, Th\u1ecbnh Li\u1ec7t, Ho\u00e0ng &#8230;<\/p>\n","protected":false},"featured_media":2184,"comment_status":"open","ping_status":"closed","template":"","meta":[],"product_brand":[],"product_cat":[128],"product_tag":[177,168,169,413],"class_list":{"0":"post-2451","1":"product","2":"type-product","3":"status-publish","4":"has-post-thumbnail","6":"product_cat-linh-kien-boc-may","7":"product_tag-canon-3300","8":"product_tag-main","9":"product_tag-main-nguon","10":"product_tag-main-nguon-canon-3300","12":"first","13":"instock","14":"taxable","15":"shipping-taxable","16":"product-type-simple"},"_links":{"self":[{"href":"https:\/\/toangiamayvanphong.vn\/index.php?rest_route=\/wp\/v2\/product\/2451","targetHints":{"allow":["GET"]}}],"collection":[{"href":"https:\/\/toangiamayvanphong.vn\/index.php?rest_route=\/wp\/v2\/product"}],"about":[{"href":"https:\/\/toangiamayvanphong.vn\/index.php?rest_route=\/wp\/v2\/types\/product"}],"replies":[{"embeddable":true,"href":"https:\/\/toangiamayvanphong.vn\/index.php?rest_route=%2Fwp%2Fv2%2Fcomments&post=2451"}],"wp:featuredmedia":[{"embeddable":true,"href":"https:\/\/toangiamayvanphong.vn\/index.php?rest_route=\/wp\/v2\/media\/2184"}],"wp:attachment":[{"href":"https:\/\/toangiamayvanphong.vn\/index.php?rest_route=%2Fwp%2Fv2%2Fmedia&parent=2451"}],"wp:term":[{"taxonomy":"product_brand","embeddable":true,"href":"https:\/\/toangiamayvanphong.vn\/index.php?rest_route=%2Fwp%2Fv2%2Fproduct_brand&post=2451"},{"taxonomy":"product_cat","embeddable":true,"href":"https:\/\/toangiamayvanphong.vn\/index.php?rest_route=%2Fwp%2Fv2%2Fproduct_cat&post=2451"},{"taxonomy":"product_tag","embeddable":true,"href":"https:\/\/toangiamayvanphong.vn\/index.php?rest_route=%2Fwp%2Fv2%2Fproduct_tag&post=2451"}],"curies":[{"name":"wp","href":"https:\/\/api.w.org\/{rel}","templated":true}]}}