{"id":2628,"date":"2023-07-10T09:03:29","date_gmt":"2023-07-10T02:03:29","guid":{"rendered":"https:\/\/toangiamayvanphong.vn\/?post_type=product&#038;p=2628"},"modified":"2023-07-10T09:06:30","modified_gmt":"2023-07-10T02:06:30","slug":"formatter-hp-scanjet-pro-2500-f1","status":"publish","type":"product","link":"https:\/\/toangiamayvanphong.vn\/?product=formatter-hp-scanjet-pro-2500-f1","title":{"rendered":"Formatter HP ScanJet Pro 2500 f1"},"content":{"rendered":"<h2 class=\"group_head\"><a class=\"js_prg_dsc_trg opened\"><span class=\"prog-disc-icn \">Th\u00f4ng s\u1ed1 k\u1ef9 thu\u1eadt<\/span><\/a><\/h2>\n<h2 class=\"group_head\"><span style=\"font-size: 14.4px;\">Lo\u1ea1i m\u00e1y ch\u1ee5p qu\u00e9t<\/span><\/h2>\n<dl>\n<dd>\n<ul class=\"nobullet\">\n<li>M\u0103\u0323t ki\u0301nh ph\u0103\u0309ng, ADF<\/li>\n<\/ul>\n<\/dd>\n<\/dl>\n<dl>\n<dt>\u0110\u1ed9 ph\u00e2n gi\u1ea3i ch\u1ee5p qu\u00e9t, quang h\u1ecdc<\/dt>\n<dd>\n<ul class=\"nobullet\">\n<li>L\u00ean \u0111\u1ebfn 600 dpi (m\u00e0u v\u00e0 \u0111en tr\u1eafng, khay n\u1ea1p t\u00e0i li\u1ec7u t\u1ef1 \u0111\u1ed9ng ADF)<\/li>\n<li>L\u00ean \u0111\u1ebfn 1200 dpi (m\u00e0u v\u00e0 \u0111en tr\u1eafng, m\u0103\u0323t ki\u0301nh ph\u0103\u0309ng)<\/li>\n<\/ul>\n<\/dd>\n<\/dl>\n<dl>\n<dt>Chu k\u1ef3 ho\u1ea1t \u0111\u1ed9ng (ha\u0300ng nga\u0300y)<\/dt>\n<dd>\n<ul class=\"nobullet\">\n<li>Kh\u1ed1i l\u01b0\u1ee3ng trang in h\u00e0ng ng\u00e0y \u0111\u01b0\u01a1\u0323c khuy\u1ebfn nghi\u0323: 1500 trang (khay n\u1ea1p t\u00e0i li\u1ec7u t\u1ef1 \u0111\u1ed9ng)<\/li>\n<\/ul>\n<\/dd>\n<\/dl>\n<dl>\n<dt>\u0110\u1ed9 s\u00e2u b\u00edt<\/dt>\n<dd>\n<ul class=\"nobullet\">\n<li>24 bit ngo\u00e0i 48 bit trong<\/li>\n<\/ul>\n<\/dd>\n<\/dl>\n<dl>\n<dt>C\u00e2\u0301p \u0111\u1ed9 h\u00ecnh \u1ea3nh thang \u0111\u1ed9 x\u00e1m<\/dt>\n<dd>\n<ul class=\"nobullet\">\n<li>256<\/li>\n<\/ul>\n<\/dd>\n<\/dl>\n<dl>\n<dt>Pha\u0301t hi\u00ea\u0323n n\u1ea1p nhi\u1ec1u gi\u1ea5y<\/dt>\n<dd>\n<ul class=\"nobullet\">\n<li>Kh\u00f4ng<\/li>\n<\/ul>\n<\/dd>\n<\/dl>\n<dl>\n<dt>T\u1ed1c \u0111\u1ed9 nhi\u1ec7m v\u1ee5<\/dt>\n<dd>\n<ul class=\"nobullet\">\n<li>Ch\u1ee5p qu\u00e9t \u1ea3nh ma\u0300u 10 x 15 cm (4 x 6 in) sang t\u1eadp tin (200 dpi, 24-bit, TIFF): khoa\u0309ng 6,8 gi\u00e2y \u0111\u1ec3 ch\u1ee5p qu\u00e9t nhi\u00ea\u0300u h\u00ecnh \u1ea3nh, khoa\u0309ng 3,1 gi\u00e2y \u0111\u1ec3 que\u0301t m\u1ed9t h\u00ecnh \u1ea3nh<\/li>\n<li>Ch\u1ee5p qu\u00e9t \u1ea3nh ma\u0300u 10 x 15 cm (4 x 6 in) \u0111\u00ea\u0301n Email (150 dpi, 24-bit): kho\u1ea3ng 3,7 gi\u00e2y \u0111\u1ec3 ch\u1ee5p qu\u00e9t m\u1ed9t h\u00ecnh \u1ea3nh<\/li>\n<li>Ch\u1ee5p qu\u00e9t PDF A4 (8,27 x 11,69 in) \u0111\u00ea\u0301n Email (300 dpi, 24-bit): kho\u1ea3ng 11,3 gi\u00e2y \u0111\u1ec3 ch\u1ee5p qu\u00e9t m\u1ed9t h\u00ecnh \u1ea3nh<\/li>\n<li>Nh\u1eadn d\u1ea1ng k\u00fd t\u1ef1 quang h\u1ecdc A4 (8,27 x 11,69 in), 200 dpi, 24-bit sang t\u1eadp tin RTF: kho\u1ea3ng 14,96 gi\u00e2y \u0111\u1ec3 ch\u1ee5p qu\u00e9t m\u1ed9t h\u00ecnh \u1ea3nh<\/li>\n<\/ul>\n<\/dd>\n<\/dl>\n<dl>\n<dt>K\u00edch c\u1ee1 b\u1ea3n ch\u1ee5p qu\u00e9t, t\u1ed1i \u0111a<\/dt>\n<dd>\n<ul class=\"nobullet\">\n<li>216 x 297 mm<\/li>\n<\/ul>\n<\/dd>\n<\/dl>\n<dl>\n<dt>Media types<\/dt>\n<dd>\n<ul class=\"nobullet\">\n<li>Gi\u1ea5y (bi\u1ec3u ng\u1eef, in phun, \u1ea3nh, gi\u1ea5y th\u01b0\u1eddng), phong b\u00ec, nh\u00e3n d\u00e1n, thi\u1ec7p (ch\u00e0o m\u1eebng, ch\u1ec9 m\u1ee5c)<\/li>\n<\/ul>\n<\/dd>\n<\/dl>\n<dl>\n<dt>Tr\u1ecdng l\u01b0\u1ee3ng gi\u1ea5y \u1ea3nh media, \u0111\u01b0\u01a1\u0323c h\u00f4\u0303 tr\u01a1\u0323 ADF<\/dt>\n<dd>\n<ul class=\"nobullet\">\n<li>60 \u0111\u1ebfn 105 g\/m\u00b2<\/li>\n<\/ul>\n<\/dd>\n<\/dl>\n<dl>\n<dt>\u0110\u1ecbnh d\u1ea1ng t\u1eadp tin ch\u1ee5p qu\u00e9t<\/dt>\n<dd>\n<ul class=\"nobullet\">\n<li>\u0110\u1ed1i v\u1edbi v\u0103n b\u1ea3n &amp; h\u00ecnh \u1ea3nh: PDF, JPEG, PNG, BMP, TIFF, TXT(Text), RTF (Rich Text) v\u00e0 PDF c\u00f3 th\u1ec3 t\u00ecm ki\u1ebfm.<\/li>\n<\/ul>\n<\/dd>\n<\/dl>\n<dl>\n<dt>Ch\u1ebf \u0111\u1ed9 \u0111\u1ea7u v\u00e0o ch\u1ee5p qu\u00e9t<\/dt>\n<dd>\n<ul class=\"nobullet\">\n<li>Ch\u1ee9c n\u0103ng ch\u1ee5p qu\u00e9t t\u1eeb b\u1ea3ng \u0111i\u1ec1u khi\u1ec3n m\u1eb7t tr\u01b0\u1edbc: L\u01b0u d\u01b0\u1edbi d\u1ea1ng PDF, L\u01b0u d\u01b0\u1edbi d\u1ea1ng JPEG, G\u1eedi email d\u01b0\u1edbi d\u1ea1ng PDF v\u00e0 G\u1eedi t\u1edbi \u0110\u00e1m m\u00e2y. HP Scan \u0111\u1ed1i v\u1edbi H\u1ec7 \u0110i\u1ec1u h\u00e0nh Win, HP Easy Scan\/ICA \u0111\u1ed1i v\u1edbi H\u1ec7 \u0110i\u1ec1u h\u00e0nh Mac v\u00e0 c\u00e1c \u1ee9ng d\u1ee5ng b\u00ean th\u1ee9 ba qua TWAIN.<\/li>\n<\/ul>\n<\/dd>\n<\/dl>\n<dl>\n<dt>T\u00ednh n\u0103ng ti\u00ean ti\u1ebfn c\u1ee7a m\u00e1y ch\u1ee5p qu\u00e9t<\/dt>\n<dd>\n<ul class=\"nobullet\">\n<li>Ch\u1ee5p qu\u00e9t hai m\u0103\u0323t m\u1ed9t l\u1ea7n<\/li>\n<li>Ch\u1ee5p qu\u00e9t ch\u1ec9 b\u0103\u0300ng m\u1ed9t n\u00fat \u1ea5n<\/li>\n<li>Nh\u1eadn d\u1ea1ng k\u00fd t\u1ef1 quang h\u1ecdc (OCR)<\/li>\n<li>C\u00e1c ph\u00edm t\u1eaft c\u00f3 th\u1ec3 c\u1ea5u h\u00ecnh cho t\u00e1c v\u1ee5 Ch\u1ee5p qu\u00e9t<\/li>\n<\/ul>\n<\/dd>\n<\/dl>\n<dl>\n<dt>B\u1ea3ng \u0111i\u1ec1u khi\u1ec3n<\/dt>\n<dd>\n<ul class=\"nobullet\">\n<li>5 n\u00fat b\u1ea5m (bao g\u1ed3m n\u00fat Ng\u1ee7\/Ngu\u1ed3n)<\/li>\n<li>7 \u0111\u00e8n LED (\u0111\u00e8n b\u00e1o Ngu\u1ed3n, L\u1ed7i, Ch\u1ee5p qu\u00e9t t\u1edbi \u0111i\u0301ch v\u00e0 in M\u1ed9t m\u1eb7t\/Hai m\u1eb7t)<\/li>\n<\/ul>\n<\/dd>\n<\/dl>\n<h2 class=\"group_head\"><a class=\"js_prg_dsc_trg closed opened\"><span class=\"prog-disc-icn \">Th\u00f4ng s\u1ed1 k\u1ef9 thu\u1eadt ADF<\/span><\/a><\/h2>\n<h2 class=\"group_head\"><\/h2>\n<dl>\n<dt>C\u00f4ng su\u1ea5t khay n\u1ea1p t\u00e0i li\u1ec7u t\u1ef1 \u0111\u1ed9ng<\/dt>\n<dd>\n<ul class=\"nobullet\">\n<li>Chu\u1ea9n, 50 t\u01a1\u0300<\/li>\n<\/ul>\n<\/dd>\n<\/dl>\n<dl>\n<dt>T\u1ed1c \u0111\u1ed9 n\u1ea1p ta\u0300i li\u00ea\u0323u t\u1ef1 \u0111\u1ed9ng<\/dt>\n<dd>L\u00ean \u0111\u1ebfn 20 trang\/ph\u00fat, 40 h\u00ecnh\/ph\u00fat (\u0111en tr\u1eafng, x\u00e1m v\u00e0 m\u00e0u, 300 dpi)\u00a0<a class=\"sup_linked sup_spcs\">2<\/a><\/dd>\n<\/dl>\n<dl>\n<dt>T\u00f9y ch\u1ecdn ch\u1ee5p qu\u00e9t (ADF)<\/dt>\n<dd>\n<ul class=\"nobullet\">\n<li>Ch\u1ee5p qu\u00e9t 2 m\u1eb7t E-Duplex trong m\u1ed9t l\u1ea7n<\/li>\n<\/ul>\n<\/dd>\n<\/dl>\n<dl>\n<dt>K\u00edch th\u01b0\u1edbc ch\u1ee5p qu\u00e9t (ADF), t\u1ed1i \u0111a<\/dt>\n<dd>\n<ul class=\"nobullet\">\n<li>216 x 3100 mm<\/li>\n<\/ul>\n<\/dd>\n<\/dl>\n<dl>\n<dt>K\u00edch th\u01b0\u1edbc ch\u1ee5p qu\u00e9t ADF (t\u00f4\u0301i thi\u00ea\u0309u)<\/dt>\n<dd>\n<ul class=\"nobullet\">\n<li>89 x 148 mm<\/li>\n<\/ul>\n<\/dd>\n<\/dl>\n<h2 class=\"group_head\"><a class=\"js_prg_dsc_trg opened\"><span class=\"prog-disc-icn \">H\u00ea\u0323 \u0111i\u00ea\u0300u ha\u0300nh t\u01b0\u01a1ng thi\u0301ch<\/span><\/a><\/h2>\n<h2 class=\"group_head\"><\/h2>\n<dl>\n<dt>H\u00ea\u0323 \u0111i\u00ea\u0300u ha\u0300nh t\u01b0\u01a1ng thi\u0301ch<\/dt>\n<dd>Windows 10 (32-bit\/64-bit), Windows 8.1 (32-bit\/64-bit), Windows 8 (32-bit\/64-bit), Windows 7 (32-bit\/64-bit)<br \/>\nMac OS X Mavericks 10.9, OS X Yosemite 10.10<\/dd>\n<\/dl>\n<dl>\n<dt>T\u01b0\u01a1ng th\u00edch Mac<\/dt>\n<dd>\n<ul class=\"nobullet\">\n<li>Co\u0301<\/li>\n<\/ul>\n<\/dd>\n<\/dl>\n<h2 class=\"group_head\"><a class=\"js_prg_dsc_trg opened\"><span class=\"prog-disc-icn \">Kha\u0309 n\u0103ng k\u00ea\u0301t n\u00f4\u0301i<\/span><\/a><\/h2>\n<h2 class=\"group_head\"><\/h2>\n<dl>\n<dt>K\u00ea\u0301t n\u00f4\u0301i, ti\u00eau chu\u00e2\u0309n<\/dt>\n<dd>\n<ul class=\"nobullet\">\n<li>USB 2.0 T\u00f4\u0301c \u0111\u00f4\u0323 Cao<\/li>\n<\/ul>\n<\/dd>\n<\/dl>\n<dl>\n<dt>Phi\u00ean b\u1ea3n Twain<\/dt>\n<dd>\u0110a\u0303 \u0111\u01b0\u01a1\u0323c ch\u01b0\u0301ng nh\u00e2\u0323n TWAIN. Phi\u00ean b\u1ea3n 2.1<\/dd>\n<\/dl>\n<h2 class=\"group_head\"><a class=\"js_prg_dsc_trg closed opened\"><span class=\"prog-disc-icn \">Y\u00eau c\u00e2\u0300u ngu\u00f4\u0300n \u0111i\u00ea\u0323n va\u0300 v\u1eadn h\u00e0nh<\/span><\/a><\/h2>\n<h2 class=\"group_head\"><\/h2>\n<dl>\n<dt>Ngu\u1ed3n<\/dt>\n<dd>\n<ul class=\"nobullet\">\n<li>\u0110i\u1ec7n \u00e1p \u0110\u1ea7u v\u00e0o: 90 t\u1edbi 264 VAC, 50\/ 60 Hz<\/li>\n<\/ul>\n<\/dd>\n<\/dl>\n<dl>\n<dt>\u0110i\u1ec7n n\u0103ng ti\u00eau th\u1ee5<\/dt>\n<dd>4,73 watts (ch\u1ebf \u0111\u1ed9 S\u1eb5n s\u00e0ng), 1,68 watts (ch\u1ebf \u0111\u1ed9 Ng\u1ee7), 0,13 watts (T\u1ef1 \u0111\u1ed9ng T\u1eaft), 0,14 watts (T\u1eaft Thu\u0309 c\u00f4ng)\u00a0<a class=\"sup_linked sup_spcs\">1<\/a><\/dd>\n<\/dl>\n<dl>\n<dt>Ph\u1ea1m v\u1ecb nhi\u1ec7t \u0111\u1ed9 hoa\u0323t \u0111\u00f4\u0323ng<\/dt>\n<dd>\n<ul class=\"nobullet\">\n<li>10 \u0111\u1ebfn 35\u00b0C<\/li>\n<\/ul>\n<\/dd>\n<\/dl>\n<dl>\n<dt>Operating humidity<\/dt>\n<dd>\n<ul class=\"nobullet\">\n<li>15 \u0111\u1ebfn 80% RH (kh\u00f4ng ng\u01b0ng t\u1ee5)<\/li>\n<\/ul>\n<\/dd>\n<\/dl>\n<h2 class=\"group_head\"><a class=\"js_prg_dsc_trg closed opened\"><span class=\"prog-disc-icn \">Ki\u0301ch th\u01b0\u01a1\u0301c va\u0300 tro\u0323ng l\u01b0\u01a1\u0323ng<\/span><\/a><\/h2>\n<h2 class=\"group_head\"><\/h2>\n<dl>\n<dt>K\u00edch th\u01b0\u1edbc t\u1ed1i thi\u1ec3u (R x S x C)<\/dt>\n<dd>\n<ul class=\"nobullet\">\n<li>451 x 351 x 122 mm<\/li>\n<\/ul>\n<\/dd>\n<\/dl>\n<dl>\n<dt>Tr\u1ecdng l\u01b0\u1ee3ng<\/dt>\n<dd>\n<ul class=\"nobullet\">\n<li>4,3 kg<\/li>\n<\/ul>\n<\/dd>\n<\/dl>\n<h2 class=\"group_head\"><a class=\"js_prg_dsc_trg closed opened\"><span class=\"prog-disc-icn \">Bao g\u1ed3m<\/span><\/a><\/h2>\n<h2 class=\"group_head\"><\/h2>\n<dl>\n<dt>B\u1ea3o h\u00e0nh<\/dt>\n<dd>\n<ul class=\"nobullet\">\n<li>B\u1ea3o h\u00e0nh Gi\u1edbi h\u1ea1n 1 n\u0103m (Ho\u00e0n tr\u1ea3 HP\/\u0110\u1ea1i l\u00fd \u2013 Trao \u0111\u1ed5i Thi\u00ea\u0301t bi\u0323)<\/li>\n<\/ul>\n<\/dd>\n<\/dl>\n<dl>\n<dt>C\u00f3 g\u00ec trong \u00f4<\/dt>\n<dd>\n<ul class=\"nobullet\">\n<li>M\u00e1y ch\u1ee5p qu\u00e9t HP ScanJet Pro 2500 f1<\/li>\n<li>Ma\u0301y ch\u1ee5p qu\u00e9t M\u0103\u0323t ki\u0301nh ph\u0103\u0309ng HP ScanJet Pro 2500 f1<\/li>\n<li>H\u01b0\u1edbng d\u1eabn C\u00e0i \u0111\u1eb7t<\/li>\n<li>CD Ph\u00e2\u0300n m\u00ea\u0300m &amp; Tri\u0300nh \u0111i\u00ea\u0300u khi\u00ea\u0309n M\u00e1y que\u0301t HP<\/li>\n<li>CD Go\u0301i Ph\u00e2\u0300n m\u00ea\u0300m T\u0103\u0323ng th\u00eam cu\u0309a HP<\/li>\n<li>T\u1edd r\u01a1i h\u1ed7 tr\u1ee3<\/li>\n<li>T\u1ea5m \u0111\u1ec7m<\/li>\n<li>Ca\u0301p USB<\/li>\n<li>B\u00f4\u0323 chuy\u00ea\u0309n \u0111\u00f4\u0309i ngu\u00f4\u0300n \u0111i\u1ec7n<\/li>\n<li>D\u00e2y ngu\u1ed3n<\/li>\n<\/ul>\n<\/dd>\n<\/dl>\n<dl>\n<dt>Software included<\/dt>\n<dd>\n<ul class=\"nobullet\">\n<li>Tr\u00ecnh \u0111i\u1ec1u khi\u1ec3n Thi\u1ebft b\u1ecb M\u00e1y ch\u1ee5p qu\u00e9t HP,Tr\u00ecnh \u0111i\u1ec1u khi\u1ec3n Ch\u1ee5p qu\u00e9t WIA HP, Tr\u00ecnh \u0111i\u1ec1u khi\u1ec3n Ch\u1ee5p qu\u00e9t TWAIN HP (\u0110\u00e3 ch\u1ee9ng nh\u1eadn), HP Scan, Ti\u1ec7n \u00edch C\u00f4ng c\u1ee5 M\u00e1y ch\u1ee5p qu\u00e9t HP, Tr\u00ecnh x\u1eed l\u00fd S\u1ef1 ki\u1ec7n HP (N\u00fat), Tr\u00ecnh c\u00e0i \u0111\u1eb7t HP Windows, I.R.I.S. Readiris Pro, I.R.I.S. Cardiris, Nuance PaperPort, ArcSoft PhotoStudio, SDK (B\u1ed9 Ph\u00e1t tri\u1ec3n ph\u1ea7n m\u1ec1m), LPDF (t\u1eadp tin co\u0301 li\u00ean k\u1ebft \u0111\u1ec3 t\u1ea3i v\u1ec1 ph\u1ea7n m\u1ec1m), Kh\u00f4ng c\u00f3 Ph\u1ea7n m\u1ec1m Mac tr\u00ean CD.<\/li>\n<\/ul>\n<\/dd>\n<\/dl>\n<dl>\n<dt>K\u00e8m theo c\u00e1p<\/dt>\n<dd>\n<ul class=\"nobullet\">\n<li>C\u00f3, 1 USB<\/li>\n<\/ul>\n<\/dd>\n<\/dl>\n","protected":false},"excerpt":{"rendered":"<h1 class=\"ProductNameLink ProductNameLinkDetail\"><a title=\"formatter hp scanjet pro 2500 f1\" href=\"https:\/\/mucinht.vn\/hp\/linh-kien-may-in\/formatter-hp-scanjet-pro-2500-f1-20305.html\">Formatter HP ScanJet Pro 2500 f1<\/a><\/h1>\n","protected":false},"featured_media":2629,"comment_status":"open","ping_status":"closed","template":"","meta":[],"product_brand":[],"product_cat":[128],"product_tag":[488,489],"class_list":{"0":"post-2628","1":"product","2":"type-product","3":"status-publish","4":"has-post-thumbnail","6":"product_cat-linh-kien-boc-may","7":"product_tag-formatter-hp-scanjet-pro-2500-f1","8":"product_tag-hp-scanjet-pro-2500-f1","10":"first","11":"instock","12":"taxable","13":"shipping-taxable","14":"purchasable","15":"product-type-simple"},"_links":{"self":[{"href":"https:\/\/toangiamayvanphong.vn\/index.php?rest_route=\/wp\/v2\/product\/2628","targetHints":{"allow":["GET"]}}],"collection":[{"href":"https:\/\/toangiamayvanphong.vn\/index.php?rest_route=\/wp\/v2\/product"}],"about":[{"href":"https:\/\/toangiamayvanphong.vn\/index.php?rest_route=\/wp\/v2\/types\/product"}],"replies":[{"embeddable":true,"href":"https:\/\/toangiamayvanphong.vn\/index.php?rest_route=%2Fwp%2Fv2%2Fcomments&post=2628"}],"wp:featuredmedia":[{"embeddable":true,"href":"https:\/\/toangiamayvanphong.vn\/index.php?rest_route=\/wp\/v2\/media\/2629"}],"wp:attachment":[{"href":"https:\/\/toangiamayvanphong.vn\/index.php?rest_route=%2Fwp%2Fv2%2Fmedia&parent=2628"}],"wp:term":[{"taxonomy":"product_brand","embeddable":true,"href":"https:\/\/toangiamayvanphong.vn\/index.php?rest_route=%2Fwp%2Fv2%2Fproduct_brand&post=2628"},{"taxonomy":"product_cat","embeddable":true,"href":"https:\/\/toangiamayvanphong.vn\/index.php?rest_route=%2Fwp%2Fv2%2Fproduct_cat&post=2628"},{"taxonomy":"product_tag","embeddable":true,"href":"https:\/\/toangiamayvanphong.vn\/index.php?rest_route=%2Fwp%2Fv2%2Fproduct_tag&post=2628"}],"curies":[{"name":"wp","href":"https:\/\/api.w.org\/{rel}","templated":true}]}}