{"id":2631,"date":"2023-07-10T09:12:06","date_gmt":"2023-07-10T02:12:06","guid":{"rendered":"https:\/\/toangiamayvanphong.vn\/?post_type=product&#038;p=2631"},"modified":"2024-02-23T13:50:44","modified_gmt":"2024-02-23T06:50:44","slug":"bo-dao-mat-may-in-hp-m602n","status":"publish","type":"product","link":"https:\/\/toangiamayvanphong.vn\/?product=bo-dao-mat-may-in-hp-m602n","title":{"rendered":"\u00a0B\u1ed9 \u0111\u1ea3o m\u1eb7t m\u00e1y in HP m602n"},"content":{"rendered":"<div class=\"AsideTitle\">TH\u00d4NG TIN K\u1ef8 THU\u1eacT<\/div>\n<article id=\"Context\" class=\"Context\">\n<ul>\n<li><strong>M\u00e3 h\u00e0ng<\/strong>:\u00a0B\u1ed9 \u0111\u1ea3o m\u1eb7t m\u00e1y in HP m602n<\/li>\n<li><strong>H\u00e3ng s\u1ea3n xu\u1ea5t<\/strong>: HP<\/li>\n<li><strong>Ch\u1ea5t l\u01b0\u1ee3ng<\/strong>: H\u00e0ng zin th\u00e1o m\u00e1y<\/li>\n<li><strong>S\u1eed d\u1ee5ng cho<\/strong>: M\u00e1y in HP<\/li>\n<li><strong>B\u1ea3o h\u00e0nh<\/strong>: 2 th\u00e1ng t\u1ea1i Cty<\/li>\n<\/ul>\n<\/article>\n","protected":false},"excerpt":{"rendered":"<p>B\u1ed9 \u0111\u1ea3o m\u1eb7t m\u00e1y in HP m602n<\/p>\n","protected":false},"featured_media":2632,"comment_status":"open","ping_status":"closed","template":"","meta":[],"product_brand":[],"product_cat":[128],"product_tag":[490],"class_list":{"0":"post-2631","1":"product","2":"type-product","3":"status-publish","4":"has-post-thumbnail","6":"product_cat-linh-kien-boc-may","7":"product_tag-bo-dao-mat-may-in-hp-m602n","9":"first","10":"instock","11":"taxable","12":"shipping-taxable","13":"product-type-simple"},"_links":{"self":[{"href":"https:\/\/toangiamayvanphong.vn\/index.php?rest_route=\/wp\/v2\/product\/2631","targetHints":{"allow":["GET"]}}],"collection":[{"href":"https:\/\/toangiamayvanphong.vn\/index.php?rest_route=\/wp\/v2\/product"}],"about":[{"href":"https:\/\/toangiamayvanphong.vn\/index.php?rest_route=\/wp\/v2\/types\/product"}],"replies":[{"embeddable":true,"href":"https:\/\/toangiamayvanphong.vn\/index.php?rest_route=%2Fwp%2Fv2%2Fcomments&post=2631"}],"wp:featuredmedia":[{"embeddable":true,"href":"https:\/\/toangiamayvanphong.vn\/index.php?rest_route=\/wp\/v2\/media\/2632"}],"wp:attachment":[{"href":"https:\/\/toangiamayvanphong.vn\/index.php?rest_route=%2Fwp%2Fv2%2Fmedia&parent=2631"}],"wp:term":[{"taxonomy":"product_brand","embeddable":true,"href":"https:\/\/toangiamayvanphong.vn\/index.php?rest_route=%2Fwp%2Fv2%2Fproduct_brand&post=2631"},{"taxonomy":"product_cat","embeddable":true,"href":"https:\/\/toangiamayvanphong.vn\/index.php?rest_route=%2Fwp%2Fv2%2Fproduct_cat&post=2631"},{"taxonomy":"product_tag","embeddable":true,"href":"https:\/\/toangiamayvanphong.vn\/index.php?rest_route=%2Fwp%2Fv2%2Fproduct_tag&post=2631"}],"curies":[{"name":"wp","href":"https:\/\/api.w.org\/{rel}","templated":true}]}}