{"id":2751,"date":"2023-07-19T16:31:03","date_gmt":"2023-07-19T09:31:03","guid":{"rendered":"https:\/\/toangiamayvanphong.vn\/?post_type=product&#038;p=2751"},"modified":"2023-07-19T16:31:03","modified_gmt":"2023-07-19T09:31:03","slug":"motor-jc31-dnq06-truc-6mm-che-quat-boc-may","status":"publish","type":"product","link":"https:\/\/toangiamayvanphong.vn\/?product=motor-jc31-dnq06-truc-6mm-che-quat-boc-may","title":{"rendered":"Motor JC31-DNQ06, tr\u1ee5c 6mm, ch\u1ebf qu\u1ea1t,&#8230; ( b\u00f3c m\u00e1y)"},"content":{"rendered":"<p>Motor JC31-DNQ06, tr\u1ee5c 6mm ch\u1ebf qu\u1ea1t,&#8230; ( b\u00f3c m\u00e1y)<br \/>\n\u0111\u01b0\u1eddng k\u00ednh chu\u00f4ng: 54mm<br \/>\nchi\u1ec1u d\u00e0i m\u1ea1ch: 80x60mm<\/p>\n","protected":false},"excerpt":{"rendered":"<p>Motor JC31-DNQ06, tr\u1ee5c 6mm ch\u1ebf qu\u1ea1t,&#8230; ( b\u00f3c m\u00e1y) \u0111\u01b0\u1eddng k\u00ednh chu\u00f4ng: 54mm chi\u1ec1u d\u00e0i m\u1ea1ch: 80x60mm<\/p>\n","protected":false},"featured_media":2747,"comment_status":"open","ping_status":"closed","template":"","meta":[],"product_brand":[],"product_cat":[128],"product_tag":[497,138,505],"class_list":{"0":"post-2751","1":"product","2":"type-product","3":"status-publish","4":"has-post-thumbnail","6":"product_cat-linh-kien-boc-may","7":"product_tag-che","8":"product_tag-motor","9":"product_tag-quat","11":"first","12":"instock","13":"taxable","14":"shipping-taxable","15":"product-type-simple"},"_links":{"self":[{"href":"https:\/\/toangiamayvanphong.vn\/index.php?rest_route=\/wp\/v2\/product\/2751","targetHints":{"allow":["GET"]}}],"collection":[{"href":"https:\/\/toangiamayvanphong.vn\/index.php?rest_route=\/wp\/v2\/product"}],"about":[{"href":"https:\/\/toangiamayvanphong.vn\/index.php?rest_route=\/wp\/v2\/types\/product"}],"replies":[{"embeddable":true,"href":"https:\/\/toangiamayvanphong.vn\/index.php?rest_route=%2Fwp%2Fv2%2Fcomments&post=2751"}],"wp:featuredmedia":[{"embeddable":true,"href":"https:\/\/toangiamayvanphong.vn\/index.php?rest_route=\/wp\/v2\/media\/2747"}],"wp:attachment":[{"href":"https:\/\/toangiamayvanphong.vn\/index.php?rest_route=%2Fwp%2Fv2%2Fmedia&parent=2751"}],"wp:term":[{"taxonomy":"product_brand","embeddable":true,"href":"https:\/\/toangiamayvanphong.vn\/index.php?rest_route=%2Fwp%2Fv2%2Fproduct_brand&post=2751"},{"taxonomy":"product_cat","embeddable":true,"href":"https:\/\/toangiamayvanphong.vn\/index.php?rest_route=%2Fwp%2Fv2%2Fproduct_cat&post=2751"},{"taxonomy":"product_tag","embeddable":true,"href":"https:\/\/toangiamayvanphong.vn\/index.php?rest_route=%2Fwp%2Fv2%2Fproduct_tag&post=2751"}],"curies":[{"name":"wp","href":"https:\/\/api.w.org\/{rel}","templated":true}]}}