{"id":2752,"date":"2023-07-20T10:31:30","date_gmt":"2023-07-20T03:31:30","guid":{"rendered":"https:\/\/toangiamayvanphong.vn\/?post_type=product&#038;p=2752"},"modified":"2023-07-20T10:31:30","modified_gmt":"2023-07-20T03:31:30","slug":"motor-rk2-0934-truc-6mm-che-diy-boc-may","status":"publish","type":"product","link":"https:\/\/toangiamayvanphong.vn\/?product=motor-rk2-0934-truc-6mm-che-diy-boc-may","title":{"rendered":"Motor RK2-0934, tr\u1ee5c 6mm, ch\u1ebf DIY&#8230; ( b\u00f3c m\u00e1y)"},"content":{"rendered":"<p><span style=\"font-size: 150%; color: #0000ff;\"><strong>Motor RK2-0934, tr\u1ee5c 6mm, ch\u1ebf DIY,&#8230; ( b\u00f3c m\u00e1y)<\/strong><\/span><br \/>\n\u0111\u01b0\u1eddng k\u00ednh chu\u00f4ng 50mm<br \/>\nb\u1ea3n m\u1ea1ch: 60x65mm<\/p>\n","protected":false},"excerpt":{"rendered":"<p>Motor RK2-0934, tr\u1ee5c 6mm, ch\u1ebf DIY,&#8230; ( b\u00f3c m\u00e1y) \u0111\u01b0\u1eddng k\u00ednh chu\u00f4ng 50mm b\u1ea3n m\u1ea1ch: 60x65mm<\/p>\n","protected":false},"featured_media":2753,"comment_status":"open","ping_status":"closed","template":"","meta":[],"product_brand":[],"product_cat":[128],"product_tag":[430,138],"class_list":{"0":"post-2752","1":"product","2":"type-product","3":"status-publish","4":"has-post-thumbnail","6":"product_cat-linh-kien-boc-may","7":"product_tag-diy","8":"product_tag-motor","10":"first","11":"instock","12":"taxable","13":"shipping-taxable","14":"product-type-simple"},"_links":{"self":[{"href":"https:\/\/toangiamayvanphong.vn\/index.php?rest_route=\/wp\/v2\/product\/2752","targetHints":{"allow":["GET"]}}],"collection":[{"href":"https:\/\/toangiamayvanphong.vn\/index.php?rest_route=\/wp\/v2\/product"}],"about":[{"href":"https:\/\/toangiamayvanphong.vn\/index.php?rest_route=\/wp\/v2\/types\/product"}],"replies":[{"embeddable":true,"href":"https:\/\/toangiamayvanphong.vn\/index.php?rest_route=%2Fwp%2Fv2%2Fcomments&post=2752"}],"wp:featuredmedia":[{"embeddable":true,"href":"https:\/\/toangiamayvanphong.vn\/index.php?rest_route=\/wp\/v2\/media\/2753"}],"wp:attachment":[{"href":"https:\/\/toangiamayvanphong.vn\/index.php?rest_route=%2Fwp%2Fv2%2Fmedia&parent=2752"}],"wp:term":[{"taxonomy":"product_brand","embeddable":true,"href":"https:\/\/toangiamayvanphong.vn\/index.php?rest_route=%2Fwp%2Fv2%2Fproduct_brand&post=2752"},{"taxonomy":"product_cat","embeddable":true,"href":"https:\/\/toangiamayvanphong.vn\/index.php?rest_route=%2Fwp%2Fv2%2Fproduct_cat&post=2752"},{"taxonomy":"product_tag","embeddable":true,"href":"https:\/\/toangiamayvanphong.vn\/index.php?rest_route=%2Fwp%2Fv2%2Fproduct_tag&post=2752"}],"curies":[{"name":"wp","href":"https:\/\/api.w.org\/{rel}","templated":true}]}}