{"id":2767,"date":"2023-07-26T15:48:29","date_gmt":"2023-07-26T08:48:29","guid":{"rendered":"https:\/\/toangiamayvanphong.vn\/?post_type=product&#038;p=2767"},"modified":"2023-07-26T15:48:29","modified_gmt":"2023-07-26T08:48:29","slug":"kep-giay-may-in-canon-2900-boc-may","status":"publish","type":"product","link":"https:\/\/toangiamayvanphong.vn\/?product=kep-giay-may-in-canon-2900-boc-may","title":{"rendered":"K\u1eb9p gi\u1ea5y m\u00e1y in Canon 2900 (b\u00f3c m\u00e1y)"},"content":{"rendered":"<p><span style=\"font-size: 150%; color: #0000ff;\"><strong>K\u1eb9p gi\u1ea5y m\u00e1y in Canon 2900 (b\u00f3c m\u00e1y)<\/strong><\/span><\/p>\n","protected":false},"excerpt":{"rendered":"<p>K\u1eb9p gi\u1ea5y m\u00e1y in Canon 2900 (b\u00f3c m\u00e1y)<\/p>\n","protected":false},"featured_media":2768,"comment_status":"open","ping_status":"closed","template":"","meta":[],"product_brand":[],"product_cat":[128],"product_tag":[130,507,257,508],"class_list":{"0":"post-2767","1":"product","2":"type-product","3":"status-publish","4":"has-post-thumbnail","6":"product_cat-linh-kien-boc-may","7":"product_tag-canon-2900","8":"product_tag-kep","9":"product_tag-kep-giay","10":"product_tag-kep-giay-may-in","12":"first","13":"instock","14":"taxable","15":"shipping-taxable","16":"product-type-simple"},"_links":{"self":[{"href":"https:\/\/toangiamayvanphong.vn\/index.php?rest_route=\/wp\/v2\/product\/2767","targetHints":{"allow":["GET"]}}],"collection":[{"href":"https:\/\/toangiamayvanphong.vn\/index.php?rest_route=\/wp\/v2\/product"}],"about":[{"href":"https:\/\/toangiamayvanphong.vn\/index.php?rest_route=\/wp\/v2\/types\/product"}],"replies":[{"embeddable":true,"href":"https:\/\/toangiamayvanphong.vn\/index.php?rest_route=%2Fwp%2Fv2%2Fcomments&post=2767"}],"wp:featuredmedia":[{"embeddable":true,"href":"https:\/\/toangiamayvanphong.vn\/index.php?rest_route=\/wp\/v2\/media\/2768"}],"wp:attachment":[{"href":"https:\/\/toangiamayvanphong.vn\/index.php?rest_route=%2Fwp%2Fv2%2Fmedia&parent=2767"}],"wp:term":[{"taxonomy":"product_brand","embeddable":true,"href":"https:\/\/toangiamayvanphong.vn\/index.php?rest_route=%2Fwp%2Fv2%2Fproduct_brand&post=2767"},{"taxonomy":"product_cat","embeddable":true,"href":"https:\/\/toangiamayvanphong.vn\/index.php?rest_route=%2Fwp%2Fv2%2Fproduct_cat&post=2767"},{"taxonomy":"product_tag","embeddable":true,"href":"https:\/\/toangiamayvanphong.vn\/index.php?rest_route=%2Fwp%2Fv2%2Fproduct_tag&post=2767"}],"curies":[{"name":"wp","href":"https:\/\/api.w.org\/{rel}","templated":true}]}}