{"id":2858,"date":"2023-08-11T15:48:13","date_gmt":"2023-08-11T08:48:13","guid":{"rendered":"https:\/\/toangiamayvanphong.vn\/?post_type=product&#038;p=2858"},"modified":"2023-08-11T15:48:14","modified_gmt":"2023-08-11T08:48:14","slug":"card-formatter-may-in-canon-4320d-boc-may","status":"publish","type":"product","link":"https:\/\/toangiamayvanphong.vn\/?product=card-formatter-may-in-canon-4320d-boc-may","title":{"rendered":"Card formatter m\u00e1y in Canon 4320D (b\u00f3c m\u00e1y)"},"content":{"rendered":"<p><span style=\"color: #0000ff;\"><strong><span style=\"font-size: 150%;\">Card formatter m\u00e1y in Canon 4320D (b\u00f3c m\u00e1y)<\/span><\/strong><\/span><\/p>\n","protected":false},"excerpt":{"rendered":"<p>Card formatter m\u00e1y in Canon 4320D (b\u00f3c m\u00e1y)<\/p>\n","protected":false},"featured_media":2859,"comment_status":"open","ping_status":"closed","template":"","meta":[],"product_brand":[],"product_cat":[128],"product_tag":[525,462],"class_list":{"0":"post-2858","1":"product","2":"type-product","3":"status-publish","4":"has-post-thumbnail","6":"product_cat-linh-kien-boc-may","7":"product_tag-canon-4320d","8":"product_tag-card-formatter","10":"first","11":"instock","12":"taxable","13":"shipping-taxable","14":"product-type-simple"},"_links":{"self":[{"href":"https:\/\/toangiamayvanphong.vn\/index.php?rest_route=\/wp\/v2\/product\/2858","targetHints":{"allow":["GET"]}}],"collection":[{"href":"https:\/\/toangiamayvanphong.vn\/index.php?rest_route=\/wp\/v2\/product"}],"about":[{"href":"https:\/\/toangiamayvanphong.vn\/index.php?rest_route=\/wp\/v2\/types\/product"}],"replies":[{"embeddable":true,"href":"https:\/\/toangiamayvanphong.vn\/index.php?rest_route=%2Fwp%2Fv2%2Fcomments&post=2858"}],"wp:featuredmedia":[{"embeddable":true,"href":"https:\/\/toangiamayvanphong.vn\/index.php?rest_route=\/wp\/v2\/media\/2859"}],"wp:attachment":[{"href":"https:\/\/toangiamayvanphong.vn\/index.php?rest_route=%2Fwp%2Fv2%2Fmedia&parent=2858"}],"wp:term":[{"taxonomy":"product_brand","embeddable":true,"href":"https:\/\/toangiamayvanphong.vn\/index.php?rest_route=%2Fwp%2Fv2%2Fproduct_brand&post=2858"},{"taxonomy":"product_cat","embeddable":true,"href":"https:\/\/toangiamayvanphong.vn\/index.php?rest_route=%2Fwp%2Fv2%2Fproduct_cat&post=2858"},{"taxonomy":"product_tag","embeddable":true,"href":"https:\/\/toangiamayvanphong.vn\/index.php?rest_route=%2Fwp%2Fv2%2Fproduct_tag&post=2858"}],"curies":[{"name":"wp","href":"https:\/\/api.w.org\/{rel}","templated":true}]}}