{"id":2866,"date":"2023-08-11T18:52:53","date_gmt":"2023-08-11T11:52:53","guid":{"rendered":"https:\/\/toangiamayvanphong.vn\/?post_type=product&#038;p=2866"},"modified":"2024-04-19T09:58:51","modified_gmt":"2024-04-19T02:58:51","slug":"den-scan-may-in-canon-4320d-boc-may","status":"publish","type":"product","link":"https:\/\/toangiamayvanphong.vn\/?product=den-scan-may-in-canon-4320d-boc-may","title":{"rendered":"\u0110\u00e8n scan m\u00e1y in Canon 4320D (b\u00f3c m\u00e1y)"},"content":{"rendered":"<p><span style=\"color: #0000ff;\"><strong><span style=\"font-size: 150%;\">\u0110\u00e8n scan m\u00e1y in Canon 4320D (b\u00f3c m\u00e1y)<\/span><\/strong><\/span><\/p>\n","protected":false},"excerpt":{"rendered":"<p>\u0110\u00e8n scan m\u00e1y in Canon 4320D (b\u00f3c m\u00e1y)<\/p>\n","protected":false},"featured_media":3442,"comment_status":"open","ping_status":"closed","template":"","meta":[],"product_brand":[],"product_cat":[128],"product_tag":[525,527,528],"class_list":{"0":"post-2866","1":"product","2":"type-product","3":"status-publish","4":"has-post-thumbnail","6":"product_cat-linh-kien-boc-may","7":"product_tag-canon-4320d","8":"product_tag-den","9":"product_tag-den-scan","11":"first","12":"instock","13":"taxable","14":"shipping-taxable","15":"product-type-simple"},"_links":{"self":[{"href":"https:\/\/toangiamayvanphong.vn\/index.php?rest_route=\/wp\/v2\/product\/2866","targetHints":{"allow":["GET"]}}],"collection":[{"href":"https:\/\/toangiamayvanphong.vn\/index.php?rest_route=\/wp\/v2\/product"}],"about":[{"href":"https:\/\/toangiamayvanphong.vn\/index.php?rest_route=\/wp\/v2\/types\/product"}],"replies":[{"embeddable":true,"href":"https:\/\/toangiamayvanphong.vn\/index.php?rest_route=%2Fwp%2Fv2%2Fcomments&post=2866"}],"wp:featuredmedia":[{"embeddable":true,"href":"https:\/\/toangiamayvanphong.vn\/index.php?rest_route=\/wp\/v2\/media\/3442"}],"wp:attachment":[{"href":"https:\/\/toangiamayvanphong.vn\/index.php?rest_route=%2Fwp%2Fv2%2Fmedia&parent=2866"}],"wp:term":[{"taxonomy":"product_brand","embeddable":true,"href":"https:\/\/toangiamayvanphong.vn\/index.php?rest_route=%2Fwp%2Fv2%2Fproduct_brand&post=2866"},{"taxonomy":"product_cat","embeddable":true,"href":"https:\/\/toangiamayvanphong.vn\/index.php?rest_route=%2Fwp%2Fv2%2Fproduct_cat&post=2866"},{"taxonomy":"product_tag","embeddable":true,"href":"https:\/\/toangiamayvanphong.vn\/index.php?rest_route=%2Fwp%2Fv2%2Fproduct_tag&post=2866"}],"curies":[{"name":"wp","href":"https:\/\/api.w.org\/{rel}","templated":true}]}}