{"id":2912,"date":"2023-08-18T12:06:49","date_gmt":"2023-08-18T05:06:49","guid":{"rendered":"https:\/\/toangiamayvanphong.vn\/?post_type=product&#038;p=2912"},"modified":"2023-08-18T12:06:49","modified_gmt":"2023-08-18T05:06:49","slug":"khay-mica-may-in-epson-lq-300ii-boc-may","status":"publish","type":"product","link":"https:\/\/toangiamayvanphong.vn\/?product=khay-mica-may-in-epson-lq-300ii-boc-may","title":{"rendered":"KHAY MICA M\u00c1Y IN EPSON LQ-300+II (b\u00f3c m\u00e1y)"},"content":{"rendered":"<p><span style=\"color: #0000ff;\"><strong><span style=\"font-size: 150%;\">KHAY MICA M\u00c1Y IN EPSON LQ-300+II (b\u00f3c m\u00e1y)<\/span><\/strong><\/span><\/p>\n","protected":false},"excerpt":{"rendered":"<p>KHAY MICA M\u00c1Y IN EPSON LQ-300+II (b\u00f3c m\u00e1y)<\/p>\n","protected":false},"featured_media":2913,"comment_status":"open","ping_status":"closed","template":"","meta":[],"product_brand":[],"product_cat":[128],"product_tag":[537],"class_list":{"0":"post-2912","1":"product","2":"type-product","3":"status-publish","4":"has-post-thumbnail","6":"product_cat-linh-kien-boc-may","7":"product_tag-khay-mica-may-in-epson-lq-300ii-boc-may","9":"first","10":"instock","11":"taxable","12":"shipping-taxable","13":"product-type-simple"},"_links":{"self":[{"href":"https:\/\/toangiamayvanphong.vn\/index.php?rest_route=\/wp\/v2\/product\/2912","targetHints":{"allow":["GET"]}}],"collection":[{"href":"https:\/\/toangiamayvanphong.vn\/index.php?rest_route=\/wp\/v2\/product"}],"about":[{"href":"https:\/\/toangiamayvanphong.vn\/index.php?rest_route=\/wp\/v2\/types\/product"}],"replies":[{"embeddable":true,"href":"https:\/\/toangiamayvanphong.vn\/index.php?rest_route=%2Fwp%2Fv2%2Fcomments&post=2912"}],"wp:featuredmedia":[{"embeddable":true,"href":"https:\/\/toangiamayvanphong.vn\/index.php?rest_route=\/wp\/v2\/media\/2913"}],"wp:attachment":[{"href":"https:\/\/toangiamayvanphong.vn\/index.php?rest_route=%2Fwp%2Fv2%2Fmedia&parent=2912"}],"wp:term":[{"taxonomy":"product_brand","embeddable":true,"href":"https:\/\/toangiamayvanphong.vn\/index.php?rest_route=%2Fwp%2Fv2%2Fproduct_brand&post=2912"},{"taxonomy":"product_cat","embeddable":true,"href":"https:\/\/toangiamayvanphong.vn\/index.php?rest_route=%2Fwp%2Fv2%2Fproduct_cat&post=2912"},{"taxonomy":"product_tag","embeddable":true,"href":"https:\/\/toangiamayvanphong.vn\/index.php?rest_route=%2Fwp%2Fv2%2Fproduct_tag&post=2912"}],"curies":[{"name":"wp","href":"https:\/\/api.w.org\/{rel}","templated":true}]}}