{"id":2920,"date":"2023-08-18T12:18:14","date_gmt":"2023-08-18T05:18:14","guid":{"rendered":"https:\/\/toangiamayvanphong.vn\/?post_type=product&#038;p=2920"},"modified":"2024-03-21T13:31:55","modified_gmt":"2024-03-21T06:31:55","slug":"khay-giay-may-in-epson-lq-300-300ii-boc-may","status":"publish","type":"product","link":"https:\/\/toangiamayvanphong.vn\/?product=khay-giay-may-in-epson-lq-300-300ii-boc-may","title":{"rendered":"Khay gi\u1ea5y m\u00e1y in epson LQ 300, 300+II (b\u00f3c m\u00e1y)"},"content":{"rendered":"<p><strong><span style=\"font-size: 150%; color: #0000ff;\">Khay gi\u1ea5y m\u00e1y in epson LQ 300, 300+II (b\u00f3c m\u00e1y)<\/span><\/strong><\/p>\n","protected":false},"excerpt":{"rendered":"<p>Khay gi\u1ea5y m\u00e1y in epson LQ 300, 300+II (b\u00f3c m\u00e1y)<\/p>\n","protected":false},"featured_media":3285,"comment_status":"open","ping_status":"closed","template":"","meta":[],"product_brand":[],"product_cat":[128],"product_tag":[543,542],"class_list":{"0":"post-2920","1":"product","2":"type-product","3":"status-publish","4":"has-post-thumbnail","6":"product_cat-linh-kien-boc-may","7":"product_tag-300ii-boc-may","8":"product_tag-khay-giay-may-in-epson-lq-300","10":"first","11":"instock","12":"taxable","13":"shipping-taxable","14":"product-type-simple"},"_links":{"self":[{"href":"https:\/\/toangiamayvanphong.vn\/index.php?rest_route=\/wp\/v2\/product\/2920","targetHints":{"allow":["GET"]}}],"collection":[{"href":"https:\/\/toangiamayvanphong.vn\/index.php?rest_route=\/wp\/v2\/product"}],"about":[{"href":"https:\/\/toangiamayvanphong.vn\/index.php?rest_route=\/wp\/v2\/types\/product"}],"replies":[{"embeddable":true,"href":"https:\/\/toangiamayvanphong.vn\/index.php?rest_route=%2Fwp%2Fv2%2Fcomments&post=2920"}],"wp:featuredmedia":[{"embeddable":true,"href":"https:\/\/toangiamayvanphong.vn\/index.php?rest_route=\/wp\/v2\/media\/3285"}],"wp:attachment":[{"href":"https:\/\/toangiamayvanphong.vn\/index.php?rest_route=%2Fwp%2Fv2%2Fmedia&parent=2920"}],"wp:term":[{"taxonomy":"product_brand","embeddable":true,"href":"https:\/\/toangiamayvanphong.vn\/index.php?rest_route=%2Fwp%2Fv2%2Fproduct_brand&post=2920"},{"taxonomy":"product_cat","embeddable":true,"href":"https:\/\/toangiamayvanphong.vn\/index.php?rest_route=%2Fwp%2Fv2%2Fproduct_cat&post=2920"},{"taxonomy":"product_tag","embeddable":true,"href":"https:\/\/toangiamayvanphong.vn\/index.php?rest_route=%2Fwp%2Fv2%2Fproduct_tag&post=2920"}],"curies":[{"name":"wp","href":"https:\/\/api.w.org\/{rel}","templated":true}]}}