{"id":2970,"date":"2023-09-20T11:44:19","date_gmt":"2023-09-20T04:44:19","guid":{"rendered":"https:\/\/toangiamayvanphong.vn\/?post_type=product&#038;p=2970"},"modified":"2023-09-20T11:44:19","modified_gmt":"2023-09-20T04:44:19","slug":"thanh-nhiet-may-in-canon-2900-boc-may-xin","status":"publish","type":"product","link":"https:\/\/toangiamayvanphong.vn\/?product=thanh-nhiet-may-in-canon-2900-boc-may-xin","title":{"rendered":"Thanh nhi\u1ec7t m\u00e1y in canon 2900 (b\u00f3c m\u00e1y xin)"},"content":{"rendered":"<p><span style=\"color: #0000ff;\"><strong>Thanh nhi\u1ec7t m\u00e1y in canon 2900 (b\u00f3c m\u00e1y xin)<\/strong><\/span><\/p>\n","protected":false},"excerpt":{"rendered":"<p>Thanh nhi\u1ec7t m\u00e1y in canon 2900 (b\u00f3c m\u00e1y xin)<\/p>\n","protected":false},"featured_media":2974,"comment_status":"open","ping_status":"closed","template":"","meta":[],"product_brand":[],"product_cat":[128],"product_tag":[561],"class_list":{"0":"post-2970","1":"product","2":"type-product","3":"status-publish","4":"has-post-thumbnail","6":"product_cat-linh-kien-boc-may","7":"product_tag-thanh-nhiet-may-in-canon-2900-boc-may-xin","9":"first","10":"instock","11":"taxable","12":"shipping-taxable","13":"product-type-simple"},"_links":{"self":[{"href":"https:\/\/toangiamayvanphong.vn\/index.php?rest_route=\/wp\/v2\/product\/2970","targetHints":{"allow":["GET"]}}],"collection":[{"href":"https:\/\/toangiamayvanphong.vn\/index.php?rest_route=\/wp\/v2\/product"}],"about":[{"href":"https:\/\/toangiamayvanphong.vn\/index.php?rest_route=\/wp\/v2\/types\/product"}],"replies":[{"embeddable":true,"href":"https:\/\/toangiamayvanphong.vn\/index.php?rest_route=%2Fwp%2Fv2%2Fcomments&post=2970"}],"wp:featuredmedia":[{"embeddable":true,"href":"https:\/\/toangiamayvanphong.vn\/index.php?rest_route=\/wp\/v2\/media\/2974"}],"wp:attachment":[{"href":"https:\/\/toangiamayvanphong.vn\/index.php?rest_route=%2Fwp%2Fv2%2Fmedia&parent=2970"}],"wp:term":[{"taxonomy":"product_brand","embeddable":true,"href":"https:\/\/toangiamayvanphong.vn\/index.php?rest_route=%2Fwp%2Fv2%2Fproduct_brand&post=2970"},{"taxonomy":"product_cat","embeddable":true,"href":"https:\/\/toangiamayvanphong.vn\/index.php?rest_route=%2Fwp%2Fv2%2Fproduct_cat&post=2970"},{"taxonomy":"product_tag","embeddable":true,"href":"https:\/\/toangiamayvanphong.vn\/index.php?rest_route=%2Fwp%2Fv2%2Fproduct_tag&post=2970"}],"curies":[{"name":"wp","href":"https:\/\/api.w.org\/{rel}","templated":true}]}}