{"id":3117,"date":"2023-10-26T16:06:23","date_gmt":"2023-10-26T09:06:23","guid":{"rendered":"https:\/\/toangiamayvanphong.vn\/?post_type=product&#038;p=3117"},"modified":"2023-10-26T16:06:26","modified_gmt":"2023-10-26T09:06:26","slug":"hop-quang-may-in-hp-1132-boc-may-chinh-hang","status":"publish","type":"product","link":"https:\/\/toangiamayvanphong.vn\/?product=hop-quang-may-in-hp-1132-boc-may-chinh-hang","title":{"rendered":"H\u1ed9p quang m\u00e1y in HP 1132 (b\u00f3c m\u00e1y ch\u00ednh h\u00e3ng)"},"content":{"rendered":"<p><span style=\"color: #0000ff; font-size: 150%;\"><strong>H\u1ed9p quang m\u00e1y in HP 1132 (b\u00f3c m\u00e1y ch\u00ednh h\u00e3ng)<\/strong><\/span><\/p>\n","protected":false},"excerpt":{"rendered":"<p>H\u1ed9p quang m\u00e1y in HP 1132 (b\u00f3c m\u00e1y ch\u00ednh h\u00e3ng)<\/p>\n","protected":false},"featured_media":3118,"comment_status":"open","ping_status":"closed","template":"","meta":[],"product_brand":[],"product_cat":[128],"product_tag":[607],"class_list":{"0":"post-3117","1":"product","2":"type-product","3":"status-publish","4":"has-post-thumbnail","6":"product_cat-linh-kien-boc-may","7":"product_tag-hop-quang-may-in-hp-1132-boc-may-chinh-hang","9":"first","10":"instock","11":"taxable","12":"shipping-taxable","13":"product-type-simple"},"_links":{"self":[{"href":"https:\/\/toangiamayvanphong.vn\/index.php?rest_route=\/wp\/v2\/product\/3117","targetHints":{"allow":["GET"]}}],"collection":[{"href":"https:\/\/toangiamayvanphong.vn\/index.php?rest_route=\/wp\/v2\/product"}],"about":[{"href":"https:\/\/toangiamayvanphong.vn\/index.php?rest_route=\/wp\/v2\/types\/product"}],"replies":[{"embeddable":true,"href":"https:\/\/toangiamayvanphong.vn\/index.php?rest_route=%2Fwp%2Fv2%2Fcomments&post=3117"}],"wp:featuredmedia":[{"embeddable":true,"href":"https:\/\/toangiamayvanphong.vn\/index.php?rest_route=\/wp\/v2\/media\/3118"}],"wp:attachment":[{"href":"https:\/\/toangiamayvanphong.vn\/index.php?rest_route=%2Fwp%2Fv2%2Fmedia&parent=3117"}],"wp:term":[{"taxonomy":"product_brand","embeddable":true,"href":"https:\/\/toangiamayvanphong.vn\/index.php?rest_route=%2Fwp%2Fv2%2Fproduct_brand&post=3117"},{"taxonomy":"product_cat","embeddable":true,"href":"https:\/\/toangiamayvanphong.vn\/index.php?rest_route=%2Fwp%2Fv2%2Fproduct_cat&post=3117"},{"taxonomy":"product_tag","embeddable":true,"href":"https:\/\/toangiamayvanphong.vn\/index.php?rest_route=%2Fwp%2Fv2%2Fproduct_tag&post=3117"}],"curies":[{"name":"wp","href":"https:\/\/api.w.org\/{rel}","templated":true}]}}