{"id":3138,"date":"2023-11-02T11:47:31","date_gmt":"2023-11-02T04:47:31","guid":{"rendered":"https:\/\/toangiamayvanphong.vn\/?post_type=product&#038;p=3138"},"modified":"2024-06-13T08:39:27","modified_gmt":"2024-06-13T01:39:27","slug":"card-formatter-hp-2055-2055d-hp2055-boc-may","status":"publish","type":"product","link":"https:\/\/toangiamayvanphong.vn\/?product=card-formatter-hp-2055-2055d-hp2055-boc-may","title":{"rendered":"CARD FORMATTER HP 2055 DN HP 2055DN B\u00d3C M\u00c1Y"},"content":{"rendered":"<p>CARD FORMATTER HP 2055 D HP 2055D B\u00d3C M\u00c1Y<\/p>\n","protected":false},"excerpt":{"rendered":"<p>CARD FORMATTER HP 2055 D HP 2055D B\u00d3C M\u00c1Y<\/p>\n","protected":false},"featured_media":3139,"comment_status":"open","ping_status":"closed","template":"","meta":[],"product_brand":[],"product_cat":[128],"product_tag":[612,613],"class_list":{"0":"post-3138","1":"product","2":"type-product","3":"status-publish","4":"has-post-thumbnail","6":"product_cat-linh-kien-boc-may","7":"product_tag-card-formatter-hp-2055-2055d-hp2055-boc-may","8":"product_tag-card-formatter-hp-2055-dn-hp-2055dn-boc-may","10":"first","11":"instock","12":"taxable","13":"shipping-taxable","14":"product-type-simple"},"_links":{"self":[{"href":"https:\/\/toangiamayvanphong.vn\/index.php?rest_route=\/wp\/v2\/product\/3138","targetHints":{"allow":["GET"]}}],"collection":[{"href":"https:\/\/toangiamayvanphong.vn\/index.php?rest_route=\/wp\/v2\/product"}],"about":[{"href":"https:\/\/toangiamayvanphong.vn\/index.php?rest_route=\/wp\/v2\/types\/product"}],"replies":[{"embeddable":true,"href":"https:\/\/toangiamayvanphong.vn\/index.php?rest_route=%2Fwp%2Fv2%2Fcomments&post=3138"}],"wp:featuredmedia":[{"embeddable":true,"href":"https:\/\/toangiamayvanphong.vn\/index.php?rest_route=\/wp\/v2\/media\/3139"}],"wp:attachment":[{"href":"https:\/\/toangiamayvanphong.vn\/index.php?rest_route=%2Fwp%2Fv2%2Fmedia&parent=3138"}],"wp:term":[{"taxonomy":"product_brand","embeddable":true,"href":"https:\/\/toangiamayvanphong.vn\/index.php?rest_route=%2Fwp%2Fv2%2Fproduct_brand&post=3138"},{"taxonomy":"product_cat","embeddable":true,"href":"https:\/\/toangiamayvanphong.vn\/index.php?rest_route=%2Fwp%2Fv2%2Fproduct_cat&post=3138"},{"taxonomy":"product_tag","embeddable":true,"href":"https:\/\/toangiamayvanphong.vn\/index.php?rest_route=%2Fwp%2Fv2%2Fproduct_tag&post=3138"}],"curies":[{"name":"wp","href":"https:\/\/api.w.org\/{rel}","templated":true}]}}