{"id":3198,"date":"2023-11-23T14:18:51","date_gmt":"2023-11-23T07:18:51","guid":{"rendered":"https:\/\/toangiamayvanphong.vn\/?post_type=product&#038;p=3198"},"modified":"2023-11-23T14:18:52","modified_gmt":"2023-11-23T07:18:52","slug":"motor-drg-6236-24v-made-in-japan-boc-may","status":"publish","type":"product","link":"https:\/\/toangiamayvanphong.vn\/?product=motor-drg-6236-24v-made-in-japan-boc-may","title":{"rendered":"Motor DRG-6236 24v, made in japan (b\u00f3c m\u00e1y)"},"content":{"rendered":"<p>Motor DRG-6236 24v, made in japan (b\u00f3c m\u00e1y)<\/p>\n","protected":false},"excerpt":{"rendered":"<p>Motor DRG-6236 24v, made in japan (b\u00f3c m\u00e1y)<\/p>\n","protected":false},"featured_media":3200,"comment_status":"open","ping_status":"closed","template":"","meta":[],"product_brand":[],"product_cat":[128],"product_tag":[617,616],"class_list":{"0":"post-3198","1":"product","2":"type-product","3":"status-publish","4":"has-post-thumbnail","6":"product_cat-linh-kien-boc-may","7":"product_tag-made-in-japan-boc-may","8":"product_tag-motor-drg-6236-24v","10":"first","11":"instock","12":"taxable","13":"shipping-taxable","14":"product-type-simple"},"_links":{"self":[{"href":"https:\/\/toangiamayvanphong.vn\/index.php?rest_route=\/wp\/v2\/product\/3198","targetHints":{"allow":["GET"]}}],"collection":[{"href":"https:\/\/toangiamayvanphong.vn\/index.php?rest_route=\/wp\/v2\/product"}],"about":[{"href":"https:\/\/toangiamayvanphong.vn\/index.php?rest_route=\/wp\/v2\/types\/product"}],"replies":[{"embeddable":true,"href":"https:\/\/toangiamayvanphong.vn\/index.php?rest_route=%2Fwp%2Fv2%2Fcomments&post=3198"}],"wp:featuredmedia":[{"embeddable":true,"href":"https:\/\/toangiamayvanphong.vn\/index.php?rest_route=\/wp\/v2\/media\/3200"}],"wp:attachment":[{"href":"https:\/\/toangiamayvanphong.vn\/index.php?rest_route=%2Fwp%2Fv2%2Fmedia&parent=3198"}],"wp:term":[{"taxonomy":"product_brand","embeddable":true,"href":"https:\/\/toangiamayvanphong.vn\/index.php?rest_route=%2Fwp%2Fv2%2Fproduct_brand&post=3198"},{"taxonomy":"product_cat","embeddable":true,"href":"https:\/\/toangiamayvanphong.vn\/index.php?rest_route=%2Fwp%2Fv2%2Fproduct_cat&post=3198"},{"taxonomy":"product_tag","embeddable":true,"href":"https:\/\/toangiamayvanphong.vn\/index.php?rest_route=%2Fwp%2Fv2%2Fproduct_tag&post=3198"}],"curies":[{"name":"wp","href":"https:\/\/api.w.org\/{rel}","templated":true}]}}