{"id":3351,"date":"2024-03-25T13:53:32","date_gmt":"2024-03-25T06:53:32","guid":{"rendered":"https:\/\/toangiamayvanphong.vn\/?post_type=product&#038;p=3351"},"modified":"2024-03-25T14:27:58","modified_gmt":"2024-03-25T07:27:58","slug":"mat-khay-giay-vao-canon-3300-boc-may","status":"publish","type":"product","link":"https:\/\/toangiamayvanphong.vn\/?product=mat-khay-giay-vao-canon-3300-boc-may","title":{"rendered":"M\u1eb7t khay gi\u1ea5y v\u00e0o canon 3300 (b\u00f3c m\u00e1y)"},"content":{"rendered":"<p><strong><span style=\"color: #0000ff; font-size: 150%;\">M\u1eb7t khay gi\u1ea5y v\u00e0o canon 3300 (b\u00f3c m\u00e1y)<\/span><\/strong><\/p>\n","protected":false},"excerpt":{"rendered":"<p>M\u1eb7t khay gi\u1ea5y v\u00e0o canon 3300 (b\u00f3c m\u00e1y)<\/p>\n","protected":false},"featured_media":3352,"comment_status":"open","ping_status":"closed","template":"","meta":[],"product_brand":[],"product_cat":[128],"product_tag":[645],"class_list":{"0":"post-3351","1":"product","2":"type-product","3":"status-publish","4":"has-post-thumbnail","6":"product_cat-linh-kien-boc-may","7":"product_tag-mat-khay-giay-vao-canon-3300-boc-may","9":"first","10":"instock","11":"taxable","12":"shipping-taxable","13":"product-type-simple"},"_links":{"self":[{"href":"https:\/\/toangiamayvanphong.vn\/index.php?rest_route=\/wp\/v2\/product\/3351","targetHints":{"allow":["GET"]}}],"collection":[{"href":"https:\/\/toangiamayvanphong.vn\/index.php?rest_route=\/wp\/v2\/product"}],"about":[{"href":"https:\/\/toangiamayvanphong.vn\/index.php?rest_route=\/wp\/v2\/types\/product"}],"replies":[{"embeddable":true,"href":"https:\/\/toangiamayvanphong.vn\/index.php?rest_route=%2Fwp%2Fv2%2Fcomments&post=3351"}],"wp:featuredmedia":[{"embeddable":true,"href":"https:\/\/toangiamayvanphong.vn\/index.php?rest_route=\/wp\/v2\/media\/3352"}],"wp:attachment":[{"href":"https:\/\/toangiamayvanphong.vn\/index.php?rest_route=%2Fwp%2Fv2%2Fmedia&parent=3351"}],"wp:term":[{"taxonomy":"product_brand","embeddable":true,"href":"https:\/\/toangiamayvanphong.vn\/index.php?rest_route=%2Fwp%2Fv2%2Fproduct_brand&post=3351"},{"taxonomy":"product_cat","embeddable":true,"href":"https:\/\/toangiamayvanphong.vn\/index.php?rest_route=%2Fwp%2Fv2%2Fproduct_cat&post=3351"},{"taxonomy":"product_tag","embeddable":true,"href":"https:\/\/toangiamayvanphong.vn\/index.php?rest_route=%2Fwp%2Fv2%2Fproduct_tag&post=3351"}],"curies":[{"name":"wp","href":"https:\/\/api.w.org\/{rel}","templated":true}]}}