{"id":3524,"date":"2024-06-20T17:16:15","date_gmt":"2024-06-20T10:16:15","guid":{"rendered":"https:\/\/toangiamayvanphong.vn\/?post_type=product&#038;p=3524"},"modified":"2024-06-20T17:16:15","modified_gmt":"2024-06-20T10:16:15","slug":"quat-gio-lam-mat-may-in-hp-706-boc-may","status":"publish","type":"product","link":"https:\/\/toangiamayvanphong.vn\/?product=quat-gio-lam-mat-may-in-hp-706-boc-may","title":{"rendered":"Qu\u1ea1t gi\u00f3 l\u00e0m m\u00e1t m\u00e1y in hp 706 ( b\u00f3c m\u00e1y)"},"content":{"rendered":"<p><strong><span style=\"font-size: 150%; color: #0000ff;\">Qu\u1ea1t gi\u00f3 l\u00e0m m\u00e1t m\u00e1y in hp 706 ( b\u00f3c m\u00e1y)<\/span><\/strong><\/p>\n","protected":false},"excerpt":{"rendered":"<p>Qu\u1ea1t gi\u00f3 l\u00e0m m\u00e1t m\u00e1y in hp 706 ( b\u00f3c m\u00e1y)<\/p>\n","protected":false},"featured_media":3525,"comment_status":"open","ping_status":"closed","template":"","meta":[],"product_brand":[],"product_cat":[128],"product_tag":[679],"class_list":{"0":"post-3524","1":"product","2":"type-product","3":"status-publish","4":"has-post-thumbnail","6":"product_cat-linh-kien-boc-may","7":"product_tag-quat-gio-lam-mat-may-in-hp-706-boc-may","9":"first","10":"instock","11":"taxable","12":"shipping-taxable","13":"product-type-simple"},"_links":{"self":[{"href":"https:\/\/toangiamayvanphong.vn\/index.php?rest_route=\/wp\/v2\/product\/3524","targetHints":{"allow":["GET"]}}],"collection":[{"href":"https:\/\/toangiamayvanphong.vn\/index.php?rest_route=\/wp\/v2\/product"}],"about":[{"href":"https:\/\/toangiamayvanphong.vn\/index.php?rest_route=\/wp\/v2\/types\/product"}],"replies":[{"embeddable":true,"href":"https:\/\/toangiamayvanphong.vn\/index.php?rest_route=%2Fwp%2Fv2%2Fcomments&post=3524"}],"wp:featuredmedia":[{"embeddable":true,"href":"https:\/\/toangiamayvanphong.vn\/index.php?rest_route=\/wp\/v2\/media\/3525"}],"wp:attachment":[{"href":"https:\/\/toangiamayvanphong.vn\/index.php?rest_route=%2Fwp%2Fv2%2Fmedia&parent=3524"}],"wp:term":[{"taxonomy":"product_brand","embeddable":true,"href":"https:\/\/toangiamayvanphong.vn\/index.php?rest_route=%2Fwp%2Fv2%2Fproduct_brand&post=3524"},{"taxonomy":"product_cat","embeddable":true,"href":"https:\/\/toangiamayvanphong.vn\/index.php?rest_route=%2Fwp%2Fv2%2Fproduct_cat&post=3524"},{"taxonomy":"product_tag","embeddable":true,"href":"https:\/\/toangiamayvanphong.vn\/index.php?rest_route=%2Fwp%2Fv2%2Fproduct_tag&post=3524"}],"curies":[{"name":"wp","href":"https:\/\/api.w.org\/{rel}","templated":true}]}}