{"id":3851,"date":"2024-10-10T14:44:14","date_gmt":"2024-10-10T07:44:14","guid":{"rendered":"https:\/\/toangiamayvanphong.vn\/?post_type=product&#038;p=3851"},"modified":"2024-10-10T14:44:14","modified_gmt":"2024-10-10T07:44:14","slug":"den-say-bong-say-may-in-epson-2500-boc-may","status":"publish","type":"product","link":"https:\/\/toangiamayvanphong.vn\/?product=den-say-bong-say-may-in-epson-2500-boc-may","title":{"rendered":"\u0110\u00e8n s\u1ea5y \/ b\u00f3ng s\u1ea5y m\u00e1y in Epson 2500 ( b\u00f3c m\u00e1y)"},"content":{"rendered":"<p><strong><span style=\"color: #0000ff; font-size: 140%;\">\u0110\u00e8n s\u1ea5y \/ b\u00f3ng s\u1ea5y m\u00e1y in Epson 2500 ( b\u00f3c m\u00e1y)<\/span><\/strong><\/p>\n","protected":false},"excerpt":{"rendered":"<p>\u0110\u00e8n s\u1ea5y \/ b\u00f3ng s\u1ea5y m\u00e1y in Epson 2500 ( b\u00f3c m\u00e1y)<\/p>\n","protected":false},"featured_media":3853,"comment_status":"open","ping_status":"closed","template":"","meta":[],"product_brand":[],"product_cat":[128],"product_tag":[764],"class_list":{"0":"post-3851","1":"product","2":"type-product","3":"status-publish","4":"has-post-thumbnail","6":"product_cat-linh-kien-boc-may","7":"product_tag-den-say-bong-say-may-in-epson-2500-boc-may","9":"first","10":"instock","11":"taxable","12":"shipping-taxable","13":"product-type-simple"},"_links":{"self":[{"href":"https:\/\/toangiamayvanphong.vn\/index.php?rest_route=\/wp\/v2\/product\/3851","targetHints":{"allow":["GET"]}}],"collection":[{"href":"https:\/\/toangiamayvanphong.vn\/index.php?rest_route=\/wp\/v2\/product"}],"about":[{"href":"https:\/\/toangiamayvanphong.vn\/index.php?rest_route=\/wp\/v2\/types\/product"}],"replies":[{"embeddable":true,"href":"https:\/\/toangiamayvanphong.vn\/index.php?rest_route=%2Fwp%2Fv2%2Fcomments&post=3851"}],"wp:featuredmedia":[{"embeddable":true,"href":"https:\/\/toangiamayvanphong.vn\/index.php?rest_route=\/wp\/v2\/media\/3853"}],"wp:attachment":[{"href":"https:\/\/toangiamayvanphong.vn\/index.php?rest_route=%2Fwp%2Fv2%2Fmedia&parent=3851"}],"wp:term":[{"taxonomy":"product_brand","embeddable":true,"href":"https:\/\/toangiamayvanphong.vn\/index.php?rest_route=%2Fwp%2Fv2%2Fproduct_brand&post=3851"},{"taxonomy":"product_cat","embeddable":true,"href":"https:\/\/toangiamayvanphong.vn\/index.php?rest_route=%2Fwp%2Fv2%2Fproduct_cat&post=3851"},{"taxonomy":"product_tag","embeddable":true,"href":"https:\/\/toangiamayvanphong.vn\/index.php?rest_route=%2Fwp%2Fv2%2Fproduct_tag&post=3851"}],"curies":[{"name":"wp","href":"https:\/\/api.w.org\/{rel}","templated":true}]}}