{"id":3883,"date":"2024-11-15T11:05:50","date_gmt":"2024-11-15T04:05:50","guid":{"rendered":"https:\/\/toangiamayvanphong.vn\/?post_type=product&#038;p=3883"},"modified":"2024-11-15T11:05:50","modified_gmt":"2024-11-15T04:05:50","slug":"cum-say-a3-may-in-xerox-docuprint-3105-boc-may","status":"publish","type":"product","link":"https:\/\/toangiamayvanphong.vn\/?product=cum-say-a3-may-in-xerox-docuprint-3105-boc-may","title":{"rendered":"C\u1ee5m s\u1ea5y A3 m\u00e1y in Xerox DocuPrint 3105 (b\u00f3c m\u00e1y)"},"content":{"rendered":"<p><span style=\"color: #0000ff; font-size: 140%;\"><strong>C\u1ee5m s\u1ea5y A3 m\u00e1y in Xerox DocuPrint 3105 (b\u00f3c m\u00e1y) H\u00e0ng zin th\u00e1o m\u00e1y, ch\u01b0a s\u1eeda ch\u1eefa<\/strong><\/span><\/p>\n","protected":false},"excerpt":{"rendered":"<p>C\u1ee5m s\u1ea5y A3 m\u00e1y in Xerox DocuPrint 3105 (b\u00f3c m\u00e1y) H\u00e0ng zin th\u00e1o m\u00e1y, ch\u01b0a s\u1eeda ch\u1eefa<\/p>\n","protected":false},"featured_media":3884,"comment_status":"open","ping_status":"closed","template":"","meta":[],"product_brand":[],"product_cat":[128],"product_tag":[546,771],"class_list":{"0":"post-3883","1":"product","2":"type-product","3":"status-publish","4":"has-post-thumbnail","6":"product_cat-linh-kien-boc-may","7":"product_tag-chua-sua-chua","8":"product_tag-cum-say-a3-may-in-xerox-docuprint-3105-boc-may-hang-zin-thao-may","10":"first","11":"instock","12":"taxable","13":"shipping-taxable","14":"product-type-simple"},"_links":{"self":[{"href":"https:\/\/toangiamayvanphong.vn\/index.php?rest_route=\/wp\/v2\/product\/3883","targetHints":{"allow":["GET"]}}],"collection":[{"href":"https:\/\/toangiamayvanphong.vn\/index.php?rest_route=\/wp\/v2\/product"}],"about":[{"href":"https:\/\/toangiamayvanphong.vn\/index.php?rest_route=\/wp\/v2\/types\/product"}],"replies":[{"embeddable":true,"href":"https:\/\/toangiamayvanphong.vn\/index.php?rest_route=%2Fwp%2Fv2%2Fcomments&post=3883"}],"wp:featuredmedia":[{"embeddable":true,"href":"https:\/\/toangiamayvanphong.vn\/index.php?rest_route=\/wp\/v2\/media\/3884"}],"wp:attachment":[{"href":"https:\/\/toangiamayvanphong.vn\/index.php?rest_route=%2Fwp%2Fv2%2Fmedia&parent=3883"}],"wp:term":[{"taxonomy":"product_brand","embeddable":true,"href":"https:\/\/toangiamayvanphong.vn\/index.php?rest_route=%2Fwp%2Fv2%2Fproduct_brand&post=3883"},{"taxonomy":"product_cat","embeddable":true,"href":"https:\/\/toangiamayvanphong.vn\/index.php?rest_route=%2Fwp%2Fv2%2Fproduct_cat&post=3883"},{"taxonomy":"product_tag","embeddable":true,"href":"https:\/\/toangiamayvanphong.vn\/index.php?rest_route=%2Fwp%2Fv2%2Fproduct_tag&post=3883"}],"curies":[{"name":"wp","href":"https:\/\/api.w.org\/{rel}","templated":true}]}}