{"id":4005,"date":"2025-01-03T16:40:28","date_gmt":"2025-01-03T09:40:28","guid":{"rendered":"https:\/\/toangiamayvanphong.vn\/?post_type=product&#038;p=4005"},"modified":"2025-01-03T16:40:28","modified_gmt":"2025-01-03T09:40:28","slug":"cum-say-may-photo-ricoh-3391-boc-may-zin","status":"publish","type":"product","link":"https:\/\/toangiamayvanphong.vn\/?product=cum-say-may-photo-ricoh-3391-boc-may-zin","title":{"rendered":"C\u1ee5m s\u1ea5y m\u00e1y photo ricoh 3391 ( b\u00f3c m\u00e1y zin)"},"content":{"rendered":"<p><span style=\"color: #000080;\"><strong><span style=\"font-size: 140%;\">C\u1ee5m s\u1ea5y m\u00e1y photo ricoh 3391 ( b\u00f3c m\u00e1y zin)<\/span><\/strong><\/span><\/p>\n","protected":false},"excerpt":{"rendered":"<p>C\u1ee5m s\u1ea5y m\u00e1y photo ricoh 3391 ( b\u00f3c m\u00e1y zin)<\/p>\n","protected":false},"featured_media":4007,"comment_status":"open","ping_status":"closed","template":"","meta":[],"product_brand":[],"product_cat":[128],"product_tag":[803],"class_list":{"0":"post-4005","1":"product","2":"type-product","3":"status-publish","4":"has-post-thumbnail","6":"product_cat-linh-kien-boc-may","7":"product_tag-cum-say-may-photo-ricoh-3391-boc-may-zin","9":"first","10":"instock","11":"taxable","12":"shipping-taxable","13":"product-type-simple"},"_links":{"self":[{"href":"https:\/\/toangiamayvanphong.vn\/index.php?rest_route=\/wp\/v2\/product\/4005","targetHints":{"allow":["GET"]}}],"collection":[{"href":"https:\/\/toangiamayvanphong.vn\/index.php?rest_route=\/wp\/v2\/product"}],"about":[{"href":"https:\/\/toangiamayvanphong.vn\/index.php?rest_route=\/wp\/v2\/types\/product"}],"replies":[{"embeddable":true,"href":"https:\/\/toangiamayvanphong.vn\/index.php?rest_route=%2Fwp%2Fv2%2Fcomments&post=4005"}],"wp:featuredmedia":[{"embeddable":true,"href":"https:\/\/toangiamayvanphong.vn\/index.php?rest_route=\/wp\/v2\/media\/4007"}],"wp:attachment":[{"href":"https:\/\/toangiamayvanphong.vn\/index.php?rest_route=%2Fwp%2Fv2%2Fmedia&parent=4005"}],"wp:term":[{"taxonomy":"product_brand","embeddable":true,"href":"https:\/\/toangiamayvanphong.vn\/index.php?rest_route=%2Fwp%2Fv2%2Fproduct_brand&post=4005"},{"taxonomy":"product_cat","embeddable":true,"href":"https:\/\/toangiamayvanphong.vn\/index.php?rest_route=%2Fwp%2Fv2%2Fproduct_cat&post=4005"},{"taxonomy":"product_tag","embeddable":true,"href":"https:\/\/toangiamayvanphong.vn\/index.php?rest_route=%2Fwp%2Fv2%2Fproduct_tag&post=4005"}],"curies":[{"name":"wp","href":"https:\/\/api.w.org\/{rel}","templated":true}]}}