{"id":4066,"date":"2025-02-20T13:37:31","date_gmt":"2025-02-20T06:37:31","guid":{"rendered":"https:\/\/toangiamayvanphong.vn\/?post_type=product&#038;p=4066"},"modified":"2025-02-20T13:37:32","modified_gmt":"2025-02-20T06:37:32","slug":"bo-main-nguon-may-fax-canon-l140-140-boc-may","status":"publish","type":"product","link":"https:\/\/toangiamayvanphong.vn\/?product=bo-main-nguon-may-fax-canon-l140-140-boc-may","title":{"rendered":"B\u1ed9 main ngu\u1ed3n m\u00e1y fax Canon  L140 140 ( b\u00f3c m\u00e1y)."},"content":{"rendered":"<p><strong><span style=\"color: #0000ff; font-size: 140%;\">B\u1ed9 main ngu\u1ed3n m\u00e1y fax Canon L140 140 ( b\u00f3c m\u00e1y).<\/span><\/strong><\/p>\n","protected":false},"excerpt":{"rendered":"<p>B\u1ed9 main ngu\u1ed3n m\u00e1y fax Canon L140 140 ( b\u00f3c m\u00e1y).<\/p>\n","protected":false},"featured_media":4067,"comment_status":"open","ping_status":"closed","template":"","meta":[],"product_brand":[],"product_cat":[128],"product_tag":[816],"class_list":{"0":"post-4066","1":"product","2":"type-product","3":"status-publish","4":"has-post-thumbnail","6":"product_cat-linh-kien-boc-may","7":"product_tag-bo-main-nguon-may-fax-canon-l140-140-boc-may","9":"first","10":"instock","11":"taxable","12":"shipping-taxable","13":"product-type-simple"},"_links":{"self":[{"href":"https:\/\/toangiamayvanphong.vn\/index.php?rest_route=\/wp\/v2\/product\/4066","targetHints":{"allow":["GET"]}}],"collection":[{"href":"https:\/\/toangiamayvanphong.vn\/index.php?rest_route=\/wp\/v2\/product"}],"about":[{"href":"https:\/\/toangiamayvanphong.vn\/index.php?rest_route=\/wp\/v2\/types\/product"}],"replies":[{"embeddable":true,"href":"https:\/\/toangiamayvanphong.vn\/index.php?rest_route=%2Fwp%2Fv2%2Fcomments&post=4066"}],"wp:featuredmedia":[{"embeddable":true,"href":"https:\/\/toangiamayvanphong.vn\/index.php?rest_route=\/wp\/v2\/media\/4067"}],"wp:attachment":[{"href":"https:\/\/toangiamayvanphong.vn\/index.php?rest_route=%2Fwp%2Fv2%2Fmedia&parent=4066"}],"wp:term":[{"taxonomy":"product_brand","embeddable":true,"href":"https:\/\/toangiamayvanphong.vn\/index.php?rest_route=%2Fwp%2Fv2%2Fproduct_brand&post=4066"},{"taxonomy":"product_cat","embeddable":true,"href":"https:\/\/toangiamayvanphong.vn\/index.php?rest_route=%2Fwp%2Fv2%2Fproduct_cat&post=4066"},{"taxonomy":"product_tag","embeddable":true,"href":"https:\/\/toangiamayvanphong.vn\/index.php?rest_route=%2Fwp%2Fv2%2Fproduct_tag&post=4066"}],"curies":[{"name":"wp","href":"https:\/\/api.w.org\/{rel}","templated":true}]}}