{"id":4330,"date":"2025-03-15T08:31:46","date_gmt":"2025-03-15T01:31:46","guid":{"rendered":"https:\/\/toangiamayvanphong.vn\/?post_type=product&#038;p=4330"},"modified":"2025-03-15T08:31:46","modified_gmt":"2025-03-15T01:31:46","slug":"qua-dao-cuon-giay-may-hp-5000-7000-boc-may","status":"publish","type":"product","link":"https:\/\/toangiamayvanphong.vn\/?product=qua-dao-cuon-giay-may-hp-5000-7000-boc-may","title":{"rendered":"Qu\u1ea3 \u0111\u00e0o cu\u1ed1n gi\u1ea5y m\u00e1y HP 5000 7000 ( b\u00f3c m\u00e1y)"},"content":{"rendered":"<p><span style=\"color: #0000ff; font-size: 140%;\">Qu\u1ea3 \u0111\u00e0o cu\u1ed1n gi\u1ea5y m\u00e1y HP 5000 7000 ( b\u00f3c m\u00e1y)<\/span><\/p>\n","protected":false},"excerpt":{"rendered":"<p>Qu\u1ea3 \u0111\u00e0o cu\u1ed1n gi\u1ea5y m\u00e1y HP 5000 7000 ( b\u00f3c m\u00e1y)<\/p>\n","protected":false},"featured_media":4331,"comment_status":"open","ping_status":"closed","template":"","meta":[],"product_brand":[],"product_cat":[128],"product_tag":[880],"class_list":{"0":"post-4330","1":"product","2":"type-product","3":"status-publish","4":"has-post-thumbnail","6":"product_cat-linh-kien-boc-may","7":"product_tag-qua-dao-cuon-giay-may-hp-5000-7000-boc-may","9":"first","10":"instock","11":"taxable","12":"shipping-taxable","13":"product-type-simple"},"_links":{"self":[{"href":"https:\/\/toangiamayvanphong.vn\/index.php?rest_route=\/wp\/v2\/product\/4330","targetHints":{"allow":["GET"]}}],"collection":[{"href":"https:\/\/toangiamayvanphong.vn\/index.php?rest_route=\/wp\/v2\/product"}],"about":[{"href":"https:\/\/toangiamayvanphong.vn\/index.php?rest_route=\/wp\/v2\/types\/product"}],"replies":[{"embeddable":true,"href":"https:\/\/toangiamayvanphong.vn\/index.php?rest_route=%2Fwp%2Fv2%2Fcomments&post=4330"}],"wp:featuredmedia":[{"embeddable":true,"href":"https:\/\/toangiamayvanphong.vn\/index.php?rest_route=\/wp\/v2\/media\/4331"}],"wp:attachment":[{"href":"https:\/\/toangiamayvanphong.vn\/index.php?rest_route=%2Fwp%2Fv2%2Fmedia&parent=4330"}],"wp:term":[{"taxonomy":"product_brand","embeddable":true,"href":"https:\/\/toangiamayvanphong.vn\/index.php?rest_route=%2Fwp%2Fv2%2Fproduct_brand&post=4330"},{"taxonomy":"product_cat","embeddable":true,"href":"https:\/\/toangiamayvanphong.vn\/index.php?rest_route=%2Fwp%2Fv2%2Fproduct_cat&post=4330"},{"taxonomy":"product_tag","embeddable":true,"href":"https:\/\/toangiamayvanphong.vn\/index.php?rest_route=%2Fwp%2Fv2%2Fproduct_tag&post=4330"}],"curies":[{"name":"wp","href":"https:\/\/api.w.org\/{rel}","templated":true}]}}