{"id":4350,"date":"2025-03-15T14:39:31","date_gmt":"2025-03-15T07:39:31","guid":{"rendered":"https:\/\/toangiamayvanphong.vn\/?post_type=product&#038;p=4350"},"modified":"2025-03-15T14:39:31","modified_gmt":"2025-03-15T07:39:31","slug":"rulo-tach-giay-may-kodak-i1220-boc-may","status":"publish","type":"product","link":"https:\/\/toangiamayvanphong.vn\/?product=rulo-tach-giay-may-kodak-i1220-boc-may","title":{"rendered":"Rulo t\u00e1ch gi\u1ea5y m\u00e1y kodak i1220 ( b\u00f3c m\u00e1y)"},"content":{"rendered":"<p><span style=\"color: #0000ff; font-size: 140%;\"><strong>Rulo t\u00e1ch gi\u1ea5y m\u00e1y kodak i1220 ( b\u00f3c m\u00e1y)<\/strong><\/span><\/p>\n","protected":false},"excerpt":{"rendered":"<p>Rulo t\u00e1ch gi\u1ea5y m\u00e1y kodak i1220 ( b\u00f3c m\u00e1y)<\/p>\n","protected":false},"featured_media":4351,"comment_status":"open","ping_status":"closed","template":"","meta":[],"product_brand":[],"product_cat":[128],"product_tag":[885],"class_list":{"0":"post-4350","1":"product","2":"type-product","3":"status-publish","4":"has-post-thumbnail","6":"product_cat-linh-kien-boc-may","7":"product_tag-rulo-tach-giay-may-kodak-i1220-boc-may","9":"first","10":"instock","11":"taxable","12":"shipping-taxable","13":"product-type-simple"},"_links":{"self":[{"href":"https:\/\/toangiamayvanphong.vn\/index.php?rest_route=\/wp\/v2\/product\/4350","targetHints":{"allow":["GET"]}}],"collection":[{"href":"https:\/\/toangiamayvanphong.vn\/index.php?rest_route=\/wp\/v2\/product"}],"about":[{"href":"https:\/\/toangiamayvanphong.vn\/index.php?rest_route=\/wp\/v2\/types\/product"}],"replies":[{"embeddable":true,"href":"https:\/\/toangiamayvanphong.vn\/index.php?rest_route=%2Fwp%2Fv2%2Fcomments&post=4350"}],"wp:featuredmedia":[{"embeddable":true,"href":"https:\/\/toangiamayvanphong.vn\/index.php?rest_route=\/wp\/v2\/media\/4351"}],"wp:attachment":[{"href":"https:\/\/toangiamayvanphong.vn\/index.php?rest_route=%2Fwp%2Fv2%2Fmedia&parent=4350"}],"wp:term":[{"taxonomy":"product_brand","embeddable":true,"href":"https:\/\/toangiamayvanphong.vn\/index.php?rest_route=%2Fwp%2Fv2%2Fproduct_brand&post=4350"},{"taxonomy":"product_cat","embeddable":true,"href":"https:\/\/toangiamayvanphong.vn\/index.php?rest_route=%2Fwp%2Fv2%2Fproduct_cat&post=4350"},{"taxonomy":"product_tag","embeddable":true,"href":"https:\/\/toangiamayvanphong.vn\/index.php?rest_route=%2Fwp%2Fv2%2Fproduct_tag&post=4350"}],"curies":[{"name":"wp","href":"https:\/\/api.w.org\/{rel}","templated":true}]}}