{"id":4381,"date":"2025-03-15T15:12:12","date_gmt":"2025-03-15T08:12:12","guid":{"rendered":"https:\/\/toangiamayvanphong.vn\/?post_type=product&#038;p=4381"},"modified":"2025-07-02T16:32:15","modified_gmt":"2025-07-02T09:32:15","slug":"vi-ecu-may-in-canon-4412-d520-boc-may","status":"publish","type":"product","link":"https:\/\/toangiamayvanphong.vn\/?product=vi-ecu-may-in-canon-4412-d520-boc-may","title":{"rendered":"V\u1ec9 m\u1ea1ch \u0111i\u1ec1u khi\u1ec3n motor m\u00e1y in Canon 4412 D520 ( b\u00f3c m\u00e1y)"},"content":{"rendered":"<p><span style=\"color: #000080; font-size: 150%;\"><strong>V\u1ec9 m\u1ea1ch \u0111i\u1ec1u khi\u1ec3n motor m\u00e1y in Canon 4412 D520 ( b\u00f3c m\u00e1y)<\/strong><\/span><\/p>\n","protected":false},"excerpt":{"rendered":"<p>V\u1ec9 m\u1ea1ch \u0111i\u1ec1u khi\u1ec3n motor m\u00e1y in Canon 4412 D520 ( b\u00f3c m\u00e1y)<\/p>\n","protected":false},"featured_media":4382,"comment_status":"open","ping_status":"closed","template":"","meta":[],"product_brand":[],"product_cat":[128],"product_tag":[892,1133],"class_list":{"0":"post-4381","1":"product","2":"type-product","3":"status-publish","4":"has-post-thumbnail","6":"product_cat-linh-kien-boc-may","7":"product_tag-vi-ecu-may-in-canon-4412-d520-boc-may","8":"product_tag-vi-mach-dieu-khien-motor-may-in-canon-4412-d520-boc-may","10":"first","11":"instock","12":"taxable","13":"shipping-taxable","14":"product-type-simple"},"_links":{"self":[{"href":"https:\/\/toangiamayvanphong.vn\/index.php?rest_route=\/wp\/v2\/product\/4381","targetHints":{"allow":["GET"]}}],"collection":[{"href":"https:\/\/toangiamayvanphong.vn\/index.php?rest_route=\/wp\/v2\/product"}],"about":[{"href":"https:\/\/toangiamayvanphong.vn\/index.php?rest_route=\/wp\/v2\/types\/product"}],"replies":[{"embeddable":true,"href":"https:\/\/toangiamayvanphong.vn\/index.php?rest_route=%2Fwp%2Fv2%2Fcomments&post=4381"}],"wp:featuredmedia":[{"embeddable":true,"href":"https:\/\/toangiamayvanphong.vn\/index.php?rest_route=\/wp\/v2\/media\/4382"}],"wp:attachment":[{"href":"https:\/\/toangiamayvanphong.vn\/index.php?rest_route=%2Fwp%2Fv2%2Fmedia&parent=4381"}],"wp:term":[{"taxonomy":"product_brand","embeddable":true,"href":"https:\/\/toangiamayvanphong.vn\/index.php?rest_route=%2Fwp%2Fv2%2Fproduct_brand&post=4381"},{"taxonomy":"product_cat","embeddable":true,"href":"https:\/\/toangiamayvanphong.vn\/index.php?rest_route=%2Fwp%2Fv2%2Fproduct_cat&post=4381"},{"taxonomy":"product_tag","embeddable":true,"href":"https:\/\/toangiamayvanphong.vn\/index.php?rest_route=%2Fwp%2Fv2%2Fproduct_tag&post=4381"}],"curies":[{"name":"wp","href":"https:\/\/api.w.org\/{rel}","templated":true}]}}