{"id":4394,"date":"2025-03-27T15:40:56","date_gmt":"2025-03-27T08:40:56","guid":{"rendered":"https:\/\/toangiamayvanphong.vn\/?post_type=product&#038;p=4394"},"modified":"2026-04-26T18:05:41","modified_gmt":"2026-04-26T11:05:41","slug":"giay-in-nhiet-giay-in-bill-thermal-paper-fax","status":"publish","type":"product","link":"https:\/\/toangiamayvanphong.vn\/?product=giay-in-nhiet-giay-in-bill-thermal-paper-fax","title":{"rendered":"GI\u1ea4Y IN NHI\u1ec6T, GI\u1ea4Y IN BILL Thermal Paper FAX"},"content":{"rendered":"<p>GI\u1ea4Y IN NHI\u1ec6T, GI\u1ea4Y IN BILL Thermal Paper<br \/>\nTh\u01b0\u01a1ng hi\u1ec7u: Thermal Paper<br \/>\n&#8211; M\u00e0u s\u1eafc: Gi\u1ea5y tr\u1eafng<br \/>\n&#8211; 1 th\u00f9ng 100 cu\u1ed9n<br \/>\nKH\u1ed4 GI\u1ea4Y V\u00c0 \u0110\u01af\u1edcNG K\u00cdNH: NHI\u1ec0U LO\u1ea0I: FAX 80 P45, FAX 80 P80, FAX 57 P45,&#8230;<br \/>\n&#8211; C\u00f4ng d\u1ee5ng: in h\u00f3a \u0111\u01a1n nhi\u1ec7t, m\u00e1y POS b\u00e1n h\u00e0ng,&#8230;<\/p>\n","protected":false},"excerpt":{"rendered":"<p>GI\u1ea4Y IN NHI\u1ec6T, GI\u1ea4Y IN BILL Thermal Paper Th\u01b0\u01a1ng hi\u1ec7u: Thermal Paper &#8211; M\u00e0u s\u1eafc: Gi\u1ea5y tr\u1eafng &#8211; 1 th\u00f9ng 100 cu\u1ed9n KH\u1ed4 GI\u1ea4Y V\u00c0 \u0110\u01af\u1edcNG K\u00cdNH: NHI\u1ec0U LO\u1ea0I: FAX 80 P45, FAX 80 P80, FAX 57 P45,&#8230; &#8211; C\u00f4ng d\u1ee5ng: in h\u00f3a \u0111\u01a1n nhi\u1ec7t, m\u00e1y POS b\u00e1n h\u00e0ng,&#8230;<\/p>\n","protected":false},"featured_media":4397,"comment_status":"open","ping_status":"closed","template":"","meta":[],"product_brand":[],"product_cat":[158],"product_tag":[895,894],"class_list":{"0":"post-4394","1":"product","2":"type-product","3":"status-publish","4":"has-post-thumbnail","6":"product_cat-van-phong-pham","7":"product_tag-giay-in-bill-thermal-paper","8":"product_tag-giay-in-nhiet","10":"first","11":"instock","12":"taxable","13":"shipping-taxable","14":"product-type-simple"},"_links":{"self":[{"href":"https:\/\/toangiamayvanphong.vn\/index.php?rest_route=\/wp\/v2\/product\/4394","targetHints":{"allow":["GET"]}}],"collection":[{"href":"https:\/\/toangiamayvanphong.vn\/index.php?rest_route=\/wp\/v2\/product"}],"about":[{"href":"https:\/\/toangiamayvanphong.vn\/index.php?rest_route=\/wp\/v2\/types\/product"}],"replies":[{"embeddable":true,"href":"https:\/\/toangiamayvanphong.vn\/index.php?rest_route=%2Fwp%2Fv2%2Fcomments&post=4394"}],"wp:featuredmedia":[{"embeddable":true,"href":"https:\/\/toangiamayvanphong.vn\/index.php?rest_route=\/wp\/v2\/media\/4397"}],"wp:attachment":[{"href":"https:\/\/toangiamayvanphong.vn\/index.php?rest_route=%2Fwp%2Fv2%2Fmedia&parent=4394"}],"wp:term":[{"taxonomy":"product_brand","embeddable":true,"href":"https:\/\/toangiamayvanphong.vn\/index.php?rest_route=%2Fwp%2Fv2%2Fproduct_brand&post=4394"},{"taxonomy":"product_cat","embeddable":true,"href":"https:\/\/toangiamayvanphong.vn\/index.php?rest_route=%2Fwp%2Fv2%2Fproduct_cat&post=4394"},{"taxonomy":"product_tag","embeddable":true,"href":"https:\/\/toangiamayvanphong.vn\/index.php?rest_route=%2Fwp%2Fv2%2Fproduct_tag&post=4394"}],"curies":[{"name":"wp","href":"https:\/\/api.w.org\/{rel}","templated":true}]}}