{"id":4577,"date":"2025-03-28T14:49:32","date_gmt":"2025-03-28T07:49:32","guid":{"rendered":"https:\/\/toangiamayvanphong.vn\/?post_type=product&#038;p=4577"},"modified":"2025-03-28T14:49:32","modified_gmt":"2025-03-28T07:49:32","slug":"thanh-dao-mat-may-canon-4820-boc-may","status":"publish","type":"product","link":"https:\/\/toangiamayvanphong.vn\/?product=thanh-dao-mat-may-canon-4820-boc-may","title":{"rendered":"Thanh \u0111\u1ea3o m\u1eb7t m\u00e1y canon 4820 ( b\u00f3c m\u00e1y)"},"content":{"rendered":"<p><span style=\"color: #0000ff; font-size: 150%;\"><strong>Thanh \u0111\u1ea3o m\u1eb7t m\u00e1y canon 4820 ( b\u00f3c m\u00e1y)<\/strong><\/span><\/p>\n","protected":false},"excerpt":{"rendered":"<p>Thanh \u0111\u1ea3o m\u1eb7t m\u00e1y canon 4820 ( b\u00f3c m\u00e1y)<\/p>\n","protected":false},"featured_media":4578,"comment_status":"open","ping_status":"closed","template":"","meta":[],"product_brand":[],"product_cat":[128],"product_tag":[927],"class_list":{"0":"post-4577","1":"product","2":"type-product","3":"status-publish","4":"has-post-thumbnail","6":"product_cat-linh-kien-boc-may","7":"product_tag-thanh-dao-mat-may-canon-4820-boc-may","9":"first","10":"instock","11":"taxable","12":"shipping-taxable","13":"product-type-simple"},"_links":{"self":[{"href":"https:\/\/toangiamayvanphong.vn\/index.php?rest_route=\/wp\/v2\/product\/4577","targetHints":{"allow":["GET"]}}],"collection":[{"href":"https:\/\/toangiamayvanphong.vn\/index.php?rest_route=\/wp\/v2\/product"}],"about":[{"href":"https:\/\/toangiamayvanphong.vn\/index.php?rest_route=\/wp\/v2\/types\/product"}],"replies":[{"embeddable":true,"href":"https:\/\/toangiamayvanphong.vn\/index.php?rest_route=%2Fwp%2Fv2%2Fcomments&post=4577"}],"wp:featuredmedia":[{"embeddable":true,"href":"https:\/\/toangiamayvanphong.vn\/index.php?rest_route=\/wp\/v2\/media\/4578"}],"wp:attachment":[{"href":"https:\/\/toangiamayvanphong.vn\/index.php?rest_route=%2Fwp%2Fv2%2Fmedia&parent=4577"}],"wp:term":[{"taxonomy":"product_brand","embeddable":true,"href":"https:\/\/toangiamayvanphong.vn\/index.php?rest_route=%2Fwp%2Fv2%2Fproduct_brand&post=4577"},{"taxonomy":"product_cat","embeddable":true,"href":"https:\/\/toangiamayvanphong.vn\/index.php?rest_route=%2Fwp%2Fv2%2Fproduct_cat&post=4577"},{"taxonomy":"product_tag","embeddable":true,"href":"https:\/\/toangiamayvanphong.vn\/index.php?rest_route=%2Fwp%2Fv2%2Fproduct_tag&post=4577"}],"curies":[{"name":"wp","href":"https:\/\/api.w.org\/{rel}","templated":true}]}}