{"id":4654,"date":"2025-04-15T11:41:58","date_gmt":"2025-04-15T04:41:58","guid":{"rendered":"https:\/\/toangiamayvanphong.vn\/?post_type=product&#038;p=4654"},"modified":"2025-04-15T11:41:58","modified_gmt":"2025-04-15T04:41:58","slug":"nguon-vuong-ma-12-khong-vo-boc-may","status":"publish","type":"product","link":"https:\/\/toangiamayvanphong.vn\/?product=nguon-vuong-ma-12-khong-vo-boc-may","title":{"rendered":"Ngu\u1ed3n vu\u00f4ng m\u00e3 12 kh\u00f4ng v\u1ecf ( b\u00f3c m\u00e1y)"},"content":{"rendered":"<p><span style=\"color: #0000ff; font-size: 140%;\"><strong>Ngu\u1ed3n vu\u00f4ng m\u00e3 12 kh\u00f4ng v\u1ecf ( b\u00f3c m\u00e1y)<\/strong><\/span><\/p>\n","protected":false},"excerpt":{"rendered":"<p>Ngu\u1ed3n vu\u00f4ng m\u00e3 12 kh\u00f4ng v\u1ecf ( b\u00f3c m\u00e1y)<\/p>\n","protected":false},"featured_media":4655,"comment_status":"open","ping_status":"closed","template":"","meta":[],"product_brand":[],"product_cat":[128,741],"product_tag":[942],"class_list":{"0":"post-4654","1":"product","2":"type-product","3":"status-publish","4":"has-post-thumbnail","6":"product_cat-linh-kien-boc-may","7":"product_cat-linh-kien-may-photocopy","8":"product_tag-nguon-vuong-ma-12-khong-vo-boc-may","10":"first","11":"instock","12":"taxable","13":"shipping-taxable","14":"product-type-simple"},"_links":{"self":[{"href":"https:\/\/toangiamayvanphong.vn\/index.php?rest_route=\/wp\/v2\/product\/4654","targetHints":{"allow":["GET"]}}],"collection":[{"href":"https:\/\/toangiamayvanphong.vn\/index.php?rest_route=\/wp\/v2\/product"}],"about":[{"href":"https:\/\/toangiamayvanphong.vn\/index.php?rest_route=\/wp\/v2\/types\/product"}],"replies":[{"embeddable":true,"href":"https:\/\/toangiamayvanphong.vn\/index.php?rest_route=%2Fwp%2Fv2%2Fcomments&post=4654"}],"wp:featuredmedia":[{"embeddable":true,"href":"https:\/\/toangiamayvanphong.vn\/index.php?rest_route=\/wp\/v2\/media\/4655"}],"wp:attachment":[{"href":"https:\/\/toangiamayvanphong.vn\/index.php?rest_route=%2Fwp%2Fv2%2Fmedia&parent=4654"}],"wp:term":[{"taxonomy":"product_brand","embeddable":true,"href":"https:\/\/toangiamayvanphong.vn\/index.php?rest_route=%2Fwp%2Fv2%2Fproduct_brand&post=4654"},{"taxonomy":"product_cat","embeddable":true,"href":"https:\/\/toangiamayvanphong.vn\/index.php?rest_route=%2Fwp%2Fv2%2Fproduct_cat&post=4654"},{"taxonomy":"product_tag","embeddable":true,"href":"https:\/\/toangiamayvanphong.vn\/index.php?rest_route=%2Fwp%2Fv2%2Fproduct_tag&post=4654"}],"curies":[{"name":"wp","href":"https:\/\/api.w.org\/{rel}","templated":true}]}}