{"id":4668,"date":"2025-04-15T14:43:30","date_gmt":"2025-04-15T07:43:30","guid":{"rendered":"https:\/\/toangiamayvanphong.vn\/?post_type=product&#038;p=4668"},"modified":"2025-04-15T14:43:31","modified_gmt":"2025-04-15T07:43:31","slug":"quat-lam-mat-may-in-canon-8780x-boc-may","status":"publish","type":"product","link":"https:\/\/toangiamayvanphong.vn\/?product=quat-lam-mat-may-in-canon-8780x-boc-may","title":{"rendered":"Qu\u1ea1t l\u00e0m m\u00e1t m\u00e1y in Canon 8780x ( b\u00f3c m\u00e1y)."},"content":{"rendered":"<p>Qu\u1ea1t l\u00e0m m\u00e1t m\u00e1y in Canon 8780x ( b\u00f3c m\u00e1y).<\/p>\n","protected":false},"excerpt":{"rendered":"<p>Qu\u1ea1t l\u00e0m m\u00e1t m\u00e1y in Canon 8780x ( b\u00f3c m\u00e1y).<\/p>\n","protected":false},"featured_media":4669,"comment_status":"open","ping_status":"closed","template":"","meta":[],"product_brand":[],"product_cat":[15],"product_tag":[],"class_list":{"0":"post-4668","1":"product","2":"type-product","3":"status-publish","4":"has-post-thumbnail","6":"product_cat-khuyen-mai-goc","8":"first","9":"instock","10":"taxable","11":"shipping-taxable","12":"product-type-simple"},"_links":{"self":[{"href":"https:\/\/toangiamayvanphong.vn\/index.php?rest_route=\/wp\/v2\/product\/4668","targetHints":{"allow":["GET"]}}],"collection":[{"href":"https:\/\/toangiamayvanphong.vn\/index.php?rest_route=\/wp\/v2\/product"}],"about":[{"href":"https:\/\/toangiamayvanphong.vn\/index.php?rest_route=\/wp\/v2\/types\/product"}],"replies":[{"embeddable":true,"href":"https:\/\/toangiamayvanphong.vn\/index.php?rest_route=%2Fwp%2Fv2%2Fcomments&post=4668"}],"wp:featuredmedia":[{"embeddable":true,"href":"https:\/\/toangiamayvanphong.vn\/index.php?rest_route=\/wp\/v2\/media\/4669"}],"wp:attachment":[{"href":"https:\/\/toangiamayvanphong.vn\/index.php?rest_route=%2Fwp%2Fv2%2Fmedia&parent=4668"}],"wp:term":[{"taxonomy":"product_brand","embeddable":true,"href":"https:\/\/toangiamayvanphong.vn\/index.php?rest_route=%2Fwp%2Fv2%2Fproduct_brand&post=4668"},{"taxonomy":"product_cat","embeddable":true,"href":"https:\/\/toangiamayvanphong.vn\/index.php?rest_route=%2Fwp%2Fv2%2Fproduct_cat&post=4668"},{"taxonomy":"product_tag","embeddable":true,"href":"https:\/\/toangiamayvanphong.vn\/index.php?rest_route=%2Fwp%2Fv2%2Fproduct_tag&post=4668"}],"curies":[{"name":"wp","href":"https:\/\/api.w.org\/{rel}","templated":true}]}}