{"id":4670,"date":"2025-04-15T14:47:02","date_gmt":"2025-04-15T07:47:02","guid":{"rendered":"https:\/\/toangiamayvanphong.vn\/?post_type=product&#038;p=4670"},"modified":"2025-04-15T14:47:02","modified_gmt":"2025-04-15T07:47:02","slug":"main-dc-may-canon-8780x-boc-may","status":"publish","type":"product","link":"https:\/\/toangiamayvanphong.vn\/?product=main-dc-may-canon-8780x-boc-may","title":{"rendered":"Main DC m\u00e1y Canon 8780x ( b\u00f3c m\u00e1y)"},"content":{"rendered":"<p><span style=\"color: #0000ff; font-size: 150%;\"><strong>Main DC m\u00e1y Canon 8780x ( b\u00f3c m\u00e1y)<\/strong><\/span><\/p>\n","protected":false},"excerpt":{"rendered":"<p>Main DC m\u00e1y Canon 8780x ( b\u00f3c m\u00e1y)<\/p>\n","protected":false},"featured_media":4671,"comment_status":"open","ping_status":"closed","template":"","meta":[],"product_brand":[],"product_cat":[128],"product_tag":[946],"class_list":{"0":"post-4670","1":"product","2":"type-product","3":"status-publish","4":"has-post-thumbnail","6":"product_cat-linh-kien-boc-may","7":"product_tag-main-dc-may-canon-8780x-boc-may","9":"first","10":"instock","11":"taxable","12":"shipping-taxable","13":"product-type-simple"},"_links":{"self":[{"href":"https:\/\/toangiamayvanphong.vn\/index.php?rest_route=\/wp\/v2\/product\/4670","targetHints":{"allow":["GET"]}}],"collection":[{"href":"https:\/\/toangiamayvanphong.vn\/index.php?rest_route=\/wp\/v2\/product"}],"about":[{"href":"https:\/\/toangiamayvanphong.vn\/index.php?rest_route=\/wp\/v2\/types\/product"}],"replies":[{"embeddable":true,"href":"https:\/\/toangiamayvanphong.vn\/index.php?rest_route=%2Fwp%2Fv2%2Fcomments&post=4670"}],"wp:featuredmedia":[{"embeddable":true,"href":"https:\/\/toangiamayvanphong.vn\/index.php?rest_route=\/wp\/v2\/media\/4671"}],"wp:attachment":[{"href":"https:\/\/toangiamayvanphong.vn\/index.php?rest_route=%2Fwp%2Fv2%2Fmedia&parent=4670"}],"wp:term":[{"taxonomy":"product_brand","embeddable":true,"href":"https:\/\/toangiamayvanphong.vn\/index.php?rest_route=%2Fwp%2Fv2%2Fproduct_brand&post=4670"},{"taxonomy":"product_cat","embeddable":true,"href":"https:\/\/toangiamayvanphong.vn\/index.php?rest_route=%2Fwp%2Fv2%2Fproduct_cat&post=4670"},{"taxonomy":"product_tag","embeddable":true,"href":"https:\/\/toangiamayvanphong.vn\/index.php?rest_route=%2Fwp%2Fv2%2Fproduct_tag&post=4670"}],"curies":[{"name":"wp","href":"https:\/\/api.w.org\/{rel}","templated":true}]}}