{"id":4758,"date":"2025-04-16T14:12:25","date_gmt":"2025-04-16T07:12:25","guid":{"rendered":"https:\/\/toangiamayvanphong.vn\/?post_type=product&#038;p=4758"},"modified":"2025-04-16T14:12:25","modified_gmt":"2025-04-16T07:12:25","slug":"sensor-may-in-hp-102a-boc-may","status":"publish","type":"product","link":"https:\/\/toangiamayvanphong.vn\/?product=sensor-may-in-hp-102a-boc-may","title":{"rendered":"Sensor m\u00e1y in HP 102a ( b\u00f3c m\u00e1y)."},"content":{"rendered":"<p><span style=\"color: #0000ff; font-size: 150%;\"><strong>Sensor m\u00e1y in HP 102a ( b\u00f3c m\u00e1y).<\/strong><\/span><\/p>\n","protected":false},"excerpt":{"rendered":"<p>Sensor m\u00e1y in HP 102a ( b\u00f3c m\u00e1y).<\/p>\n","protected":false},"featured_media":4759,"comment_status":"open","ping_status":"closed","template":"","meta":[],"product_brand":[],"product_cat":[128],"product_tag":[962],"class_list":{"0":"post-4758","1":"product","2":"type-product","3":"status-publish","4":"has-post-thumbnail","6":"product_cat-linh-kien-boc-may","7":"product_tag-sensor-may-in-hp-102a-boc-may","9":"first","10":"instock","11":"taxable","12":"shipping-taxable","13":"product-type-simple"},"_links":{"self":[{"href":"https:\/\/toangiamayvanphong.vn\/index.php?rest_route=\/wp\/v2\/product\/4758","targetHints":{"allow":["GET"]}}],"collection":[{"href":"https:\/\/toangiamayvanphong.vn\/index.php?rest_route=\/wp\/v2\/product"}],"about":[{"href":"https:\/\/toangiamayvanphong.vn\/index.php?rest_route=\/wp\/v2\/types\/product"}],"replies":[{"embeddable":true,"href":"https:\/\/toangiamayvanphong.vn\/index.php?rest_route=%2Fwp%2Fv2%2Fcomments&post=4758"}],"wp:featuredmedia":[{"embeddable":true,"href":"https:\/\/toangiamayvanphong.vn\/index.php?rest_route=\/wp\/v2\/media\/4759"}],"wp:attachment":[{"href":"https:\/\/toangiamayvanphong.vn\/index.php?rest_route=%2Fwp%2Fv2%2Fmedia&parent=4758"}],"wp:term":[{"taxonomy":"product_brand","embeddable":true,"href":"https:\/\/toangiamayvanphong.vn\/index.php?rest_route=%2Fwp%2Fv2%2Fproduct_brand&post=4758"},{"taxonomy":"product_cat","embeddable":true,"href":"https:\/\/toangiamayvanphong.vn\/index.php?rest_route=%2Fwp%2Fv2%2Fproduct_cat&post=4758"},{"taxonomy":"product_tag","embeddable":true,"href":"https:\/\/toangiamayvanphong.vn\/index.php?rest_route=%2Fwp%2Fv2%2Fproduct_tag&post=4758"}],"curies":[{"name":"wp","href":"https:\/\/api.w.org\/{rel}","templated":true}]}}