{"id":5094,"date":"2025-05-19T15:55:07","date_gmt":"2025-05-19T08:55:07","guid":{"rendered":"https:\/\/toangiamayvanphong.vn\/?post_type=product&#038;p=5094"},"modified":"2025-05-19T15:55:07","modified_gmt":"2025-05-19T08:55:07","slug":"main-card-den-may-brother-2321-2361-boc-may","status":"publish","type":"product","link":"https:\/\/toangiamayvanphong.vn\/?product=main-card-den-may-brother-2321-2361-boc-may","title":{"rendered":"Main card \u0111\u00e8n m\u00e1y brother 2321 2361 ( b\u00f3c m\u00e1y)."},"content":{"rendered":"<p><span style=\"color: #0000ff; font-size: 150%;\"><strong>Main card \u0111\u00e8n m\u00e1y brother 2321 2361 ( b\u00f3c m\u00e1y).<\/strong><\/span><\/p>\n","protected":false},"excerpt":{"rendered":"<p>Main card \u0111\u00e8n m\u00e1y brother 2321 2361 ( b\u00f3c m\u00e1y).<\/p>\n","protected":false},"featured_media":5095,"comment_status":"open","ping_status":"closed","template":"","meta":[],"product_brand":[],"product_cat":[128],"product_tag":[1028],"class_list":{"0":"post-5094","1":"product","2":"type-product","3":"status-publish","4":"has-post-thumbnail","6":"product_cat-linh-kien-boc-may","7":"product_tag-main-card-den-may-brother-2321-2361-boc-may","9":"first","10":"instock","11":"taxable","12":"shipping-taxable","13":"product-type-simple"},"_links":{"self":[{"href":"https:\/\/toangiamayvanphong.vn\/index.php?rest_route=\/wp\/v2\/product\/5094","targetHints":{"allow":["GET"]}}],"collection":[{"href":"https:\/\/toangiamayvanphong.vn\/index.php?rest_route=\/wp\/v2\/product"}],"about":[{"href":"https:\/\/toangiamayvanphong.vn\/index.php?rest_route=\/wp\/v2\/types\/product"}],"replies":[{"embeddable":true,"href":"https:\/\/toangiamayvanphong.vn\/index.php?rest_route=%2Fwp%2Fv2%2Fcomments&post=5094"}],"wp:featuredmedia":[{"embeddable":true,"href":"https:\/\/toangiamayvanphong.vn\/index.php?rest_route=\/wp\/v2\/media\/5095"}],"wp:attachment":[{"href":"https:\/\/toangiamayvanphong.vn\/index.php?rest_route=%2Fwp%2Fv2%2Fmedia&parent=5094"}],"wp:term":[{"taxonomy":"product_brand","embeddable":true,"href":"https:\/\/toangiamayvanphong.vn\/index.php?rest_route=%2Fwp%2Fv2%2Fproduct_brand&post=5094"},{"taxonomy":"product_cat","embeddable":true,"href":"https:\/\/toangiamayvanphong.vn\/index.php?rest_route=%2Fwp%2Fv2%2Fproduct_cat&post=5094"},{"taxonomy":"product_tag","embeddable":true,"href":"https:\/\/toangiamayvanphong.vn\/index.php?rest_route=%2Fwp%2Fv2%2Fproduct_tag&post=5094"}],"curies":[{"name":"wp","href":"https:\/\/api.w.org\/{rel}","templated":true}]}}