{"id":5112,"date":"2025-05-20T11:43:33","date_gmt":"2025-05-20T04:43:33","guid":{"rendered":"https:\/\/toangiamayvanphong.vn\/?post_type=product&#038;p=5112"},"modified":"2025-05-20T11:43:33","modified_gmt":"2025-05-20T04:43:33","slug":"ong-say-may-in-brother-2321-2701-boc-may","status":"publish","type":"product","link":"https:\/\/toangiamayvanphong.vn\/?product=ong-say-may-in-brother-2321-2701-boc-may","title":{"rendered":"\u1ed0ng s\u1ea5y m\u00e1y in brother 2321 2701 ( b\u00f3c m\u00e1y)"},"content":{"rendered":"<p><span style=\"color: #000080; font-size: 150%;\"><strong>\u1ed0ng s\u1ea5y m\u00e1y in brother 2321 2701 ( b\u00f3c m\u00e1y)<\/strong><\/span><\/p>\n","protected":false},"excerpt":{"rendered":"<p>\u1ed0ng s\u1ea5y m\u00e1y in brother 2321 2701 ( b\u00f3c m\u00e1y)<\/p>\n","protected":false},"featured_media":5113,"comment_status":"open","ping_status":"closed","template":"","meta":[],"product_brand":[],"product_cat":[128,741],"product_tag":[1031],"class_list":{"0":"post-5112","1":"product","2":"type-product","3":"status-publish","4":"has-post-thumbnail","6":"product_cat-linh-kien-boc-may","7":"product_cat-linh-kien-may-photocopy","8":"product_tag-ong-say-may-in-brother-2321-2701-boc-may","10":"first","11":"instock","12":"taxable","13":"shipping-taxable","14":"product-type-simple"},"_links":{"self":[{"href":"https:\/\/toangiamayvanphong.vn\/index.php?rest_route=\/wp\/v2\/product\/5112","targetHints":{"allow":["GET"]}}],"collection":[{"href":"https:\/\/toangiamayvanphong.vn\/index.php?rest_route=\/wp\/v2\/product"}],"about":[{"href":"https:\/\/toangiamayvanphong.vn\/index.php?rest_route=\/wp\/v2\/types\/product"}],"replies":[{"embeddable":true,"href":"https:\/\/toangiamayvanphong.vn\/index.php?rest_route=%2Fwp%2Fv2%2Fcomments&post=5112"}],"wp:featuredmedia":[{"embeddable":true,"href":"https:\/\/toangiamayvanphong.vn\/index.php?rest_route=\/wp\/v2\/media\/5113"}],"wp:attachment":[{"href":"https:\/\/toangiamayvanphong.vn\/index.php?rest_route=%2Fwp%2Fv2%2Fmedia&parent=5112"}],"wp:term":[{"taxonomy":"product_brand","embeddable":true,"href":"https:\/\/toangiamayvanphong.vn\/index.php?rest_route=%2Fwp%2Fv2%2Fproduct_brand&post=5112"},{"taxonomy":"product_cat","embeddable":true,"href":"https:\/\/toangiamayvanphong.vn\/index.php?rest_route=%2Fwp%2Fv2%2Fproduct_cat&post=5112"},{"taxonomy":"product_tag","embeddable":true,"href":"https:\/\/toangiamayvanphong.vn\/index.php?rest_route=%2Fwp%2Fv2%2Fproduct_tag&post=5112"}],"curies":[{"name":"wp","href":"https:\/\/api.w.org\/{rel}","templated":true}]}}