{"id":5241,"date":"2025-06-17T17:50:42","date_gmt":"2025-06-17T10:50:42","guid":{"rendered":"https:\/\/toangiamayvanphong.vn\/?post_type=product&#038;p=5241"},"modified":"2025-06-17T17:50:42","modified_gmt":"2025-06-17T10:50:42","slug":"vi-dieu-khien-motor-may-hp-1212-1132-boc-may","status":"publish","type":"product","link":"https:\/\/toangiamayvanphong.vn\/?product=vi-dieu-khien-motor-may-hp-1212-1132-boc-may","title":{"rendered":"V\u1ec9 \u0111i\u1ec1u khi\u1ec3n motor m\u00e1y Hp 1212 1132 ( b\u00f3c m\u00e1y)"},"content":{"rendered":"<p><span style=\"color: #000080; font-size: 150%;\"><strong>V\u1ec9 \u0111i\u1ec1u khi\u1ec3n motor m\u00e1y Hp 1212 1132 ( b\u00f3c m\u00e1y)<\/strong><\/span><\/p>\n","protected":false},"excerpt":{"rendered":"<p>V\u1ec9 \u0111i\u1ec1u khi\u1ec3n motor m\u00e1y Hp 1212 1132 ( b\u00f3c m\u00e1y)<\/p>\n","protected":false},"featured_media":5242,"comment_status":"open","ping_status":"closed","template":"","meta":[],"product_brand":[],"product_cat":[128],"product_tag":[1079],"class_list":{"0":"post-5241","1":"product","2":"type-product","3":"status-publish","4":"has-post-thumbnail","6":"product_cat-linh-kien-boc-may","7":"product_tag-vi-dieu-khien-motor-may-hp-1212-1132-boc-may","9":"first","10":"instock","11":"taxable","12":"shipping-taxable","13":"product-type-simple"},"_links":{"self":[{"href":"https:\/\/toangiamayvanphong.vn\/index.php?rest_route=\/wp\/v2\/product\/5241","targetHints":{"allow":["GET"]}}],"collection":[{"href":"https:\/\/toangiamayvanphong.vn\/index.php?rest_route=\/wp\/v2\/product"}],"about":[{"href":"https:\/\/toangiamayvanphong.vn\/index.php?rest_route=\/wp\/v2\/types\/product"}],"replies":[{"embeddable":true,"href":"https:\/\/toangiamayvanphong.vn\/index.php?rest_route=%2Fwp%2Fv2%2Fcomments&post=5241"}],"wp:featuredmedia":[{"embeddable":true,"href":"https:\/\/toangiamayvanphong.vn\/index.php?rest_route=\/wp\/v2\/media\/5242"}],"wp:attachment":[{"href":"https:\/\/toangiamayvanphong.vn\/index.php?rest_route=%2Fwp%2Fv2%2Fmedia&parent=5241"}],"wp:term":[{"taxonomy":"product_brand","embeddable":true,"href":"https:\/\/toangiamayvanphong.vn\/index.php?rest_route=%2Fwp%2Fv2%2Fproduct_brand&post=5241"},{"taxonomy":"product_cat","embeddable":true,"href":"https:\/\/toangiamayvanphong.vn\/index.php?rest_route=%2Fwp%2Fv2%2Fproduct_cat&post=5241"},{"taxonomy":"product_tag","embeddable":true,"href":"https:\/\/toangiamayvanphong.vn\/index.php?rest_route=%2Fwp%2Fv2%2Fproduct_tag&post=5241"}],"curies":[{"name":"wp","href":"https:\/\/api.w.org\/{rel}","templated":true}]}}