{"id":5495,"date":"2025-07-04T13:49:58","date_gmt":"2025-07-04T06:49:58","guid":{"rendered":"https:\/\/toangiamayvanphong.vn\/?post_type=product&#038;p=5495"},"modified":"2025-07-04T13:49:58","modified_gmt":"2025-07-04T06:49:58","slug":"truc-cuon-may-xerox-3105-boc-may-nhu-hinh","status":"publish","type":"product","link":"https:\/\/toangiamayvanphong.vn\/?product=truc-cuon-may-xerox-3105-boc-may-nhu-hinh","title":{"rendered":"Tr\u1ee5c cu\u1ed1n m\u00e1y Xerox 3105 ( b\u00f3c m\u00e1y. Nh\u01b0 h\u00ecnh)"},"content":{"rendered":"<p><span style=\"color: #000080; font-size: 150%;\"><strong>Tr\u1ee5c cu\u1ed1n m\u00e1y Xerox 3105 ( b\u00f3c m\u00e1y. Nh\u01b0 h\u00ecnh)<\/strong><\/span><\/p>\n","protected":false},"excerpt":{"rendered":"<p>Tr\u1ee5c cu\u1ed1n m\u00e1y Xerox 3105 ( b\u00f3c m\u00e1y. Nh\u01b0 h\u00ecnh)<\/p>\n","protected":false},"featured_media":5496,"comment_status":"open","ping_status":"closed","template":"","meta":[],"product_brand":[],"product_cat":[128],"product_tag":[1150],"class_list":{"0":"post-5495","1":"product","2":"type-product","3":"status-publish","4":"has-post-thumbnail","6":"product_cat-linh-kien-boc-may","7":"product_tag-truc-cuon-may-xerox-3105-boc-may-nhu-hinh","9":"first","10":"instock","11":"taxable","12":"shipping-taxable","13":"product-type-simple"},"_links":{"self":[{"href":"https:\/\/toangiamayvanphong.vn\/index.php?rest_route=\/wp\/v2\/product\/5495","targetHints":{"allow":["GET"]}}],"collection":[{"href":"https:\/\/toangiamayvanphong.vn\/index.php?rest_route=\/wp\/v2\/product"}],"about":[{"href":"https:\/\/toangiamayvanphong.vn\/index.php?rest_route=\/wp\/v2\/types\/product"}],"replies":[{"embeddable":true,"href":"https:\/\/toangiamayvanphong.vn\/index.php?rest_route=%2Fwp%2Fv2%2Fcomments&post=5495"}],"wp:featuredmedia":[{"embeddable":true,"href":"https:\/\/toangiamayvanphong.vn\/index.php?rest_route=\/wp\/v2\/media\/5496"}],"wp:attachment":[{"href":"https:\/\/toangiamayvanphong.vn\/index.php?rest_route=%2Fwp%2Fv2%2Fmedia&parent=5495"}],"wp:term":[{"taxonomy":"product_brand","embeddable":true,"href":"https:\/\/toangiamayvanphong.vn\/index.php?rest_route=%2Fwp%2Fv2%2Fproduct_brand&post=5495"},{"taxonomy":"product_cat","embeddable":true,"href":"https:\/\/toangiamayvanphong.vn\/index.php?rest_route=%2Fwp%2Fv2%2Fproduct_cat&post=5495"},{"taxonomy":"product_tag","embeddable":true,"href":"https:\/\/toangiamayvanphong.vn\/index.php?rest_route=%2Fwp%2Fv2%2Fproduct_tag&post=5495"}],"curies":[{"name":"wp","href":"https:\/\/api.w.org\/{rel}","templated":true}]}}