{"id":5763,"date":"2025-08-06T18:23:34","date_gmt":"2025-08-06T11:23:34","guid":{"rendered":"https:\/\/toangiamayvanphong.vn\/?post_type=product&#038;p=5763"},"modified":"2026-04-26T18:04:13","modified_gmt":"2026-04-26T11:04:13","slug":"day-cap-hdmi-high-speed-rimax-dai-20m-new","status":"publish","type":"product","link":"https:\/\/toangiamayvanphong.vn\/?product=day-cap-hdmi-high-speed-rimax-dai-20m-new","title":{"rendered":"D\u00e2y c\u00e1p HDMI high speed RIMAX d\u00e0i 20m ( new)."},"content":{"rendered":"<p><span style=\"color: #0000ff; font-size: 150%;\"><strong>D\u00e2y c\u00e1p HDMI high speed RIMAX d\u00e0i 20m ( new).<\/strong><\/span><\/p>\n","protected":false},"excerpt":{"rendered":"<p>D\u00e2y c\u00e1p HDMI high speed RIMAX d\u00e0i 20m ( new).<\/p>\n","protected":false},"featured_media":5764,"comment_status":"open","ping_status":"closed","template":"","meta":[],"product_brand":[],"product_cat":[128],"product_tag":[1206],"class_list":{"0":"post-5763","1":"product","2":"type-product","3":"status-publish","4":"has-post-thumbnail","6":"product_cat-linh-kien-boc-may","7":"product_tag-day-cap-hdmi-high-speed-rimax-dai-20m-new","9":"first","10":"instock","11":"taxable","12":"shipping-taxable","13":"product-type-simple"},"_links":{"self":[{"href":"https:\/\/toangiamayvanphong.vn\/index.php?rest_route=\/wp\/v2\/product\/5763","targetHints":{"allow":["GET"]}}],"collection":[{"href":"https:\/\/toangiamayvanphong.vn\/index.php?rest_route=\/wp\/v2\/product"}],"about":[{"href":"https:\/\/toangiamayvanphong.vn\/index.php?rest_route=\/wp\/v2\/types\/product"}],"replies":[{"embeddable":true,"href":"https:\/\/toangiamayvanphong.vn\/index.php?rest_route=%2Fwp%2Fv2%2Fcomments&post=5763"}],"wp:featuredmedia":[{"embeddable":true,"href":"https:\/\/toangiamayvanphong.vn\/index.php?rest_route=\/wp\/v2\/media\/5764"}],"wp:attachment":[{"href":"https:\/\/toangiamayvanphong.vn\/index.php?rest_route=%2Fwp%2Fv2%2Fmedia&parent=5763"}],"wp:term":[{"taxonomy":"product_brand","embeddable":true,"href":"https:\/\/toangiamayvanphong.vn\/index.php?rest_route=%2Fwp%2Fv2%2Fproduct_brand&post=5763"},{"taxonomy":"product_cat","embeddable":true,"href":"https:\/\/toangiamayvanphong.vn\/index.php?rest_route=%2Fwp%2Fv2%2Fproduct_cat&post=5763"},{"taxonomy":"product_tag","embeddable":true,"href":"https:\/\/toangiamayvanphong.vn\/index.php?rest_route=%2Fwp%2Fv2%2Fproduct_tag&post=5763"}],"curies":[{"name":"wp","href":"https:\/\/api.w.org\/{rel}","templated":true}]}}