{"id":5825,"date":"2025-08-26T14:53:27","date_gmt":"2025-08-26T07:53:27","guid":{"rendered":"https:\/\/toangiamayvanphong.vn\/?post_type=product&#038;p=5825"},"modified":"2025-08-26T14:53:27","modified_gmt":"2025-08-26T07:53:27","slug":"truc-cuon-giay-may-hp2035-2055-boc-may-2","status":"publish","type":"product","link":"https:\/\/toangiamayvanphong.vn\/?product=truc-cuon-giay-may-hp2035-2055-boc-may-2","title":{"rendered":"Tr\u1ee5c cu\u1ed1n gi\u1ea5y m\u00e1y HP2035 2055 ( b\u00f3c m\u00e1y)"},"content":{"rendered":"<p><span style=\"color: #0000ff; font-size: 150%;\"><strong>Tr\u1ee5c cu\u1ed1n gi\u1ea5y m\u00e1y HP2035 2055 ( b\u00f3c m\u00e1y) <\/strong><\/span><\/p>\n","protected":false},"excerpt":{"rendered":"<p>Tr\u1ee5c cu\u1ed1n gi\u1ea5y m\u00e1y HP2035 2055 ( b\u00f3c m\u00e1y)<\/p>\n","protected":false},"featured_media":5822,"comment_status":"open","ping_status":"closed","template":"","meta":[],"product_brand":[],"product_cat":[128],"product_tag":[1219],"class_list":{"0":"post-5825","1":"product","2":"type-product","3":"status-publish","4":"has-post-thumbnail","6":"product_cat-linh-kien-boc-may","7":"product_tag-truc-cuon-giay-may-hp2035-2055-boc-may","9":"first","10":"instock","11":"taxable","12":"shipping-taxable","13":"product-type-simple"},"_links":{"self":[{"href":"https:\/\/toangiamayvanphong.vn\/index.php?rest_route=\/wp\/v2\/product\/5825","targetHints":{"allow":["GET"]}}],"collection":[{"href":"https:\/\/toangiamayvanphong.vn\/index.php?rest_route=\/wp\/v2\/product"}],"about":[{"href":"https:\/\/toangiamayvanphong.vn\/index.php?rest_route=\/wp\/v2\/types\/product"}],"replies":[{"embeddable":true,"href":"https:\/\/toangiamayvanphong.vn\/index.php?rest_route=%2Fwp%2Fv2%2Fcomments&post=5825"}],"wp:featuredmedia":[{"embeddable":true,"href":"https:\/\/toangiamayvanphong.vn\/index.php?rest_route=\/wp\/v2\/media\/5822"}],"wp:attachment":[{"href":"https:\/\/toangiamayvanphong.vn\/index.php?rest_route=%2Fwp%2Fv2%2Fmedia&parent=5825"}],"wp:term":[{"taxonomy":"product_brand","embeddable":true,"href":"https:\/\/toangiamayvanphong.vn\/index.php?rest_route=%2Fwp%2Fv2%2Fproduct_brand&post=5825"},{"taxonomy":"product_cat","embeddable":true,"href":"https:\/\/toangiamayvanphong.vn\/index.php?rest_route=%2Fwp%2Fv2%2Fproduct_cat&post=5825"},{"taxonomy":"product_tag","embeddable":true,"href":"https:\/\/toangiamayvanphong.vn\/index.php?rest_route=%2Fwp%2Fv2%2Fproduct_tag&post=5825"}],"curies":[{"name":"wp","href":"https:\/\/api.w.org\/{rel}","templated":true}]}}