{"id":5855,"date":"2025-08-26T15:22:59","date_gmt":"2025-08-26T08:22:59","guid":{"rendered":"https:\/\/toangiamayvanphong.vn\/?post_type=product&#038;p=5855"},"modified":"2025-08-26T15:22:59","modified_gmt":"2025-08-26T08:22:59","slug":"main-nguon-may-hp-2014-2015-boc-may","status":"publish","type":"product","link":"https:\/\/toangiamayvanphong.vn\/?product=main-nguon-may-hp-2014-2015-boc-may","title":{"rendered":"Main ngu\u1ed3n m\u00e1y HP 2014 2015 ( b\u00f3c m\u00e1y)."},"content":{"rendered":"<p><span style=\"color: #0000ff; font-size: 150%;\"><strong>Main ngu\u1ed3n m\u00e1y HP 2014 2015 ( b\u00f3c m\u00e1y).<\/strong><\/span><\/p>\n","protected":false},"excerpt":{"rendered":"<p>Main ngu\u1ed3n m\u00e1y HP 2014 2015 ( b\u00f3c m\u00e1y).<\/p>\n","protected":false},"featured_media":5856,"comment_status":"open","ping_status":"closed","template":"","meta":[],"product_brand":[],"product_cat":[128],"product_tag":[1226],"class_list":{"0":"post-5855","1":"product","2":"type-product","3":"status-publish","4":"has-post-thumbnail","6":"product_cat-linh-kien-boc-may","7":"product_tag-main-nguon-may-hp-2014-2015-boc-may","9":"first","10":"instock","11":"taxable","12":"shipping-taxable","13":"product-type-simple"},"_links":{"self":[{"href":"https:\/\/toangiamayvanphong.vn\/index.php?rest_route=\/wp\/v2\/product\/5855","targetHints":{"allow":["GET"]}}],"collection":[{"href":"https:\/\/toangiamayvanphong.vn\/index.php?rest_route=\/wp\/v2\/product"}],"about":[{"href":"https:\/\/toangiamayvanphong.vn\/index.php?rest_route=\/wp\/v2\/types\/product"}],"replies":[{"embeddable":true,"href":"https:\/\/toangiamayvanphong.vn\/index.php?rest_route=%2Fwp%2Fv2%2Fcomments&post=5855"}],"wp:featuredmedia":[{"embeddable":true,"href":"https:\/\/toangiamayvanphong.vn\/index.php?rest_route=\/wp\/v2\/media\/5856"}],"wp:attachment":[{"href":"https:\/\/toangiamayvanphong.vn\/index.php?rest_route=%2Fwp%2Fv2%2Fmedia&parent=5855"}],"wp:term":[{"taxonomy":"product_brand","embeddable":true,"href":"https:\/\/toangiamayvanphong.vn\/index.php?rest_route=%2Fwp%2Fv2%2Fproduct_brand&post=5855"},{"taxonomy":"product_cat","embeddable":true,"href":"https:\/\/toangiamayvanphong.vn\/index.php?rest_route=%2Fwp%2Fv2%2Fproduct_cat&post=5855"},{"taxonomy":"product_tag","embeddable":true,"href":"https:\/\/toangiamayvanphong.vn\/index.php?rest_route=%2Fwp%2Fv2%2Fproduct_tag&post=5855"}],"curies":[{"name":"wp","href":"https:\/\/api.w.org\/{rel}","templated":true}]}}