{"id":5987,"date":"2025-09-22T16:05:39","date_gmt":"2025-09-22T09:05:39","guid":{"rendered":"https:\/\/toangiamayvanphong.vn\/?post_type=product&#038;p=5987"},"modified":"2025-09-22T16:05:40","modified_gmt":"2025-09-22T09:05:40","slug":"vo-2-ben-hong-may-in-canon-3300-boc-may","status":"publish","type":"product","link":"https:\/\/toangiamayvanphong.vn\/?product=vo-2-ben-hong-may-in-canon-3300-boc-may","title":{"rendered":"V\u1ecf. 2 b\u00ean h\u00f4ng m\u00e1y in Canon 3300 ( b\u00f3c m\u00e1y)"},"content":{"rendered":"<p><span style=\"color: #0000ff; font-size: 140%;\"><strong>V\u1ecf. 2 b\u00ean h\u00f4ng m\u00e1y in Canon 3300 ( b\u00f3c m\u00e1y)<\/strong><\/span><\/p>\n","protected":false},"excerpt":{"rendered":"<p>V\u1ecf. 2 b\u00ean h\u00f4ng m\u00e1y in Canon 3300 ( b\u00f3c m\u00e1y)<\/p>\n","protected":false},"featured_media":5989,"comment_status":"open","ping_status":"closed","template":"","meta":[],"product_brand":[],"product_cat":[128],"product_tag":[1254],"class_list":{"0":"post-5987","1":"product","2":"type-product","3":"status-publish","4":"has-post-thumbnail","6":"product_cat-linh-kien-boc-may","7":"product_tag-vo-2-ben-hong-may-in-canon-3300-boc-may","9":"first","10":"instock","11":"taxable","12":"shipping-taxable","13":"product-type-simple"},"_links":{"self":[{"href":"https:\/\/toangiamayvanphong.vn\/index.php?rest_route=\/wp\/v2\/product\/5987","targetHints":{"allow":["GET"]}}],"collection":[{"href":"https:\/\/toangiamayvanphong.vn\/index.php?rest_route=\/wp\/v2\/product"}],"about":[{"href":"https:\/\/toangiamayvanphong.vn\/index.php?rest_route=\/wp\/v2\/types\/product"}],"replies":[{"embeddable":true,"href":"https:\/\/toangiamayvanphong.vn\/index.php?rest_route=%2Fwp%2Fv2%2Fcomments&post=5987"}],"wp:featuredmedia":[{"embeddable":true,"href":"https:\/\/toangiamayvanphong.vn\/index.php?rest_route=\/wp\/v2\/media\/5989"}],"wp:attachment":[{"href":"https:\/\/toangiamayvanphong.vn\/index.php?rest_route=%2Fwp%2Fv2%2Fmedia&parent=5987"}],"wp:term":[{"taxonomy":"product_brand","embeddable":true,"href":"https:\/\/toangiamayvanphong.vn\/index.php?rest_route=%2Fwp%2Fv2%2Fproduct_brand&post=5987"},{"taxonomy":"product_cat","embeddable":true,"href":"https:\/\/toangiamayvanphong.vn\/index.php?rest_route=%2Fwp%2Fv2%2Fproduct_cat&post=5987"},{"taxonomy":"product_tag","embeddable":true,"href":"https:\/\/toangiamayvanphong.vn\/index.php?rest_route=%2Fwp%2Fv2%2Fproduct_tag&post=5987"}],"curies":[{"name":"wp","href":"https:\/\/api.w.org\/{rel}","templated":true}]}}