{"id":5992,"date":"2025-09-23T09:44:57","date_gmt":"2025-09-23T02:44:57","guid":{"rendered":"https:\/\/toangiamayvanphong.vn\/?post_type=product&#038;p=5992"},"modified":"2025-09-23T09:44:57","modified_gmt":"2025-09-23T02:44:57","slug":"vo-cua-truoc-may-canon-3300-boc-may","status":"publish","type":"product","link":"https:\/\/toangiamayvanphong.vn\/?product=vo-cua-truoc-may-canon-3300-boc-may","title":{"rendered":"V\u1ecf. C\u1eeda tr\u01b0\u1edbc m\u00e1y canon 3300 ( b\u00f3c m\u00e1y)."},"content":{"rendered":"<p><span style=\"color: #0000ff; font-size: 150%;\"><strong>V\u1ecf. C\u1eeda tr\u01b0\u1edbc m\u00e1y canon 3300 ( b\u00f3c m\u00e1y).<\/strong><\/span><\/p>\n","protected":false},"excerpt":{"rendered":"<p>V\u1ecf. C\u1eeda tr\u01b0\u1edbc m\u00e1y canon 3300 ( b\u00f3c m\u00e1y).<\/p>\n","protected":false},"featured_media":5993,"comment_status":"open","ping_status":"closed","template":"","meta":[],"product_brand":[],"product_cat":[128],"product_tag":[1256],"class_list":{"0":"post-5992","1":"product","2":"type-product","3":"status-publish","4":"has-post-thumbnail","6":"product_cat-linh-kien-boc-may","7":"product_tag-vo-cua-truoc-may-canon-3300-boc-may","9":"first","10":"instock","11":"taxable","12":"shipping-taxable","13":"product-type-simple"},"_links":{"self":[{"href":"https:\/\/toangiamayvanphong.vn\/index.php?rest_route=\/wp\/v2\/product\/5992","targetHints":{"allow":["GET"]}}],"collection":[{"href":"https:\/\/toangiamayvanphong.vn\/index.php?rest_route=\/wp\/v2\/product"}],"about":[{"href":"https:\/\/toangiamayvanphong.vn\/index.php?rest_route=\/wp\/v2\/types\/product"}],"replies":[{"embeddable":true,"href":"https:\/\/toangiamayvanphong.vn\/index.php?rest_route=%2Fwp%2Fv2%2Fcomments&post=5992"}],"wp:featuredmedia":[{"embeddable":true,"href":"https:\/\/toangiamayvanphong.vn\/index.php?rest_route=\/wp\/v2\/media\/5993"}],"wp:attachment":[{"href":"https:\/\/toangiamayvanphong.vn\/index.php?rest_route=%2Fwp%2Fv2%2Fmedia&parent=5992"}],"wp:term":[{"taxonomy":"product_brand","embeddable":true,"href":"https:\/\/toangiamayvanphong.vn\/index.php?rest_route=%2Fwp%2Fv2%2Fproduct_brand&post=5992"},{"taxonomy":"product_cat","embeddable":true,"href":"https:\/\/toangiamayvanphong.vn\/index.php?rest_route=%2Fwp%2Fv2%2Fproduct_cat&post=5992"},{"taxonomy":"product_tag","embeddable":true,"href":"https:\/\/toangiamayvanphong.vn\/index.php?rest_route=%2Fwp%2Fv2%2Fproduct_tag&post=5992"}],"curies":[{"name":"wp","href":"https:\/\/api.w.org\/{rel}","templated":true}]}}