{"id":6121,"date":"2025-10-06T17:07:58","date_gmt":"2025-10-06T10:07:58","guid":{"rendered":"https:\/\/toangiamayvanphong.vn\/?post_type=product&#038;p=6121"},"modified":"2025-10-06T17:07:58","modified_gmt":"2025-10-06T10:07:58","slug":"nap-dit-dao-mat-may-hp-1320-boc-may","status":"publish","type":"product","link":"https:\/\/toangiamayvanphong.vn\/?product=nap-dit-dao-mat-may-hp-1320-boc-may","title":{"rendered":"N\u1eafp \u0111\u00edt \u0111\u1ea3o m\u1eb7t m\u00e1y HP 1320 ( b\u00f3c m\u00e1y)"},"content":{"rendered":"<p><span style=\"font-size: 150%;\"><strong>N\u1eafp \u0111\u00edt \u0111\u1ea3o m\u1eb7t m\u00e1y HP 1320 ( b\u00f3c m\u00e1y)<\/strong><\/span><\/p>\n","protected":false},"excerpt":{"rendered":"<p>N\u1eafp \u0111\u00edt \u0111\u1ea3o m\u1eb7t m\u00e1y HP 1320 ( b\u00f3c m\u00e1y)<\/p>\n","protected":false},"featured_media":6122,"comment_status":"open","ping_status":"closed","template":"","meta":[],"product_brand":[],"product_cat":[128],"product_tag":[1284],"class_list":{"0":"post-6121","1":"product","2":"type-product","3":"status-publish","4":"has-post-thumbnail","6":"product_cat-linh-kien-boc-may","7":"product_tag-nap-dit-dao-mat-may-hp-1320-boc-may","9":"first","10":"instock","11":"taxable","12":"shipping-taxable","13":"product-type-simple"},"_links":{"self":[{"href":"https:\/\/toangiamayvanphong.vn\/index.php?rest_route=\/wp\/v2\/product\/6121","targetHints":{"allow":["GET"]}}],"collection":[{"href":"https:\/\/toangiamayvanphong.vn\/index.php?rest_route=\/wp\/v2\/product"}],"about":[{"href":"https:\/\/toangiamayvanphong.vn\/index.php?rest_route=\/wp\/v2\/types\/product"}],"replies":[{"embeddable":true,"href":"https:\/\/toangiamayvanphong.vn\/index.php?rest_route=%2Fwp%2Fv2%2Fcomments&post=6121"}],"wp:featuredmedia":[{"embeddable":true,"href":"https:\/\/toangiamayvanphong.vn\/index.php?rest_route=\/wp\/v2\/media\/6122"}],"wp:attachment":[{"href":"https:\/\/toangiamayvanphong.vn\/index.php?rest_route=%2Fwp%2Fv2%2Fmedia&parent=6121"}],"wp:term":[{"taxonomy":"product_brand","embeddable":true,"href":"https:\/\/toangiamayvanphong.vn\/index.php?rest_route=%2Fwp%2Fv2%2Fproduct_brand&post=6121"},{"taxonomy":"product_cat","embeddable":true,"href":"https:\/\/toangiamayvanphong.vn\/index.php?rest_route=%2Fwp%2Fv2%2Fproduct_cat&post=6121"},{"taxonomy":"product_tag","embeddable":true,"href":"https:\/\/toangiamayvanphong.vn\/index.php?rest_route=%2Fwp%2Fv2%2Fproduct_tag&post=6121"}],"curies":[{"name":"wp","href":"https:\/\/api.w.org\/{rel}","templated":true}]}}